{"id":8088,"date":"2022-07-10T14:44:35","date_gmt":"2022-07-10T11:44:35","guid":{"rendered":"https:\/\/www.kinsternahotel.gr\/estate\/our-land\/"},"modified":"2022-12-21T09:23:58","modified_gmt":"2022-12-21T07:23:58","slug":"our-land","status":"publish","type":"page","link":"https:\/\/www.kinsternahotel.gr\/fr\/estate\/our-land\/","title":{"rendered":"Nos terres"},"content":{"rendered":"\n<p>Embrass\u00e9e par d&rsquo;anciens vignobles, des oliveraies et des jardins verdoyants, notre terre rena\u00eet gr\u00e2ce \u00e0 une philosophie d&rsquo;hospitalit\u00e9 inspir\u00e9e par l&rsquo;histoire et la tradition, tout en restant profond\u00e9ment li\u00e9e \u00e0 la nature qui l&rsquo;entoure.<\/p>\n","protected":false},"excerpt":{"rendered":"<p>Embrass\u00e9e par d&rsquo;anciens vignobles, des oliveraies et des jardins verdoyants, notre terre rena\u00eet gr\u00e2ce \u00e0 une philosophie d&rsquo;hospitalit\u00e9 inspir\u00e9e par l&rsquo;histoire et la tradition, tout en restant profond\u00e9ment li\u00e9e \u00e0 la nature qui l&rsquo;entoure.<\/p>\n","protected":false},"author":326,"featured_media":11772,"parent":7202,"menu_order":0,"comment_status":"closed","ping_status":"closed","template":"page-templates\/simple-list.php","meta":{"_acf_changed":false,"footnotes":""},"class_list":["post-8088","page","type-page","status-publish","has-post-thumbnail","hentry"],"acf":[],"yoast_head":"<!-- This site is optimized with the Yoast SEO plugin v27.4 - https:\/\/yoast.com\/product\/yoast-seo-wordpress\/ -->\n<title>Nos terres - Kinsterna Hotel<\/title>\n<meta name=\"robots\" content=\"index, follow, max-snippet:-1, max-image-preview:large, max-video-preview:-1\" \/>\n<link rel=\"canonical\" href=\"https:\/\/www.kinsternahotel.gr\/fr\/estate\/our-land\/\" \/>\n<meta property=\"og:locale\" content=\"fr_FR\" \/>\n<meta property=\"og:type\" content=\"article\" \/>\n<meta property=\"og:title\" content=\"Nos terres - Kinsterna Hotel\" \/>\n<meta property=\"og:description\" content=\"Embrass\u00e9e par d&rsquo;anciens vignobles, des oliveraies et des jardins verdoyants, notre terre rena\u00eet gr\u00e2ce \u00e0 une philosophie d&rsquo;hospitalit\u00e9 inspir\u00e9e par l&rsquo;histoire et la tradition, tout en restant profond\u00e9ment li\u00e9e \u00e0 la nature qui l&rsquo;entoure.\" \/>\n<meta property=\"og:url\" content=\"https:\/\/www.kinsternahotel.gr\/fr\/estate\/our-land\/\" \/>\n<meta property=\"og:site_name\" content=\"Kinsterna Hotel\" \/>\n<meta property=\"article:modified_time\" content=\"2022-12-21T07:23:58+00:00\" \/>\n<meta property=\"og:image\" content=\"https:\/\/www.kinsternahotel.gr\/app\/uploads\/sites\/101\/2022\/07\/kinsterna-story3.jpg\" \/>\n\t<meta property=\"og:image:width\" content=\"1920\" \/>\n\t<meta property=\"og:image:height\" content=\"824\" \/>\n\t<meta property=\"og:image:type\" content=\"image\/jpeg\" \/>\n<meta name=\"twitter:card\" content=\"summary_large_image\" \/>\n<meta name=\"twitter:label1\" content=\"Dur\u00e9e de lecture estim\u00e9e\" \/>\n\t<meta name=\"twitter:data1\" content=\"1 minute\" \/>\n<script type=\"application\/ld+json\" class=\"yoast-schema-graph\">{\"@context\":\"https:\\\/\\\/schema.org\",\"@graph\":[{\"@type\":\"WebPage\",\"@id\":\"https:\\\/\\\/www.kinsternahotel.gr\\\/fr\\\/estate\\\/our-land\\\/\",\"url\":\"https:\\\/\\\/www.kinsternahotel.gr\\\/fr\\\/estate\\\/our-land\\\/\",\"name\":\"Nos terres - Kinsterna Hotel\",\"isPartOf\":{\"@id\":\"https:\\\/\\\/www.kinsternahotel.gr\\\/fr\\\/#website\"},\"primaryImageOfPage\":{\"@id\":\"https:\\\/\\\/www.kinsternahotel.gr\\\/fr\\\/estate\\\/our-land\\\/#primaryimage\"},\"image\":{\"@id\":\"https:\\\/\\\/www.kinsternahotel.gr\\\/fr\\\/estate\\\/our-land\\\/#primaryimage\"},\"thumbnailUrl\":\"https:\\\/\\\/www.kinsternahotel.gr\\\/app\\\/uploads\\\/sites\\\/101\\\/2024\\\/06\\\/Farm-to-table-at-Kinsterna-1-scaled.jpg\",\"datePublished\":\"2022-07-10T11:44:35+00:00\",\"dateModified\":\"2022-12-21T07:23:58+00:00\",\"breadcrumb\":{\"@id\":\"https:\\\/\\\/www.kinsternahotel.gr\\\/fr\\\/estate\\\/our-land\\\/#breadcrumb\"},\"inLanguage\":\"fr-FR\",\"potentialAction\":[{\"@type\":\"ReadAction\",\"target\":[\"https:\\\/\\\/www.kinsternahotel.gr\\\/fr\\\/estate\\\/our-land\\\/\"]}]},{\"@type\":\"ImageObject\",\"inLanguage\":\"fr-FR\",\"@id\":\"https:\\\/\\\/www.kinsternahotel.gr\\\/fr\\\/estate\\\/our-land\\\/#primaryimage\",\"url\":\"https:\\\/\\\/www.kinsternahotel.gr\\\/app\\\/uploads\\\/sites\\\/101\\\/2024\\\/06\\\/Farm-to-table-at-Kinsterna-1-scaled.jpg\",\"contentUrl\":\"https:\\\/\\\/www.kinsternahotel.gr\\\/app\\\/uploads\\\/sites\\\/101\\\/2024\\\/06\\\/Farm-to-table-at-Kinsterna-1-scaled.jpg\",\"width\":2560,\"height\":1707},{\"@type\":\"BreadcrumbList\",\"@id\":\"https:\\\/\\\/www.kinsternahotel.gr\\\/fr\\\/estate\\\/our-land\\\/#breadcrumb\",\"itemListElement\":[{\"@type\":\"ListItem\",\"position\":1,\"name\":\"Home\",\"item\":\"https:\\\/\\\/www.kinsternahotel.gr\\\/fr\\\/\"},{\"@type\":\"ListItem\",\"position\":2,\"name\":\"Estate\",\"item\":\"https:\\\/\\\/www.kinsternahotel.gr\\\/fr\\\/estate\\\/\"},{\"@type\":\"ListItem\",\"position\":3,\"name\":\"Nos terres\"}]},{\"@type\":\"WebSite\",\"@id\":\"https:\\\/\\\/www.kinsternahotel.gr\\\/fr\\\/#website\",\"url\":\"https:\\\/\\\/www.kinsternahotel.gr\\\/fr\\\/\",\"name\":\"Kinsterna Hotel\",\"description\":\"Kinsterna Hotel, a luxury 5 star hotel located in Monemvasia Greece, the legendary medieval castle city of Peloponnese.\",\"potentialAction\":[{\"@type\":\"SearchAction\",\"target\":{\"@type\":\"EntryPoint\",\"urlTemplate\":\"https:\\\/\\\/www.kinsternahotel.gr\\\/fr\\\/?s={search_term_string}\"},\"query-input\":{\"@type\":\"PropertyValueSpecification\",\"valueRequired\":true,\"valueName\":\"search_term_string\"}}],\"inLanguage\":\"fr-FR\"}]}<\/script>\n<!-- \/ Yoast SEO plugin. -->","yoast_head_json":{"title":"Nos terres - Kinsterna Hotel","robots":{"index":"index","follow":"follow","max-snippet":"max-snippet:-1","max-image-preview":"max-image-preview:large","max-video-preview":"max-video-preview:-1"},"canonical":"https:\/\/www.kinsternahotel.gr\/fr\/estate\/our-land\/","og_locale":"fr_FR","og_type":"article","og_title":"Nos terres - Kinsterna Hotel","og_description":"Embrass\u00e9e par d&rsquo;anciens vignobles, des oliveraies et des jardins verdoyants, notre terre rena\u00eet gr\u00e2ce \u00e0 une philosophie d&rsquo;hospitalit\u00e9 inspir\u00e9e par l&rsquo;histoire et la tradition, tout en restant profond\u00e9ment li\u00e9e \u00e0 la nature qui l&rsquo;entoure.","og_url":"https:\/\/www.kinsternahotel.gr\/fr\/estate\/our-land\/","og_site_name":"Kinsterna Hotel","article_modified_time":"2022-12-21T07:23:58+00:00","og_image":[{"width":1920,"height":824,"url":"https:\/\/www.kinsternahotel.gr\/app\/uploads\/sites\/101\/2022\/07\/kinsterna-story3.jpg","type":"image\/jpeg"}],"twitter_card":"summary_large_image","twitter_misc":{"Dur\u00e9e de lecture estim\u00e9e":"1 minute"},"schema":{"@context":"https:\/\/schema.org","@graph":[{"@type":"WebPage","@id":"https:\/\/www.kinsternahotel.gr\/fr\/estate\/our-land\/","url":"https:\/\/www.kinsternahotel.gr\/fr\/estate\/our-land\/","name":"Nos terres - Kinsterna Hotel","isPartOf":{"@id":"https:\/\/www.kinsternahotel.gr\/fr\/#website"},"primaryImageOfPage":{"@id":"https:\/\/www.kinsternahotel.gr\/fr\/estate\/our-land\/#primaryimage"},"image":{"@id":"https:\/\/www.kinsternahotel.gr\/fr\/estate\/our-land\/#primaryimage"},"thumbnailUrl":"https:\/\/www.kinsternahotel.gr\/app\/uploads\/sites\/101\/2024\/06\/Farm-to-table-at-Kinsterna-1-scaled.jpg","datePublished":"2022-07-10T11:44:35+00:00","dateModified":"2022-12-21T07:23:58+00:00","breadcrumb":{"@id":"https:\/\/www.kinsternahotel.gr\/fr\/estate\/our-land\/#breadcrumb"},"inLanguage":"fr-FR","potentialAction":[{"@type":"ReadAction","target":["https:\/\/www.kinsternahotel.gr\/fr\/estate\/our-land\/"]}]},{"@type":"ImageObject","inLanguage":"fr-FR","@id":"https:\/\/www.kinsternahotel.gr\/fr\/estate\/our-land\/#primaryimage","url":"https:\/\/www.kinsternahotel.gr\/app\/uploads\/sites\/101\/2024\/06\/Farm-to-table-at-Kinsterna-1-scaled.jpg","contentUrl":"https:\/\/www.kinsternahotel.gr\/app\/uploads\/sites\/101\/2024\/06\/Farm-to-table-at-Kinsterna-1-scaled.jpg","width":2560,"height":1707},{"@type":"BreadcrumbList","@id":"https:\/\/www.kinsternahotel.gr\/fr\/estate\/our-land\/#breadcrumb","itemListElement":[{"@type":"ListItem","position":1,"name":"Home","item":"https:\/\/www.kinsternahotel.gr\/fr\/"},{"@type":"ListItem","position":2,"name":"Estate","item":"https:\/\/www.kinsternahotel.gr\/fr\/estate\/"},{"@type":"ListItem","position":3,"name":"Nos terres"}]},{"@type":"WebSite","@id":"https:\/\/www.kinsternahotel.gr\/fr\/#website","url":"https:\/\/www.kinsternahotel.gr\/fr\/","name":"Kinsterna Hotel","description":"Kinsterna Hotel, a luxury 5 star hotel located in Monemvasia Greece, the legendary medieval castle city of Peloponnese.","potentialAction":[{"@type":"SearchAction","target":{"@type":"EntryPoint","urlTemplate":"https:\/\/www.kinsternahotel.gr\/fr\/?s={search_term_string}"},"query-input":{"@type":"PropertyValueSpecification","valueRequired":true,"valueName":"search_term_string"}}],"inLanguage":"fr-FR"}]}},"_links":{"self":[{"href":"https:\/\/www.kinsternahotel.gr\/fr\/wp-json\/wp\/v2\/pages\/8088","targetHints":{"allow":["GET"]}}],"collection":[{"href":"https:\/\/www.kinsternahotel.gr\/fr\/wp-json\/wp\/v2\/pages"}],"about":[{"href":"https:\/\/www.kinsternahotel.gr\/fr\/wp-json\/wp\/v2\/types\/page"}],"author":[{"embeddable":true,"href":"https:\/\/www.kinsternahotel.gr\/fr\/wp-json\/wp\/v2\/users\/326"}],"replies":[{"embeddable":true,"href":"https:\/\/www.kinsternahotel.gr\/fr\/wp-json\/wp\/v2\/comments?post=8088"}],"version-history":[{"count":3,"href":"https:\/\/www.kinsternahotel.gr\/fr\/wp-json\/wp\/v2\/pages\/8088\/revisions"}],"predecessor-version":[{"id":8102,"href":"https:\/\/www.kinsternahotel.gr\/fr\/wp-json\/wp\/v2\/pages\/8088\/revisions\/8102"}],"up":[{"embeddable":true,"href":"https:\/\/www.kinsternahotel.gr\/fr\/wp-json\/wp\/v2\/pages\/7202"}],"wp:featuredmedia":[{"embeddable":true,"href":"https:\/\/www.kinsternahotel.gr\/fr\/wp-json\/wp\/v2\/media\/11772"}],"wp:attachment":[{"href":"https:\/\/www.kinsternahotel.gr\/fr\/wp-json\/wp\/v2\/media?parent=8088"}],"curies":[{"name":"wp","href":"https:\/\/api.w.org\/{rel}","templated":true}]}}