{"id":7326,"date":"2022-06-30T09:03:25","date_gmt":"2022-06-30T06:03:25","guid":{"rendered":"https:\/\/www.kinsternahotel.gr\/safety-plan\/energy-plan\/"},"modified":"2022-12-07T09:16:17","modified_gmt":"2022-12-07T07:16:17","slug":"energy-plan","status":"publish","type":"page","link":"https:\/\/www.kinsternahotel.gr\/fr\/safety-plan\/energy-plan\/","title":{"rendered":"Plan \u00e9nerg\u00e9tique"},"content":{"rendered":"\n<p>Conscients que nous sommes au milieu d&rsquo;une crise mondiale de l&rsquo;\u00e9nergie et de l&rsquo;environnement,<br>nous visons des processus d&rsquo;\u00e9conomie d&rsquo;\u00e9nergie en soutenant le fonctionnement du manoir sous la<br>direction de l&rsquo;UE avec les actions suivantes :<br>\u2022 En cas de panne de courant, nous disposons d&rsquo;installations permettant de fournir l&rsquo;\u00e9lectricit\u00e9<br>n\u00e9cessaire.<br>\u2022 Utilisation de lampes \u00e0 \u00e9conomie d&rsquo;\u00e9nergie dans tout le complexe<br>\u2022 Mise en place d&rsquo;un \u00e9clairage avec minuterie<br>\u2022 Utilisation d&rsquo;appareils \u00e9lectriques ultramodernes \u00e0 faible consommation<br>\u2022 Nous avons pr\u00e9vu l&rsquo;installation de panneaux photovolta\u00efques (panneaux solaires) pour<br>couvrir tous les besoins \u00e9nerg\u00e9tiques avec des sources renouvelables.<br>\u2022 Utilisation de la climatisation dans les espaces publics uniquement en cas de n\u00e9cessit\u00e9.<br>\u2022 R\u00e9glage par d\u00e9faut de la temp\u00e9rature de la climatisation \u00e0 24 degr\u00e9s Celsius dans toutes les<br>pi\u00e8ces, qui peut \u00eatre modifi\u00e9 sur demande.<br>\u2022 Coupure automatique de l&rsquo;\u00e9lectricit\u00e9 \u00e0 l&rsquo;aide d&rsquo;une carte-cl\u00e9 de chambre<br>\u2022 La climatisation de la chambre est allum\u00e9e lorsque les clients arrivent dans la chambre. Le<br>service d&rsquo;entretien m\u00e9nager se r\u00e9serve le droit d&rsquo;\u00e9teindre la climatisation lorsque le client<br>n&rsquo;est pas dans la chambre.<br>Le manoir qui a \u00e9t\u00e9 restaur\u00e9 dans le respect absolu de son long parcours historique pour \u00eatre<br>transform\u00e9 en un h\u00e9bergement unique en son genre, lors de sa construction des m\u00e9thodes<br>traditionnelles ont \u00e9t\u00e9 mises en \u0153uvre ainsi que l&rsquo;utilisation de mat\u00e9riaux de construction locaux et<br>naturels, tels que la pierre noire, le cypr\u00e8s, le marbre de galets, les tuiles anciennes faites \u00e0 la main<br>et les roseaux. En outre, nous soutenons constamment la renaissance des anciennes pratiques du<br>domaine telles que la r\u00e9colte du raisin, le p\u00e9trissage du pain, etc., et nous profitons de cet<br>impressionnant mod\u00e8le de durabilit\u00e9 et d&rsquo;autosuffisance en fabriquant des produits traditionnels qui<br>alimentent la cuisine (l\u00e9gumes, pain, miel, herbes, vin, huile d&rsquo;olive, etc.) et contribuent au maintien<br>de m\u00e9thodes durables d&rsquo;exploitation du manoir pour \u00e9conomiser les ressources naturelles :<br>\u2022 Compost de d\u00e9chets et s\u00e9paration des r\u00e9sidus alimentaires de cuisine pour l&rsquo;alimentation des<br>animaux de l&rsquo;\u00e9table\u2022 Gestion et protection des ressources en eau, en offrant une eau naturelle filtr\u00e9e provenant des<br>deux sources situ\u00e9es sur la propri\u00e9t\u00e9.<br>\u2022 Les piscines sont aliment\u00e9es par l&rsquo;eau courante de la source naturelle.<br>\u2022 Nous am\u00e9liorons constamment l&rsquo;\u00e9puration biologique et nous utilisons l&rsquo;eau pour l&rsquo;irrigation<br>des arbres fruitiers et des oliviers lorsqu&rsquo;il n&rsquo;y a pas assez d&rsquo;eau provenant de la source<br>naturelle.<br>Nous vous invitons \u00e0 contribuer \u00e0 l&rsquo;effort de durabilit\u00e9 environnementale et sociale en participant de<br>la mani\u00e8re suivante :<br>\u2022 Veuillez maintenir le climatiseur \u00e0 24 degr\u00e9s Celsius et vous assurer que toutes les fen\u00eatres<br>sont ferm\u00e9es.<br>\u2022 Lorsque vous quittez votre chambre, veillez \u00e0 \u00e9teindre les climatiseurs, les lumi\u00e8res et les<br>appareils m\u00e9nagers.<br>\u2022 Participer au programme de recyclage des serviettes et de la literie<br>\u2022 Limiter l&rsquo;utilisation de ressources en eau inutiles<br>C&rsquo;est un grand honneur pour nous que le manoir ait re\u00e7u ces derni\u00e8res ann\u00e9es la certification \u00ab\u00a0Clef<br>verte\u00a0\u00bb, norme mondiale d&rsquo;excellence en mati\u00e8re de responsabilit\u00e9 environnementale et d&rsquo;exploitation<br>durable dans le secteur du tourisme.<br>Merci beaucoup de nous soutenir et de contribuer par vos actions \u00e0 la r\u00e9duction de la consommation<br>d&rsquo;\u00e9nergie et de notre empreinte environnementale pour la protection de notre plan\u00e8te afin que les<br>g\u00e9n\u00e9rations futures puissent profiter des \u00ab\u00a0cadeaux\u00a0\u00bb que la nature nous a l\u00e9gu\u00e9s.<\/p>\n","protected":false},"excerpt":{"rendered":"<p>Conscients que nous sommes au milieu d&rsquo;une crise mondiale de l&rsquo;\u00e9nergie et de l&rsquo;environnement,nous visons des processus d&rsquo;\u00e9conomie d&rsquo;\u00e9nergie en soutenant le fonctionnement du manoir sous ladirection de l&rsquo;UE avec les actions suivantes :\u2022 En cas de panne de courant, nous disposons d&rsquo;installations permettant de fournir l&rsquo;\u00e9lectricit\u00e9n\u00e9cessaire.\u2022 Utilisation de lampes \u00e0 \u00e9conomie d&rsquo;\u00e9nergie dans tout<\/p>\n","protected":false},"author":326,"featured_media":0,"parent":7324,"menu_order":0,"comment_status":"closed","ping_status":"closed","template":"","meta":{"_acf_changed":false,"footnotes":""},"class_list":["post-7326","page","type-page","status-publish","hentry"],"acf":[],"yoast_head":"<!-- This site is optimized with the Yoast SEO plugin v27.5 - https:\/\/yoast.com\/product\/yoast-seo-wordpress\/ -->\n<title>Plan \u00e9nerg\u00e9tique - Kinsterna Hotel<\/title>\n<meta name=\"robots\" content=\"index, follow, max-snippet:-1, max-image-preview:large, max-video-preview:-1\" \/>\n<link rel=\"canonical\" href=\"https:\/\/www.kinsternahotel.gr\/fr\/safety-plan\/energy-plan\/\" \/>\n<meta property=\"og:locale\" content=\"fr_FR\" \/>\n<meta property=\"og:type\" content=\"article\" \/>\n<meta property=\"og:title\" content=\"Plan \u00e9nerg\u00e9tique - Kinsterna Hotel\" \/>\n<meta property=\"og:description\" content=\"Conscients que nous sommes au milieu d&rsquo;une crise mondiale de l&rsquo;\u00e9nergie et de l&rsquo;environnement,nous visons des processus d&rsquo;\u00e9conomie d&rsquo;\u00e9nergie en soutenant le fonctionnement du manoir sous ladirection de l&rsquo;UE avec les actions suivantes :\u2022 En cas de panne de courant, nous disposons d&rsquo;installations permettant de fournir l&rsquo;\u00e9lectricit\u00e9n\u00e9cessaire.\u2022 Utilisation de lampes \u00e0 \u00e9conomie d&rsquo;\u00e9nergie dans tout\" \/>\n<meta property=\"og:url\" content=\"https:\/\/www.kinsternahotel.gr\/fr\/safety-plan\/energy-plan\/\" \/>\n<meta property=\"og:site_name\" content=\"Kinsterna Hotel\" \/>\n<meta property=\"article:modified_time\" content=\"2022-12-07T07:16:17+00:00\" \/>\n<meta name=\"twitter:card\" content=\"summary_large_image\" \/>\n<meta name=\"twitter:label1\" content=\"Dur\u00e9e de lecture estim\u00e9e\" \/>\n\t<meta name=\"twitter:data1\" content=\"3 minutes\" \/>\n<script type=\"application\/ld+json\" class=\"yoast-schema-graph\">{\"@context\":\"https:\\\/\\\/schema.org\",\"@graph\":[{\"@type\":\"WebPage\",\"@id\":\"https:\\\/\\\/www.kinsternahotel.gr\\\/fr\\\/safety-plan\\\/energy-plan\\\/\",\"url\":\"https:\\\/\\\/www.kinsternahotel.gr\\\/fr\\\/safety-plan\\\/energy-plan\\\/\",\"name\":\"Plan \u00e9nerg\u00e9tique - Kinsterna Hotel\",\"isPartOf\":{\"@id\":\"https:\\\/\\\/www.kinsternahotel.gr\\\/fr\\\/#website\"},\"datePublished\":\"2022-06-30T06:03:25+00:00\",\"dateModified\":\"2022-12-07T07:16:17+00:00\",\"breadcrumb\":{\"@id\":\"https:\\\/\\\/www.kinsternahotel.gr\\\/fr\\\/safety-plan\\\/energy-plan\\\/#breadcrumb\"},\"inLanguage\":\"fr-FR\",\"potentialAction\":[{\"@type\":\"ReadAction\",\"target\":[\"https:\\\/\\\/www.kinsternahotel.gr\\\/fr\\\/safety-plan\\\/energy-plan\\\/\"]}]},{\"@type\":\"BreadcrumbList\",\"@id\":\"https:\\\/\\\/www.kinsternahotel.gr\\\/fr\\\/safety-plan\\\/energy-plan\\\/#breadcrumb\",\"itemListElement\":[{\"@type\":\"ListItem\",\"position\":1,\"name\":\"Home\",\"item\":\"https:\\\/\\\/www.kinsternahotel.gr\\\/fr\\\/\"},{\"@type\":\"ListItem\",\"position\":2,\"name\":\"Plan de s\u00e9curit\u00e9\",\"item\":\"https:\\\/\\\/www.kinsternahotel.gr\\\/fr\\\/?page_id=7324\"},{\"@type\":\"ListItem\",\"position\":3,\"name\":\"Plan \u00e9nerg\u00e9tique\"}]},{\"@type\":\"WebSite\",\"@id\":\"https:\\\/\\\/www.kinsternahotel.gr\\\/fr\\\/#website\",\"url\":\"https:\\\/\\\/www.kinsternahotel.gr\\\/fr\\\/\",\"name\":\"Kinsterna Hotel\",\"description\":\"Kinsterna Hotel, a luxury 5 star hotel located in Monemvasia Greece, the legendary medieval castle city of Peloponnese.\",\"potentialAction\":[{\"@type\":\"SearchAction\",\"target\":{\"@type\":\"EntryPoint\",\"urlTemplate\":\"https:\\\/\\\/www.kinsternahotel.gr\\\/fr\\\/?s={search_term_string}\"},\"query-input\":{\"@type\":\"PropertyValueSpecification\",\"valueRequired\":true,\"valueName\":\"search_term_string\"}}],\"inLanguage\":\"fr-FR\"}]}<\/script>\n<!-- \/ Yoast SEO plugin. -->","yoast_head_json":{"title":"Plan \u00e9nerg\u00e9tique - Kinsterna Hotel","robots":{"index":"index","follow":"follow","max-snippet":"max-snippet:-1","max-image-preview":"max-image-preview:large","max-video-preview":"max-video-preview:-1"},"canonical":"https:\/\/www.kinsternahotel.gr\/fr\/safety-plan\/energy-plan\/","og_locale":"fr_FR","og_type":"article","og_title":"Plan \u00e9nerg\u00e9tique - Kinsterna Hotel","og_description":"Conscients que nous sommes au milieu d&rsquo;une crise mondiale de l&rsquo;\u00e9nergie et de l&rsquo;environnement,nous visons des processus d&rsquo;\u00e9conomie d&rsquo;\u00e9nergie en soutenant le fonctionnement du manoir sous ladirection de l&rsquo;UE avec les actions suivantes :\u2022 En cas de panne de courant, nous disposons d&rsquo;installations permettant de fournir l&rsquo;\u00e9lectricit\u00e9n\u00e9cessaire.\u2022 Utilisation de lampes \u00e0 \u00e9conomie d&rsquo;\u00e9nergie dans tout","og_url":"https:\/\/www.kinsternahotel.gr\/fr\/safety-plan\/energy-plan\/","og_site_name":"Kinsterna Hotel","article_modified_time":"2022-12-07T07:16:17+00:00","twitter_card":"summary_large_image","twitter_misc":{"Dur\u00e9e de lecture estim\u00e9e":"3 minutes"},"schema":{"@context":"https:\/\/schema.org","@graph":[{"@type":"WebPage","@id":"https:\/\/www.kinsternahotel.gr\/fr\/safety-plan\/energy-plan\/","url":"https:\/\/www.kinsternahotel.gr\/fr\/safety-plan\/energy-plan\/","name":"Plan \u00e9nerg\u00e9tique - Kinsterna Hotel","isPartOf":{"@id":"https:\/\/www.kinsternahotel.gr\/fr\/#website"},"datePublished":"2022-06-30T06:03:25+00:00","dateModified":"2022-12-07T07:16:17+00:00","breadcrumb":{"@id":"https:\/\/www.kinsternahotel.gr\/fr\/safety-plan\/energy-plan\/#breadcrumb"},"inLanguage":"fr-FR","potentialAction":[{"@type":"ReadAction","target":["https:\/\/www.kinsternahotel.gr\/fr\/safety-plan\/energy-plan\/"]}]},{"@type":"BreadcrumbList","@id":"https:\/\/www.kinsternahotel.gr\/fr\/safety-plan\/energy-plan\/#breadcrumb","itemListElement":[{"@type":"ListItem","position":1,"name":"Home","item":"https:\/\/www.kinsternahotel.gr\/fr\/"},{"@type":"ListItem","position":2,"name":"Plan de s\u00e9curit\u00e9","item":"https:\/\/www.kinsternahotel.gr\/fr\/?page_id=7324"},{"@type":"ListItem","position":3,"name":"Plan \u00e9nerg\u00e9tique"}]},{"@type":"WebSite","@id":"https:\/\/www.kinsternahotel.gr\/fr\/#website","url":"https:\/\/www.kinsternahotel.gr\/fr\/","name":"Kinsterna Hotel","description":"Kinsterna Hotel, a luxury 5 star hotel located in Monemvasia Greece, the legendary medieval castle city of Peloponnese.","potentialAction":[{"@type":"SearchAction","target":{"@type":"EntryPoint","urlTemplate":"https:\/\/www.kinsternahotel.gr\/fr\/?s={search_term_string}"},"query-input":{"@type":"PropertyValueSpecification","valueRequired":true,"valueName":"search_term_string"}}],"inLanguage":"fr-FR"}]}},"_links":{"self":[{"href":"https:\/\/www.kinsternahotel.gr\/fr\/wp-json\/wp\/v2\/pages\/7326","targetHints":{"allow":["GET"]}}],"collection":[{"href":"https:\/\/www.kinsternahotel.gr\/fr\/wp-json\/wp\/v2\/pages"}],"about":[{"href":"https:\/\/www.kinsternahotel.gr\/fr\/wp-json\/wp\/v2\/types\/page"}],"author":[{"embeddable":true,"href":"https:\/\/www.kinsternahotel.gr\/fr\/wp-json\/wp\/v2\/users\/326"}],"replies":[{"embeddable":true,"href":"https:\/\/www.kinsternahotel.gr\/fr\/wp-json\/wp\/v2\/comments?post=7326"}],"version-history":[{"count":3,"href":"https:\/\/www.kinsternahotel.gr\/fr\/wp-json\/wp\/v2\/pages\/7326\/revisions"}],"predecessor-version":[{"id":7750,"href":"https:\/\/www.kinsternahotel.gr\/fr\/wp-json\/wp\/v2\/pages\/7326\/revisions\/7750"}],"up":[{"embeddable":true,"href":"https:\/\/www.kinsternahotel.gr\/fr\/wp-json\/wp\/v2\/pages\/7324"}],"wp:attachment":[{"href":"https:\/\/www.kinsternahotel.gr\/fr\/wp-json\/wp\/v2\/media?parent=7326"}],"curies":[{"name":"wp","href":"https:\/\/api.w.org\/{rel}","templated":true}]}}