{"id":7304,"date":"2022-06-29T17:24:00","date_gmt":"2022-06-29T14:24:00","guid":{"rendered":"https:\/\/www.kinsternahotel.gr\/location\/attractions\/"},"modified":"2022-12-20T21:23:00","modified_gmt":"2022-12-20T19:23:00","slug":"attractions","status":"publish","type":"page","link":"https:\/\/www.kinsternahotel.gr\/fr\/location\/attractions\/","title":{"rendered":"Visites guid\u00e9es"},"content":{"rendered":"\n<p>La r\u00e9gion du sud du P\u00e9loponn\u00e8se offre de merveilleux sites, une nature magnifique et des endroits pittoresques qui m\u00e9ritent d&rsquo;\u00eatre visit\u00e9s en voiture. Nous vous recommandons les points d&rsquo;int\u00e9r\u00eat suivants pour commencer votre exploration:<\/p>\n\n\n\n<p class=\"has-text-align-center\"><strong>Le ch\u00e2teau m\u00e9di\u00e9val de Monemvasia<\/strong><\/p>\n\n\n\n<p>Le magnifique ch\u00e2teau -nomm\u00e9 Castro- de Monemvasia est d&rsquo;une grande importance historique, architecturale, culturelle et g\u00e9ographique. En se promenant dans la ville du Castro, l\u2019on d\u00e9couvre ses \u00e9glises historiques, ses murs, ses arches basses et hautes, et ses rues pav\u00e9es pittoresques qui r\u00e9v\u00e8lent son pass\u00e9 m\u00e9di\u00e9val. La forteresse byzantine, envi\u00e9e par les V\u00e9nitiens, les Slaves, les Francs, les Arabes et les Ottomans \u00e0 diff\u00e9rentes \u00e9poques, se dresse fi\u00e8rement \u00e0 l&rsquo;entr\u00e9e de l&rsquo;un des coins les plus enchanteurs du P\u00e9loponn\u00e8se. La ville m\u00e9di\u00e9vale du Castro n&rsquo;est qu&rsquo;\u00e0 dix minutes de route de l&rsquo;h\u00f4tel Kinsterna. En commen\u00e7ant l&rsquo;ascension du Castro, vous pourrez \u00e9galement visiter la ville haute avec son \u00e9glise byzantine du XIIIe si\u00e8cle, Aghia Sophia. Vous avez \u00e9galement la possibilit\u00e9 de faire le tour de la ville du Castro avec une promenade en bateau unique que vous pouvez r\u00e9server aupr\u00e8s de l&rsquo;h\u00f4tel Kinsterna pour admirer l&rsquo;excellente vue la forteresse m\u00e9di\u00e9vale depuis la mer.<\/p>\n\n\n\n<p class=\"has-text-align-center\"><strong>Grotte de Kastania<\/strong><\/p>\n\n\n\n<p>La visite de la grotte de Kastania vous enchantera. Elle est consid\u00e9r\u00e9e comme la deuxi\u00e8me du genre en Europe et remonte \u00e0 la p\u00e9riode jurassique. Les stalagmites impressionnantes et les formations rocheuses imaginatives constituent une attraction unique. Le trajet en voiture dure une heure et demie, et pour cette destination, vous avez \u00e9galement la possibilit\u00e9 de visiter la grotte avec le bateau du manoir.<\/p>\n\n\n\n<p class=\"has-text-align-center\"><strong>Pavlopetri, la plus ancienne ville engloutie du monde<\/strong><\/p>\n\n\n\n<p>Pour ceux qui sont fascin\u00e9s par les histoires de villes mythiques submerg\u00e9es dans des eaux bleues profondes, une visite des ruines de l&rsquo;ancienne ville de Pavlopetri, situ\u00e9e en face d&rsquo;Elafonisos et \u00e0 30 minutes de route du manoir, doit absolument \u00eatre ajout\u00e9e \u00e0 la liste des exp\u00e9riences \u00e0 vivre pendant votre s\u00e9jour \u00e0 l&rsquo;h\u00f4tel Kinsterna. Une autre attraction qui vaut la peine d&rsquo;\u00eatre visit\u00e9e est l&rsquo;ancienne cit\u00e9 engloutie d&rsquo;Asopos, sur la plage de Plytra.<\/p>\n\n\n\n<p class=\"has-text-align-center\"><strong>Gerakas<\/strong><\/p>\n\n\n\n<p>Visitez ce magnifique port traditionnel, avec le seul fjord naturel d&rsquo;Europe du Sud, qui relie le continent. C&rsquo;est un endroit riche en eau, id\u00e9al pour l&rsquo;observation des oiseaux, car en raison de la faible profondeur de l&rsquo;eau et de l&rsquo;abondance de nourriture, il sert de station de migration et d&rsquo;hivernage aux oiseaux migrateurs et parfois aux cygnes et aux canards \u00e0 t\u00eate verte. Des restaurants de poissons et des caf\u00e9s au bord de l&rsquo;eau permettent de subl\u00eemer votre exp\u00e9rience de mani\u00e8re agr\u00e9able, avec vues sur la mer comme sur la montagne. \u00c0 une distance de 200 m, on trouve les ruines de l&rsquo;ancienne ville de Zaraka (200-150 av. J.-C.).<\/p>\n\n\n\n<p class=\"has-text-align-center\"><strong>For\u00eat p\u00e9trifi\u00e9e<\/strong><\/p>\n\n\n\n<p>\u00c0 l&rsquo;est de Neapolis se trouve une impressionnante for\u00eat p\u00e9trifi\u00e9e en bord de mer. Des tron\u00e7ons de palmiers et d&rsquo;autres arbres transform\u00e9s en pierre sont visibles \u00e0 l&rsquo;\u0153il nu, \u00e0 la fois dispers\u00e9s dans le paysage rocheux entourant les plages de sable et sous la surface de l&rsquo;eau. Ce miracle de la nature est un ph\u00e9nom\u00e8ne rare et figure dans l&rsquo;Atlas des monuments g\u00e9ologiques de la mer \u00c9g\u00e9e.<\/p>\n\n\n\n<p class=\"has-text-align-center\"><strong>Moulin \u00e0 eau de Talanta<\/strong><\/p>\n\n\n\n<p>C&rsquo;est le seul moulin \u00e0 eau des 11 moulins de la r\u00e9gion qui a \u00e9t\u00e9 restaur\u00e9 et qui utilise aujourd&rsquo;hui l&rsquo;\u00e9nergie de l&rsquo;eau pour le broyage. Le moulin \u00e0 eau est un excellent exemple de technologie ancienne. Il est situ\u00e9 dans un beau paysage naturel gorg\u00e9 de noyers, de platanes et de myrtes. Le moulin \u00e0 eau de Vrysika, \u00e0 20 minutes de l\u00e0, est \u00e9galement un endroit int\u00e9ressant \u00e0 visiter.<\/p>\n\n\n\n<p class=\"has-text-align-center\"><strong>Mani<\/strong><\/p>\n\n\n\n<p>En parcourant une distance de 98 km par la route, nous atteignons Areopolis, dans l&rsquo;est de Mani. Il s&rsquo;agit d&rsquo;un village historique qui a conserv\u00e9 son ind\u00e9pendance pendant la domination ottomane et qui a \u00e9t\u00e9 d\u00e9clar\u00e9 village prot\u00e9g\u00e9, car il conserve la couleur traditionnelle de la r\u00e9gion de Mani.<\/p>\n\n\n\n<p class=\"has-text-align-center\"><strong>Kyparissi<\/strong><\/p>\n\n\n\n<p>Kyparissi est l&rsquo;un des \u00ab\u00a0secrets\u00a0\u00bb bien cach\u00e9s de la Laconie, l&rsquo;un de ces endroits qui n&rsquo;ont pas \u00e9t\u00e9 alt\u00e9r\u00e9s par le tourisme de masse. L&rsquo;acc\u00e8s n&rsquo;est pas des plus faciles, mais il r\u00e9compense les v\u00e9ritables aventuriers: Kyparissi offre un excellent terrain d&rsquo;escalade, avec au moins 15 voies d&rsquo;escalade, \u00e0 travers des falaises calcaires verticales, avec des stalagmites et des grottes.<\/p>\n\n\n\n<p class=\"has-text-align-center\"><strong>Geraki<\/strong><\/p>\n\n\n\n<p>\u00c0 c\u00f4t\u00e9 du village traditionnel de Geraki, avec ses nombreuses \u00e9glises byzantines du 12e si\u00e8cle, se trouve un ch\u00e2teau byzantin unique. La randonn\u00e9e jusqu&rsquo;au ch\u00e2teau est un v\u00e9ritable plaisir.<\/p>\n\n\n\n<p class=\"has-text-align-center\"><strong>Maison ottomane \u00e0 Megalo Perivoli<\/strong><\/p>\n\n\n\n<p>A une distance relativement courte en voiture (35&prime;) de Kinsterna, dans la r\u00e9gion de Megalo Perivoli, \u00e0 c\u00f4t\u00e9 du village de Koulendia, se trouve une ancienne maison ottomane datant de 1760 A.D. La maison est \u00e9galement accessible par un sentier de randonn\u00e9e qui \u00ab\u00a0suit\u00a0\u00bb les traces du chemin byzantin datant de 1300 A.D. (2 heures de randonn\u00e9e depuis Kinsterna).<\/p>\n\n\n\n<p class=\"has-text-align-center\"><strong>Teria<\/strong><\/p>\n\n\n\n<p>Dans ce village inhabit\u00e9 se trouvent deux \u00e9glises byzantines \u00ab\u00a0jumelles\u00a0\u00bb du 13e si\u00e8cle. Selon la tradition, elles ont \u00e9t\u00e9 construites par la fille de l&#8217;empereur Manuel Palaiologos. Une grande source d\u2019eau jaillit de leur sanctuaire. La distance entre le village et Kinsterna est de 8,5 km, dont 2 km de route en terre.<\/p>\n","protected":false},"excerpt":{"rendered":"<p>La r\u00e9gion du sud du P\u00e9loponn\u00e8se offre de merveilleux sites, une nature magnifique et des endroits pittoresques qui m\u00e9ritent d&rsquo;\u00eatre visit\u00e9s en voiture. Nous vous recommandons les points d&rsquo;int\u00e9r\u00eat suivants pour commencer votre exploration: Le ch\u00e2teau m\u00e9di\u00e9val de Monemvasia Le magnifique ch\u00e2teau -nomm\u00e9 Castro- de Monemvasia est d&rsquo;une grande importance historique, architecturale, culturelle et g\u00e9ographique.<\/p>\n","protected":false},"author":200,"featured_media":6532,"parent":7298,"menu_order":0,"comment_status":"closed","ping_status":"closed","template":"","meta":{"_acf_changed":false,"footnotes":""},"class_list":["post-7304","page","type-page","status-publish","has-post-thumbnail","hentry"],"acf":[],"yoast_head":"<!-- This site is optimized with the Yoast SEO plugin v27.4 - https:\/\/yoast.com\/product\/yoast-seo-wordpress\/ -->\n<title>Visites guid\u00e9es - Kinsterna Hotel<\/title>\n<meta name=\"robots\" content=\"index, follow, max-snippet:-1, max-image-preview:large, max-video-preview:-1\" \/>\n<link rel=\"canonical\" href=\"https:\/\/www.kinsternahotel.gr\/fr\/location\/attractions\/\" \/>\n<meta property=\"og:locale\" content=\"fr_FR\" \/>\n<meta property=\"og:type\" content=\"article\" \/>\n<meta property=\"og:title\" content=\"Visites guid\u00e9es - Kinsterna Hotel\" \/>\n<meta property=\"og:description\" content=\"La r\u00e9gion du sud du P\u00e9loponn\u00e8se offre de merveilleux sites, une nature magnifique et des endroits pittoresques qui m\u00e9ritent d&rsquo;\u00eatre visit\u00e9s en voiture. Nous vous recommandons les points d&rsquo;int\u00e9r\u00eat suivants pour commencer votre exploration: Le ch\u00e2teau m\u00e9di\u00e9val de Monemvasia Le magnifique ch\u00e2teau -nomm\u00e9 Castro- de Monemvasia est d&rsquo;une grande importance historique, architecturale, culturelle et g\u00e9ographique.\" \/>\n<meta property=\"og:url\" content=\"https:\/\/www.kinsternahotel.gr\/fr\/location\/attractions\/\" \/>\n<meta property=\"og:site_name\" content=\"Kinsterna Hotel\" \/>\n<meta property=\"article:modified_time\" content=\"2022-12-20T19:23:00+00:00\" \/>\n<meta property=\"og:image\" content=\"https:\/\/www.kinsternahotel.gr\/app\/uploads\/sites\/101\/2022\/06\/attraction1-1441x1080.jpg\" \/>\n\t<meta property=\"og:image:width\" content=\"1441\" \/>\n\t<meta property=\"og:image:height\" content=\"1080\" \/>\n\t<meta property=\"og:image:type\" content=\"image\/jpeg\" \/>\n<meta name=\"twitter:card\" content=\"summary_large_image\" \/>\n<meta name=\"twitter:label1\" content=\"Dur\u00e9e de lecture estim\u00e9e\" \/>\n\t<meta name=\"twitter:data1\" content=\"4 minutes\" \/>\n<script type=\"application\/ld+json\" class=\"yoast-schema-graph\">{\"@context\":\"https:\\\/\\\/schema.org\",\"@graph\":[{\"@type\":\"WebPage\",\"@id\":\"https:\\\/\\\/www.kinsternahotel.gr\\\/fr\\\/location\\\/attractions\\\/\",\"url\":\"https:\\\/\\\/www.kinsternahotel.gr\\\/fr\\\/location\\\/attractions\\\/\",\"name\":\"Visites guid\u00e9es - Kinsterna Hotel\",\"isPartOf\":{\"@id\":\"https:\\\/\\\/www.kinsternahotel.gr\\\/fr\\\/#website\"},\"primaryImageOfPage\":{\"@id\":\"https:\\\/\\\/www.kinsternahotel.gr\\\/fr\\\/location\\\/attractions\\\/#primaryimage\"},\"image\":{\"@id\":\"https:\\\/\\\/www.kinsternahotel.gr\\\/fr\\\/location\\\/attractions\\\/#primaryimage\"},\"thumbnailUrl\":\"https:\\\/\\\/www.kinsternahotel.gr\\\/app\\\/uploads\\\/sites\\\/101\\\/2022\\\/06\\\/attraction1.jpg\",\"datePublished\":\"2022-06-29T14:24:00+00:00\",\"dateModified\":\"2022-12-20T19:23:00+00:00\",\"breadcrumb\":{\"@id\":\"https:\\\/\\\/www.kinsternahotel.gr\\\/fr\\\/location\\\/attractions\\\/#breadcrumb\"},\"inLanguage\":\"fr-FR\",\"potentialAction\":[{\"@type\":\"ReadAction\",\"target\":[\"https:\\\/\\\/www.kinsternahotel.gr\\\/fr\\\/location\\\/attractions\\\/\"]}]},{\"@type\":\"ImageObject\",\"inLanguage\":\"fr-FR\",\"@id\":\"https:\\\/\\\/www.kinsternahotel.gr\\\/fr\\\/location\\\/attractions\\\/#primaryimage\",\"url\":\"https:\\\/\\\/www.kinsternahotel.gr\\\/app\\\/uploads\\\/sites\\\/101\\\/2022\\\/06\\\/attraction1.jpg\",\"contentUrl\":\"https:\\\/\\\/www.kinsternahotel.gr\\\/app\\\/uploads\\\/sites\\\/101\\\/2022\\\/06\\\/attraction1.jpg\",\"width\":1500,\"height\":1124},{\"@type\":\"BreadcrumbList\",\"@id\":\"https:\\\/\\\/www.kinsternahotel.gr\\\/fr\\\/location\\\/attractions\\\/#breadcrumb\",\"itemListElement\":[{\"@type\":\"ListItem\",\"position\":1,\"name\":\"Home\",\"item\":\"https:\\\/\\\/www.kinsternahotel.gr\\\/fr\\\/\"},{\"@type\":\"ListItem\",\"position\":2,\"name\":\"L&#8217;emplacement\",\"item\":\"https:\\\/\\\/www.kinsternahotel.gr\\\/fr\\\/location\\\/\"},{\"@type\":\"ListItem\",\"position\":3,\"name\":\"Visites guid\u00e9es\"}]},{\"@type\":\"WebSite\",\"@id\":\"https:\\\/\\\/www.kinsternahotel.gr\\\/fr\\\/#website\",\"url\":\"https:\\\/\\\/www.kinsternahotel.gr\\\/fr\\\/\",\"name\":\"Kinsterna Hotel\",\"description\":\"Kinsterna Hotel, a luxury 5 star hotel located in Monemvasia Greece, the legendary medieval castle city of Peloponnese.\",\"potentialAction\":[{\"@type\":\"SearchAction\",\"target\":{\"@type\":\"EntryPoint\",\"urlTemplate\":\"https:\\\/\\\/www.kinsternahotel.gr\\\/fr\\\/?s={search_term_string}\"},\"query-input\":{\"@type\":\"PropertyValueSpecification\",\"valueRequired\":true,\"valueName\":\"search_term_string\"}}],\"inLanguage\":\"fr-FR\"}]}<\/script>\n<!-- \/ Yoast SEO plugin. -->","yoast_head_json":{"title":"Visites guid\u00e9es - Kinsterna Hotel","robots":{"index":"index","follow":"follow","max-snippet":"max-snippet:-1","max-image-preview":"max-image-preview:large","max-video-preview":"max-video-preview:-1"},"canonical":"https:\/\/www.kinsternahotel.gr\/fr\/location\/attractions\/","og_locale":"fr_FR","og_type":"article","og_title":"Visites guid\u00e9es - Kinsterna Hotel","og_description":"La r\u00e9gion du sud du P\u00e9loponn\u00e8se offre de merveilleux sites, une nature magnifique et des endroits pittoresques qui m\u00e9ritent d&rsquo;\u00eatre visit\u00e9s en voiture. Nous vous recommandons les points d&rsquo;int\u00e9r\u00eat suivants pour commencer votre exploration: Le ch\u00e2teau m\u00e9di\u00e9val de Monemvasia Le magnifique ch\u00e2teau -nomm\u00e9 Castro- de Monemvasia est d&rsquo;une grande importance historique, architecturale, culturelle et g\u00e9ographique.","og_url":"https:\/\/www.kinsternahotel.gr\/fr\/location\/attractions\/","og_site_name":"Kinsterna Hotel","article_modified_time":"2022-12-20T19:23:00+00:00","og_image":[{"width":1441,"height":1080,"url":"https:\/\/www.kinsternahotel.gr\/app\/uploads\/sites\/101\/2022\/06\/attraction1-1441x1080.jpg","type":"image\/jpeg"}],"twitter_card":"summary_large_image","twitter_misc":{"Dur\u00e9e de lecture estim\u00e9e":"4 minutes"},"schema":{"@context":"https:\/\/schema.org","@graph":[{"@type":"WebPage","@id":"https:\/\/www.kinsternahotel.gr\/fr\/location\/attractions\/","url":"https:\/\/www.kinsternahotel.gr\/fr\/location\/attractions\/","name":"Visites guid\u00e9es - Kinsterna Hotel","isPartOf":{"@id":"https:\/\/www.kinsternahotel.gr\/fr\/#website"},"primaryImageOfPage":{"@id":"https:\/\/www.kinsternahotel.gr\/fr\/location\/attractions\/#primaryimage"},"image":{"@id":"https:\/\/www.kinsternahotel.gr\/fr\/location\/attractions\/#primaryimage"},"thumbnailUrl":"https:\/\/www.kinsternahotel.gr\/app\/uploads\/sites\/101\/2022\/06\/attraction1.jpg","datePublished":"2022-06-29T14:24:00+00:00","dateModified":"2022-12-20T19:23:00+00:00","breadcrumb":{"@id":"https:\/\/www.kinsternahotel.gr\/fr\/location\/attractions\/#breadcrumb"},"inLanguage":"fr-FR","potentialAction":[{"@type":"ReadAction","target":["https:\/\/www.kinsternahotel.gr\/fr\/location\/attractions\/"]}]},{"@type":"ImageObject","inLanguage":"fr-FR","@id":"https:\/\/www.kinsternahotel.gr\/fr\/location\/attractions\/#primaryimage","url":"https:\/\/www.kinsternahotel.gr\/app\/uploads\/sites\/101\/2022\/06\/attraction1.jpg","contentUrl":"https:\/\/www.kinsternahotel.gr\/app\/uploads\/sites\/101\/2022\/06\/attraction1.jpg","width":1500,"height":1124},{"@type":"BreadcrumbList","@id":"https:\/\/www.kinsternahotel.gr\/fr\/location\/attractions\/#breadcrumb","itemListElement":[{"@type":"ListItem","position":1,"name":"Home","item":"https:\/\/www.kinsternahotel.gr\/fr\/"},{"@type":"ListItem","position":2,"name":"L&#8217;emplacement","item":"https:\/\/www.kinsternahotel.gr\/fr\/location\/"},{"@type":"ListItem","position":3,"name":"Visites guid\u00e9es"}]},{"@type":"WebSite","@id":"https:\/\/www.kinsternahotel.gr\/fr\/#website","url":"https:\/\/www.kinsternahotel.gr\/fr\/","name":"Kinsterna Hotel","description":"Kinsterna Hotel, a luxury 5 star hotel located in Monemvasia Greece, the legendary medieval castle city of Peloponnese.","potentialAction":[{"@type":"SearchAction","target":{"@type":"EntryPoint","urlTemplate":"https:\/\/www.kinsternahotel.gr\/fr\/?s={search_term_string}"},"query-input":{"@type":"PropertyValueSpecification","valueRequired":true,"valueName":"search_term_string"}}],"inLanguage":"fr-FR"}]}},"_links":{"self":[{"href":"https:\/\/www.kinsternahotel.gr\/fr\/wp-json\/wp\/v2\/pages\/7304","targetHints":{"allow":["GET"]}}],"collection":[{"href":"https:\/\/www.kinsternahotel.gr\/fr\/wp-json\/wp\/v2\/pages"}],"about":[{"href":"https:\/\/www.kinsternahotel.gr\/fr\/wp-json\/wp\/v2\/types\/page"}],"author":[{"embeddable":true,"href":"https:\/\/www.kinsternahotel.gr\/fr\/wp-json\/wp\/v2\/users\/200"}],"replies":[{"embeddable":true,"href":"https:\/\/www.kinsternahotel.gr\/fr\/wp-json\/wp\/v2\/comments?post=7304"}],"version-history":[{"count":3,"href":"https:\/\/www.kinsternahotel.gr\/fr\/wp-json\/wp\/v2\/pages\/7304\/revisions"}],"predecessor-version":[{"id":8094,"href":"https:\/\/www.kinsternahotel.gr\/fr\/wp-json\/wp\/v2\/pages\/7304\/revisions\/8094"}],"up":[{"embeddable":true,"href":"https:\/\/www.kinsternahotel.gr\/fr\/wp-json\/wp\/v2\/pages\/7298"}],"wp:featuredmedia":[{"embeddable":true,"href":"https:\/\/www.kinsternahotel.gr\/fr\/wp-json\/wp\/v2\/media\/6532"}],"wp:attachment":[{"href":"https:\/\/www.kinsternahotel.gr\/fr\/wp-json\/wp\/v2\/media?parent=7304"}],"curies":[{"name":"wp","href":"https:\/\/api.w.org\/{rel}","templated":true}]}}