{"id":7188,"date":"2022-07-14T14:44:55","date_gmt":"2022-07-14T11:44:55","guid":{"rendered":"https:\/\/www.kinsternahotel.gr\/our-gardens\/"},"modified":"2022-11-15T13:39:29","modified_gmt":"2022-11-15T11:39:29","slug":"our-gardens","status":"publish","type":"page","link":"https:\/\/www.kinsternahotel.gr\/fr\/estate\/our-land\/our-gardens\/","title":{"rendered":"Nos jardins"},"content":{"rendered":"\n<p>O\u00f9 la Terre offre g\u00e9n\u00e9reusement ses dons<\/p>\n\n\n\n<p>Les terres de l&rsquo;h\u00f4tel Kinsterna abritent des oliviers centenaires, des agrumes et autres arbres fruitiers, d&rsquo;imposants cypr\u00e8s, des eucalyptus, des plantes ornementales et aromatiques et des herbes &#8211; et bien s\u00fbr l\u00e9gumes de saison, que vous pouvez cueillir et d\u00e9guster directement dans nos jardins potagers.<\/p>\n\n\n\n<p>Depuis des si\u00e8cles, le domaine qui nous accueille aujourd&rsquo;hui est un lieu d&rsquo;autosuffisance et de durabilit\u00e9 dans un environnement naturel riche et dynamique. Cela est rendu possible par la biodiversit\u00e9 existante, par le microclimat de la region, ainsi qu\u2019 \u00e0 la source d&rsquo;eau courante, force vitale pour les terres du manoir. Ici, les moments de d\u00e9tente peuvent inclure la d\u00e9couverte de plus de 250 esp\u00e8ces end\u00e9miques de flore, notre ch\u00e8re Athinolia, et l&rsquo;ancienne orangeraie de l&rsquo;h\u00f4tel Kinsterna qui produit les fameuses oranges de la vari\u00e9t\u00e9 \u201cMonemvasia\u201d.<\/p>\n\n\n\n<p>La majorit\u00e9 des arbres que vous trouverez sur le domaine sont au m\u00eame endroit depuis le d\u00e9but du XIXe si\u00e8cle. Dans nos jardins prosp\u00e8rent des arbres fruitiers typiquement m\u00e9diterran\u00e9ens tels que des grenadiers, des coings et des figuiers. Cependant, en raison de la douceur du climat, vous remarquerez qu&rsquo;il existe \u00e9galement des arbres plus rares comme des bananiers et des lotus.<\/p>\n\n\n\n<p>En faisant le tour du manoir vous pourrez lever les yeux vers nos immenses eucalyptus nous valent l\u2019honneur de figurer dans une v\u00e9ritable \u0153uvre d&rsquo;art: ces plantes d&rsquo;\u00e2ge inconnu sont les protagonistes du tableau \u00ab\u00a0Monemvasia\u00a0\u00bb de Konstantinos Maleas (1927). Une copie de l&rsquo;\u0153uvre en question est expos\u00e9e \u00e0 la biblioth\u00e8que du manoir.<\/p>\n\n\n\n<p>La source d\u2019eau naturelle qui jaillit sur les hauteurs du domaine suffit \u00e0 arroser tous les l\u00e9gumes que l\u2019on cultive sur les terrasses du domaine gr\u00e2ce \u00e0 un r\u00e9seau de foss\u00e9s et de citernes que nous avons mis en place. Notre intention premi\u00e8re est que nos h\u00f4tes consomment des produits de notre propre production, dans la mesure du possible.<\/p>\n\n\n\n<p>Chaque chose a sa raison d\u2019\u00eatre et joue un r\u00f4le pr\u00e9cis: les plantes ornementales sont utilis\u00e9es dans la fabrication de notre propre gamme de cosm\u00e9tiques biologiques, disponibles exclusivement \u00e0 l&rsquo;h\u00f4tel Kinsterna. Suivant la m\u00eame logique, notre liste de plats et de cocktails a \u00e9t\u00e9 cr\u00e9\u00e9e \u00e0 partir des plantes aromatiques locales.<\/p>\n\n\n\n<p>Inspir\u00e9s par les dons de la Terre Laconienne, nous avons fait rena\u00eetre&nbsp;des activit\u00e9s telles que la production d&rsquo;huile d&rsquo;olive, la r\u00e9colte du raisin, le p\u00e9trissage et la cuisson du pain ancient. Toutes ces activit\u00e9s d\u00e9tiennent un r\u00f4le fonctionnel dans la vie de Kinsterna. Nous vous invitons \u00e0 participer \u00e0 toutes les exp\u00e9riences uniques qui mettent en valeur les fonctions agricoles de base du domaine, comme par exemple la distillation du tsipouro ou la fabrication du savon. Notre vision et notre d\u00e9sir sont de recr\u00e9er le mod\u00e8le parfait de durabilit\u00e9, qui, nous en sommes convaincus, honore le pass\u00e9 tout en assurant l&rsquo;avenir du domaine. Pour cette raison, dans les coulisses du microcosme de Kinsterna l\u2019on d\u00e9couvre des savoir-faire qui soutiennent traditionnellement l&rsquo;autonomie et l&rsquo;autosuffisance.<\/p>\n","protected":false},"excerpt":{"rendered":"<p>O\u00f9 la Terre offre g\u00e9n\u00e9reusement ses dons Les terres de l&rsquo;h\u00f4tel Kinsterna abritent des oliviers centenaires, des agrumes et autres arbres fruitiers, d&rsquo;imposants cypr\u00e8s, des eucalyptus, des plantes ornementales et aromatiques et des herbes &#8211; et bien s\u00fbr l\u00e9gumes de saison, que vous pouvez cueillir et d\u00e9guster directement dans nos jardins potagers. Depuis des si\u00e8cles,<\/p>\n","protected":false},"author":326,"featured_media":7015,"parent":8088,"menu_order":0,"comment_status":"closed","ping_status":"closed","template":"","meta":{"_acf_changed":false,"footnotes":""},"class_list":["post-7188","page","type-page","status-publish","has-post-thumbnail","hentry"],"acf":[],"yoast_head":"<!-- This site is optimized with the Yoast SEO plugin v27.4 - https:\/\/yoast.com\/product\/yoast-seo-wordpress\/ -->\n<title>Nos jardins - Kinsterna Hotel<\/title>\n<meta name=\"robots\" content=\"index, follow, max-snippet:-1, max-image-preview:large, max-video-preview:-1\" \/>\n<link rel=\"canonical\" href=\"https:\/\/www.kinsternahotel.gr\/fr\/estate\/our-land\/our-gardens\/\" \/>\n<meta property=\"og:locale\" content=\"fr_FR\" \/>\n<meta property=\"og:type\" content=\"article\" \/>\n<meta property=\"og:title\" content=\"Nos jardins - Kinsterna Hotel\" \/>\n<meta property=\"og:description\" content=\"O\u00f9 la Terre offre g\u00e9n\u00e9reusement ses dons Les terres de l&rsquo;h\u00f4tel Kinsterna abritent des oliviers centenaires, des agrumes et autres arbres fruitiers, d&rsquo;imposants cypr\u00e8s, des eucalyptus, des plantes ornementales et aromatiques et des herbes &#8211; et bien s\u00fbr l\u00e9gumes de saison, que vous pouvez cueillir et d\u00e9guster directement dans nos jardins potagers. Depuis des si\u00e8cles,\" \/>\n<meta property=\"og:url\" content=\"https:\/\/www.kinsternahotel.gr\/fr\/estate\/our-land\/our-gardens\/\" \/>\n<meta property=\"og:site_name\" content=\"Kinsterna Hotel\" \/>\n<meta property=\"article:modified_time\" content=\"2022-11-15T11:39:29+00:00\" \/>\n<meta property=\"og:image\" content=\"https:\/\/www.kinsternahotel.gr\/app\/uploads\/sites\/101\/2022\/07\/Kinsterna-Gardens.jpg\" \/>\n\t<meta property=\"og:image:width\" content=\"1920\" \/>\n\t<meta property=\"og:image:height\" content=\"1280\" \/>\n\t<meta property=\"og:image:type\" content=\"image\/jpeg\" \/>\n<meta name=\"twitter:card\" content=\"summary_large_image\" \/>\n<meta name=\"twitter:label1\" content=\"Dur\u00e9e de lecture estim\u00e9e\" \/>\n\t<meta name=\"twitter:data1\" content=\"3 minutes\" \/>\n<script type=\"application\/ld+json\" class=\"yoast-schema-graph\">{\"@context\":\"https:\\\/\\\/schema.org\",\"@graph\":[{\"@type\":\"WebPage\",\"@id\":\"https:\\\/\\\/www.kinsternahotel.gr\\\/fr\\\/estate\\\/our-land\\\/our-gardens\\\/\",\"url\":\"https:\\\/\\\/www.kinsternahotel.gr\\\/fr\\\/estate\\\/our-land\\\/our-gardens\\\/\",\"name\":\"Nos jardins - Kinsterna Hotel\",\"isPartOf\":{\"@id\":\"https:\\\/\\\/www.kinsternahotel.gr\\\/fr\\\/#website\"},\"primaryImageOfPage\":{\"@id\":\"https:\\\/\\\/www.kinsternahotel.gr\\\/fr\\\/estate\\\/our-land\\\/our-gardens\\\/#primaryimage\"},\"image\":{\"@id\":\"https:\\\/\\\/www.kinsternahotel.gr\\\/fr\\\/estate\\\/our-land\\\/our-gardens\\\/#primaryimage\"},\"thumbnailUrl\":\"https:\\\/\\\/www.kinsternahotel.gr\\\/app\\\/uploads\\\/sites\\\/101\\\/2022\\\/07\\\/Kinsterna-Gardens.jpg\",\"datePublished\":\"2022-07-14T11:44:55+00:00\",\"dateModified\":\"2022-11-15T11:39:29+00:00\",\"breadcrumb\":{\"@id\":\"https:\\\/\\\/www.kinsternahotel.gr\\\/fr\\\/estate\\\/our-land\\\/our-gardens\\\/#breadcrumb\"},\"inLanguage\":\"fr-FR\",\"potentialAction\":[{\"@type\":\"ReadAction\",\"target\":[\"https:\\\/\\\/www.kinsternahotel.gr\\\/fr\\\/estate\\\/our-land\\\/our-gardens\\\/\"]}]},{\"@type\":\"ImageObject\",\"inLanguage\":\"fr-FR\",\"@id\":\"https:\\\/\\\/www.kinsternahotel.gr\\\/fr\\\/estate\\\/our-land\\\/our-gardens\\\/#primaryimage\",\"url\":\"https:\\\/\\\/www.kinsternahotel.gr\\\/app\\\/uploads\\\/sites\\\/101\\\/2022\\\/07\\\/Kinsterna-Gardens.jpg\",\"contentUrl\":\"https:\\\/\\\/www.kinsternahotel.gr\\\/app\\\/uploads\\\/sites\\\/101\\\/2022\\\/07\\\/Kinsterna-Gardens.jpg\",\"width\":1920,\"height\":1280,\"caption\":\"Kinsterna Gardens\"},{\"@type\":\"BreadcrumbList\",\"@id\":\"https:\\\/\\\/www.kinsternahotel.gr\\\/fr\\\/estate\\\/our-land\\\/our-gardens\\\/#breadcrumb\",\"itemListElement\":[{\"@type\":\"ListItem\",\"position\":1,\"name\":\"Home\",\"item\":\"https:\\\/\\\/www.kinsternahotel.gr\\\/fr\\\/\"},{\"@type\":\"ListItem\",\"position\":2,\"name\":\"Estate\",\"item\":\"https:\\\/\\\/www.kinsternahotel.gr\\\/fr\\\/estate\\\/\"},{\"@type\":\"ListItem\",\"position\":3,\"name\":\"Nos terres\",\"item\":\"https:\\\/\\\/www.kinsternahotel.gr\\\/fr\\\/estate\\\/our-land\\\/\"},{\"@type\":\"ListItem\",\"position\":4,\"name\":\"Nos jardins\"}]},{\"@type\":\"WebSite\",\"@id\":\"https:\\\/\\\/www.kinsternahotel.gr\\\/fr\\\/#website\",\"url\":\"https:\\\/\\\/www.kinsternahotel.gr\\\/fr\\\/\",\"name\":\"Kinsterna Hotel\",\"description\":\"Kinsterna Hotel, a luxury 5 star hotel located in Monemvasia Greece, the legendary medieval castle city of Peloponnese.\",\"potentialAction\":[{\"@type\":\"SearchAction\",\"target\":{\"@type\":\"EntryPoint\",\"urlTemplate\":\"https:\\\/\\\/www.kinsternahotel.gr\\\/fr\\\/?s={search_term_string}\"},\"query-input\":{\"@type\":\"PropertyValueSpecification\",\"valueRequired\":true,\"valueName\":\"search_term_string\"}}],\"inLanguage\":\"fr-FR\"}]}<\/script>\n<!-- \/ Yoast SEO plugin. -->","yoast_head_json":{"title":"Nos jardins - Kinsterna Hotel","robots":{"index":"index","follow":"follow","max-snippet":"max-snippet:-1","max-image-preview":"max-image-preview:large","max-video-preview":"max-video-preview:-1"},"canonical":"https:\/\/www.kinsternahotel.gr\/fr\/estate\/our-land\/our-gardens\/","og_locale":"fr_FR","og_type":"article","og_title":"Nos jardins - Kinsterna Hotel","og_description":"O\u00f9 la Terre offre g\u00e9n\u00e9reusement ses dons Les terres de l&rsquo;h\u00f4tel Kinsterna abritent des oliviers centenaires, des agrumes et autres arbres fruitiers, d&rsquo;imposants cypr\u00e8s, des eucalyptus, des plantes ornementales et aromatiques et des herbes &#8211; et bien s\u00fbr l\u00e9gumes de saison, que vous pouvez cueillir et d\u00e9guster directement dans nos jardins potagers. Depuis des si\u00e8cles,","og_url":"https:\/\/www.kinsternahotel.gr\/fr\/estate\/our-land\/our-gardens\/","og_site_name":"Kinsterna Hotel","article_modified_time":"2022-11-15T11:39:29+00:00","og_image":[{"width":1920,"height":1280,"url":"https:\/\/www.kinsternahotel.gr\/app\/uploads\/sites\/101\/2022\/07\/Kinsterna-Gardens.jpg","type":"image\/jpeg"}],"twitter_card":"summary_large_image","twitter_misc":{"Dur\u00e9e de lecture estim\u00e9e":"3 minutes"},"schema":{"@context":"https:\/\/schema.org","@graph":[{"@type":"WebPage","@id":"https:\/\/www.kinsternahotel.gr\/fr\/estate\/our-land\/our-gardens\/","url":"https:\/\/www.kinsternahotel.gr\/fr\/estate\/our-land\/our-gardens\/","name":"Nos jardins - Kinsterna Hotel","isPartOf":{"@id":"https:\/\/www.kinsternahotel.gr\/fr\/#website"},"primaryImageOfPage":{"@id":"https:\/\/www.kinsternahotel.gr\/fr\/estate\/our-land\/our-gardens\/#primaryimage"},"image":{"@id":"https:\/\/www.kinsternahotel.gr\/fr\/estate\/our-land\/our-gardens\/#primaryimage"},"thumbnailUrl":"https:\/\/www.kinsternahotel.gr\/app\/uploads\/sites\/101\/2022\/07\/Kinsterna-Gardens.jpg","datePublished":"2022-07-14T11:44:55+00:00","dateModified":"2022-11-15T11:39:29+00:00","breadcrumb":{"@id":"https:\/\/www.kinsternahotel.gr\/fr\/estate\/our-land\/our-gardens\/#breadcrumb"},"inLanguage":"fr-FR","potentialAction":[{"@type":"ReadAction","target":["https:\/\/www.kinsternahotel.gr\/fr\/estate\/our-land\/our-gardens\/"]}]},{"@type":"ImageObject","inLanguage":"fr-FR","@id":"https:\/\/www.kinsternahotel.gr\/fr\/estate\/our-land\/our-gardens\/#primaryimage","url":"https:\/\/www.kinsternahotel.gr\/app\/uploads\/sites\/101\/2022\/07\/Kinsterna-Gardens.jpg","contentUrl":"https:\/\/www.kinsternahotel.gr\/app\/uploads\/sites\/101\/2022\/07\/Kinsterna-Gardens.jpg","width":1920,"height":1280,"caption":"Kinsterna Gardens"},{"@type":"BreadcrumbList","@id":"https:\/\/www.kinsternahotel.gr\/fr\/estate\/our-land\/our-gardens\/#breadcrumb","itemListElement":[{"@type":"ListItem","position":1,"name":"Home","item":"https:\/\/www.kinsternahotel.gr\/fr\/"},{"@type":"ListItem","position":2,"name":"Estate","item":"https:\/\/www.kinsternahotel.gr\/fr\/estate\/"},{"@type":"ListItem","position":3,"name":"Nos terres","item":"https:\/\/www.kinsternahotel.gr\/fr\/estate\/our-land\/"},{"@type":"ListItem","position":4,"name":"Nos jardins"}]},{"@type":"WebSite","@id":"https:\/\/www.kinsternahotel.gr\/fr\/#website","url":"https:\/\/www.kinsternahotel.gr\/fr\/","name":"Kinsterna Hotel","description":"Kinsterna Hotel, a luxury 5 star hotel located in Monemvasia Greece, the legendary medieval castle city of Peloponnese.","potentialAction":[{"@type":"SearchAction","target":{"@type":"EntryPoint","urlTemplate":"https:\/\/www.kinsternahotel.gr\/fr\/?s={search_term_string}"},"query-input":{"@type":"PropertyValueSpecification","valueRequired":true,"valueName":"search_term_string"}}],"inLanguage":"fr-FR"}]}},"_links":{"self":[{"href":"https:\/\/www.kinsternahotel.gr\/fr\/wp-json\/wp\/v2\/pages\/7188","targetHints":{"allow":["GET"]}}],"collection":[{"href":"https:\/\/www.kinsternahotel.gr\/fr\/wp-json\/wp\/v2\/pages"}],"about":[{"href":"https:\/\/www.kinsternahotel.gr\/fr\/wp-json\/wp\/v2\/types\/page"}],"author":[{"embeddable":true,"href":"https:\/\/www.kinsternahotel.gr\/fr\/wp-json\/wp\/v2\/users\/326"}],"replies":[{"embeddable":true,"href":"https:\/\/www.kinsternahotel.gr\/fr\/wp-json\/wp\/v2\/comments?post=7188"}],"version-history":[{"count":4,"href":"https:\/\/www.kinsternahotel.gr\/fr\/wp-json\/wp\/v2\/pages\/7188\/revisions"}],"predecessor-version":[{"id":7195,"href":"https:\/\/www.kinsternahotel.gr\/fr\/wp-json\/wp\/v2\/pages\/7188\/revisions\/7195"}],"up":[{"embeddable":true,"href":"https:\/\/www.kinsternahotel.gr\/fr\/wp-json\/wp\/v2\/pages\/8088"}],"wp:featuredmedia":[{"embeddable":true,"href":"https:\/\/www.kinsternahotel.gr\/fr\/wp-json\/wp\/v2\/media\/7015"}],"wp:attachment":[{"href":"https:\/\/www.kinsternahotel.gr\/fr\/wp-json\/wp\/v2\/media?parent=7188"}],"curies":[{"name":"wp","href":"https:\/\/api.w.org\/{rel}","templated":true}]}}