{"id":7186,"date":"2022-07-14T14:45:01","date_gmt":"2022-07-14T11:45:01","guid":{"rendered":"https:\/\/www.kinsternahotel.gr\/?page_id=7186"},"modified":"2025-01-21T14:26:52","modified_gmt":"2025-01-21T12:26:52","slug":"our-vineyards-and-olive-groves","status":"publish","type":"page","link":"https:\/\/www.kinsternahotel.gr\/fr\/estate\/our-land\/our-vineyards-and-olive-groves\/","title":{"rendered":"Nos vignobles et nos oliveraies"},"content":{"rendered":"\n<p><br>La tradition grecque des \u00ab terrasses \u00bb dans l&rsquo;architecture du paysage, visant \u00e0 faciliter l&rsquo;\u00e9coulement de l&rsquo;eau pour animer le terrain, a cosign\u00e9 la conception du domaine et est \u00e0 l&rsquo;origine de la mani\u00e8re dont les niveaux de l&rsquo;h\u00f4tel Kinsterna se d\u00e9ploient. En levant les yeux, juste au-dessus des oliveraies centenaires, on aper\u00e7oit, comme un joyau, le vignoble de la demeure.<\/p>\n\n\n\n<p>L&rsquo;excellence du vin est un \u00e9l\u00e9ment central de l&rsquo;identit\u00e9 de Monemvasia et un \u00e9l\u00e9ment cl\u00e9 de son commerce d&rsquo;exportation depuis des si\u00e8cles. La production de vin de Malvoisie est mentionn\u00e9e dans des sources \u00e9crites depuis au moins 1340 apr\u00e8s J.-C., date \u00e0 laquelle il a \u00e9t\u00e9 utilis\u00e9 lors du couronnement du patriarche de Kiev, et a domin\u00e9 les march\u00e9s de l&rsquo;Est et de l&rsquo;Ouest pendant quatre si\u00e8cles. C&rsquo;est avec beaucoup d&rsquo;enthousiasme, d&rsquo;amour et de passion que nous avons fait revivre le manoir et les vignobles, en souhaitant mettre en valeur les c\u00e9pages locaux tels que le Kydonitsa, l&rsquo;Assyrtiko et surtout le Monemvasia. Ces c\u00e9pages sont \u00e0 l&rsquo;origine du c\u00e9l\u00e8bre vin s\u00e9ch\u00e9 au soleil \u00ab Monemvasia &#8211; Malvasia \u00bb, enregistr\u00e9 en 2010 en tant qu&rsquo;appellation d&rsquo;origine prot\u00e9g\u00e9e (AOP) pour la r\u00e9gion de Monemvasia.<\/p>\n\n\n\n<p>Le vin \u00ab Monemvasia-Malvasia \u00bb, le \u00ab nectar des pirates \u00bb comme l&rsquo;appelle la tradition historique, a \u00e9t\u00e9 mis en bouteille pour la premi\u00e8re fois en 2010. Il est vieilli en f\u00fbts de ch\u00eane pendant 24 mois, puis mis en bouteille sous une \u00e9tiquette sp\u00e9ciale que vous trouverez dans nos caves. La confirmation du caract\u00e8re local de ce vin unique a, comme tout ce qui se passe \u00e0 l&rsquo;h\u00f4tel Kinsterna, sa propre histoire. L&rsquo;origine du \u00ab Monemvasia-Malvasia \u00bb a \u00e9t\u00e9 revendiqu\u00e9e par des viticulteurs fran\u00e7ais, espagnols et italiens. Les efforts remarquables des \u0153nologues et des historiens grecs ont prouv\u00e9 que son berceau est bien Monemvasia, comme le confirme le mot \u00ab Malvasia \u00bb.<\/p>\n\n\n\n<p>La terre sait mieux que quiconque rendre au centuple l&rsquo;amour et les soins qu&rsquo;elle re\u00e7oit : en aimant nos vignes et en aidant chaque pied \u00e0 s&rsquo;\u00e9panouir, nous b\u00e9n\u00e9ficions en retour d&rsquo;un merveilleux vin blanc \u00e0 l&rsquo;ar\u00f4me s\u00e9duisant d&rsquo;agrumes et aux notes de bergamote et de coing. L&rsquo;orchestre dionysiaque de l&rsquo;h\u00f4tel Kinsterna comprend \u00e9galement un excellent ros\u00e9, qui d\u00e9gage des ar\u00f4mes intenses et fruit\u00e9s de cerise, de fraise et de rose. Notre vin rouge vient enfin compl\u00e9ter la liste avec l&rsquo;intensit\u00e9 aromatique des fruits rouges et de la prune. Notre d\u00e9gustation nous ram\u00e8ne sur les march\u00e9s d&rsquo;Orient, car il contient des \u00e9pices douces, du poivre, de la cannelle et un soup\u00e7on de fum\u00e9, gr\u00e2ce \u00e0 son vieillissement soigneux en f\u00fbts de ch\u00eane pendant plus de deux ans.<\/p>\n\n\n\n<p>L&rsquo;Orient et l&rsquo;Occident se rencontrent au \u00ab carrefour des peuples \u00bb. L&#8217;emplacement sur la carte a souvent d\u00e9termin\u00e9 le destin de notre pays, l&rsquo;entra\u00eenant dans des aventures, mais en m\u00eame temps le favorisant par la coexistence des peuples et le dialogue cr\u00e9atif des cultures. Il en va de m\u00eame pour le vignoble : l&#8217;emplacement de l&rsquo;h\u00f4tel Kinsterna est responsable de la qualit\u00e9 exceptionnelle de nos vins, car il est situ\u00e9 sur une pente surplombant la mer \u00c9g\u00e9e. La r\u00e9flexion de la lumi\u00e8re dans l&rsquo;eau de mer, l&rsquo;\u00e2me du paysage grec, atteint les vignes et la danse ancienne de la liaison du raisin commence. Le domaine, comme un autre th\u00e9\u00e2tre antique, gr\u00e2ce \u00e0 sa formation amphith\u00e9\u00e2trale, favorise la circulation de l&rsquo;air et invite la brise \u00e9g\u00e9enne dans le vignoble. Le travail sans fin de Dionysos ne pouvait se passer des \u00e9l\u00e9ments chtoniens : le sous-sol argileux donne des caract\u00e9ristiques organoleptiques uniques au produit final.<\/p>\n\n\n\n<p>Il y a tant \u00e0 sentir, \u00e0 savoir, \u00e0 go\u00fbter dans le cycle de vie de la vigne et de l&rsquo;olivier. Dans nos oliveraies, la vari\u00e9t\u00e9 dominante n&rsquo;est autre que l&rsquo;Athinolia locale. Son huile pr\u00e9sente des caract\u00e9ristiques qui la placent parmi les meilleures huiles d&rsquo;olive vierges : elle est consid\u00e9r\u00e9e comme unique en raison de sa teneur \u00e9lev\u00e9e en polyph\u00e9nols. L&rsquo;huile d&rsquo;olive extra vierge que nous mettons nous-m\u00eames en bouteille &#8211; et qui est la vedette de nos plats &#8211; peut rentrer chez vous et accompagner vos propres cr\u00e9ations, puisqu&rsquo;elle est disponible dans la boutique de l&rsquo;h\u00f4tel.<\/p>\n\n\n\n<p>\u00c0 l&rsquo;h\u00f4tel Kinsterna, nous ne cessons de raconter l&rsquo;histoire de nos vins. Venez vivre ensemble toutes les \u00e9tapes de la viticulture et de l&rsquo;ol\u00e9iculture : des vendanges au pressage traditionnel des raisins et des olives sur le linge, de la distillation du tsipouro \u00e0 l&rsquo;exp\u00e9rience unique de la d\u00e9gustation de la Malvoisie.<\/p>\n\n\n\n<p><\/p>\n","protected":false},"excerpt":{"rendered":"<p>La tradition grecque des \u00ab terrasses \u00bb dans l&rsquo;architecture du paysage, visant \u00e0 faciliter l&rsquo;\u00e9coulement de l&rsquo;eau pour animer le terrain, a cosign\u00e9 la conception du domaine et est \u00e0 l&rsquo;origine de la mani\u00e8re dont les niveaux de l&rsquo;h\u00f4tel Kinsterna se d\u00e9ploient. En levant les yeux, juste au-dessus des oliveraies centenaires, on aper\u00e7oit, comme un<\/p>\n","protected":false},"author":326,"featured_media":7014,"parent":8088,"menu_order":0,"comment_status":"closed","ping_status":"closed","template":"","meta":{"_acf_changed":false,"footnotes":""},"class_list":["post-7186","page","type-page","status-publish","has-post-thumbnail","hentry"],"acf":[],"yoast_head":"<!-- This site is optimized with the Yoast SEO plugin v27.4 - https:\/\/yoast.com\/product\/yoast-seo-wordpress\/ -->\n<title>Nos vignobles et nos oliveraies - Kinsterna Hotel<\/title>\n<meta name=\"robots\" content=\"index, follow, max-snippet:-1, max-image-preview:large, max-video-preview:-1\" \/>\n<link rel=\"canonical\" href=\"https:\/\/www.kinsternahotel.gr\/fr\/estate\/our-land\/our-vineyards-and-olive-groves\/\" \/>\n<meta property=\"og:locale\" content=\"fr_FR\" \/>\n<meta property=\"og:type\" content=\"article\" \/>\n<meta property=\"og:title\" content=\"Nos vignobles et nos oliveraies - Kinsterna Hotel\" \/>\n<meta property=\"og:description\" content=\"La tradition grecque des \u00ab terrasses \u00bb dans l&rsquo;architecture du paysage, visant \u00e0 faciliter l&rsquo;\u00e9coulement de l&rsquo;eau pour animer le terrain, a cosign\u00e9 la conception du domaine et est \u00e0 l&rsquo;origine de la mani\u00e8re dont les niveaux de l&rsquo;h\u00f4tel Kinsterna se d\u00e9ploient. En levant les yeux, juste au-dessus des oliveraies centenaires, on aper\u00e7oit, comme un\" \/>\n<meta property=\"og:url\" content=\"https:\/\/www.kinsternahotel.gr\/fr\/estate\/our-land\/our-vineyards-and-olive-groves\/\" \/>\n<meta property=\"og:site_name\" content=\"Kinsterna Hotel\" \/>\n<meta property=\"article:modified_time\" content=\"2025-01-21T12:26:52+00:00\" \/>\n<meta property=\"og:image\" content=\"https:\/\/www.kinsternahotel.gr\/app\/uploads\/sites\/101\/2022\/07\/Kinsterna-land-1.jpg\" \/>\n\t<meta property=\"og:image:width\" content=\"1920\" \/>\n\t<meta property=\"og:image:height\" content=\"1439\" \/>\n\t<meta property=\"og:image:type\" content=\"image\/jpeg\" \/>\n<meta name=\"twitter:card\" content=\"summary_large_image\" \/>\n<meta name=\"twitter:label1\" content=\"Dur\u00e9e de lecture estim\u00e9e\" \/>\n\t<meta name=\"twitter:data1\" content=\"4 minutes\" \/>\n<script type=\"application\/ld+json\" class=\"yoast-schema-graph\">{\"@context\":\"https:\\\/\\\/schema.org\",\"@graph\":[{\"@type\":\"WebPage\",\"@id\":\"https:\\\/\\\/www.kinsternahotel.gr\\\/fr\\\/estate\\\/our-land\\\/our-vineyards-and-olive-groves\\\/\",\"url\":\"https:\\\/\\\/www.kinsternahotel.gr\\\/fr\\\/estate\\\/our-land\\\/our-vineyards-and-olive-groves\\\/\",\"name\":\"Nos vignobles et nos oliveraies - Kinsterna Hotel\",\"isPartOf\":{\"@id\":\"https:\\\/\\\/www.kinsternahotel.gr\\\/fr\\\/#website\"},\"primaryImageOfPage\":{\"@id\":\"https:\\\/\\\/www.kinsternahotel.gr\\\/fr\\\/estate\\\/our-land\\\/our-vineyards-and-olive-groves\\\/#primaryimage\"},\"image\":{\"@id\":\"https:\\\/\\\/www.kinsternahotel.gr\\\/fr\\\/estate\\\/our-land\\\/our-vineyards-and-olive-groves\\\/#primaryimage\"},\"thumbnailUrl\":\"https:\\\/\\\/www.kinsternahotel.gr\\\/app\\\/uploads\\\/sites\\\/101\\\/2022\\\/07\\\/Kinsterna-land-1.jpg\",\"datePublished\":\"2022-07-14T11:45:01+00:00\",\"dateModified\":\"2025-01-21T12:26:52+00:00\",\"breadcrumb\":{\"@id\":\"https:\\\/\\\/www.kinsternahotel.gr\\\/fr\\\/estate\\\/our-land\\\/our-vineyards-and-olive-groves\\\/#breadcrumb\"},\"inLanguage\":\"fr-FR\",\"potentialAction\":[{\"@type\":\"ReadAction\",\"target\":[\"https:\\\/\\\/www.kinsternahotel.gr\\\/fr\\\/estate\\\/our-land\\\/our-vineyards-and-olive-groves\\\/\"]}]},{\"@type\":\"ImageObject\",\"inLanguage\":\"fr-FR\",\"@id\":\"https:\\\/\\\/www.kinsternahotel.gr\\\/fr\\\/estate\\\/our-land\\\/our-vineyards-and-olive-groves\\\/#primaryimage\",\"url\":\"https:\\\/\\\/www.kinsternahotel.gr\\\/app\\\/uploads\\\/sites\\\/101\\\/2022\\\/07\\\/Kinsterna-land-1.jpg\",\"contentUrl\":\"https:\\\/\\\/www.kinsternahotel.gr\\\/app\\\/uploads\\\/sites\\\/101\\\/2022\\\/07\\\/Kinsterna-land-1.jpg\",\"width\":1920,\"height\":1439,\"caption\":\"Kinsterna Vineyards\"},{\"@type\":\"BreadcrumbList\",\"@id\":\"https:\\\/\\\/www.kinsternahotel.gr\\\/fr\\\/estate\\\/our-land\\\/our-vineyards-and-olive-groves\\\/#breadcrumb\",\"itemListElement\":[{\"@type\":\"ListItem\",\"position\":1,\"name\":\"Home\",\"item\":\"https:\\\/\\\/www.kinsternahotel.gr\\\/fr\\\/\"},{\"@type\":\"ListItem\",\"position\":2,\"name\":\"Estate\",\"item\":\"https:\\\/\\\/www.kinsternahotel.gr\\\/fr\\\/estate\\\/\"},{\"@type\":\"ListItem\",\"position\":3,\"name\":\"Nos terres\",\"item\":\"https:\\\/\\\/www.kinsternahotel.gr\\\/fr\\\/estate\\\/our-land\\\/\"},{\"@type\":\"ListItem\",\"position\":4,\"name\":\"Nos vignobles et nos oliveraies\"}]},{\"@type\":\"WebSite\",\"@id\":\"https:\\\/\\\/www.kinsternahotel.gr\\\/fr\\\/#website\",\"url\":\"https:\\\/\\\/www.kinsternahotel.gr\\\/fr\\\/\",\"name\":\"Kinsterna Hotel\",\"description\":\"Kinsterna Hotel, a luxury 5 star hotel located in Monemvasia Greece, the legendary medieval castle city of Peloponnese.\",\"potentialAction\":[{\"@type\":\"SearchAction\",\"target\":{\"@type\":\"EntryPoint\",\"urlTemplate\":\"https:\\\/\\\/www.kinsternahotel.gr\\\/fr\\\/?s={search_term_string}\"},\"query-input\":{\"@type\":\"PropertyValueSpecification\",\"valueRequired\":true,\"valueName\":\"search_term_string\"}}],\"inLanguage\":\"fr-FR\"}]}<\/script>\n<!-- \/ Yoast SEO plugin. -->","yoast_head_json":{"title":"Nos vignobles et nos oliveraies - Kinsterna Hotel","robots":{"index":"index","follow":"follow","max-snippet":"max-snippet:-1","max-image-preview":"max-image-preview:large","max-video-preview":"max-video-preview:-1"},"canonical":"https:\/\/www.kinsternahotel.gr\/fr\/estate\/our-land\/our-vineyards-and-olive-groves\/","og_locale":"fr_FR","og_type":"article","og_title":"Nos vignobles et nos oliveraies - Kinsterna Hotel","og_description":"La tradition grecque des \u00ab terrasses \u00bb dans l&rsquo;architecture du paysage, visant \u00e0 faciliter l&rsquo;\u00e9coulement de l&rsquo;eau pour animer le terrain, a cosign\u00e9 la conception du domaine et est \u00e0 l&rsquo;origine de la mani\u00e8re dont les niveaux de l&rsquo;h\u00f4tel Kinsterna se d\u00e9ploient. En levant les yeux, juste au-dessus des oliveraies centenaires, on aper\u00e7oit, comme un","og_url":"https:\/\/www.kinsternahotel.gr\/fr\/estate\/our-land\/our-vineyards-and-olive-groves\/","og_site_name":"Kinsterna Hotel","article_modified_time":"2025-01-21T12:26:52+00:00","og_image":[{"width":1920,"height":1439,"url":"https:\/\/www.kinsternahotel.gr\/app\/uploads\/sites\/101\/2022\/07\/Kinsterna-land-1.jpg","type":"image\/jpeg"}],"twitter_card":"summary_large_image","twitter_misc":{"Dur\u00e9e de lecture estim\u00e9e":"4 minutes"},"schema":{"@context":"https:\/\/schema.org","@graph":[{"@type":"WebPage","@id":"https:\/\/www.kinsternahotel.gr\/fr\/estate\/our-land\/our-vineyards-and-olive-groves\/","url":"https:\/\/www.kinsternahotel.gr\/fr\/estate\/our-land\/our-vineyards-and-olive-groves\/","name":"Nos vignobles et nos oliveraies - Kinsterna Hotel","isPartOf":{"@id":"https:\/\/www.kinsternahotel.gr\/fr\/#website"},"primaryImageOfPage":{"@id":"https:\/\/www.kinsternahotel.gr\/fr\/estate\/our-land\/our-vineyards-and-olive-groves\/#primaryimage"},"image":{"@id":"https:\/\/www.kinsternahotel.gr\/fr\/estate\/our-land\/our-vineyards-and-olive-groves\/#primaryimage"},"thumbnailUrl":"https:\/\/www.kinsternahotel.gr\/app\/uploads\/sites\/101\/2022\/07\/Kinsterna-land-1.jpg","datePublished":"2022-07-14T11:45:01+00:00","dateModified":"2025-01-21T12:26:52+00:00","breadcrumb":{"@id":"https:\/\/www.kinsternahotel.gr\/fr\/estate\/our-land\/our-vineyards-and-olive-groves\/#breadcrumb"},"inLanguage":"fr-FR","potentialAction":[{"@type":"ReadAction","target":["https:\/\/www.kinsternahotel.gr\/fr\/estate\/our-land\/our-vineyards-and-olive-groves\/"]}]},{"@type":"ImageObject","inLanguage":"fr-FR","@id":"https:\/\/www.kinsternahotel.gr\/fr\/estate\/our-land\/our-vineyards-and-olive-groves\/#primaryimage","url":"https:\/\/www.kinsternahotel.gr\/app\/uploads\/sites\/101\/2022\/07\/Kinsterna-land-1.jpg","contentUrl":"https:\/\/www.kinsternahotel.gr\/app\/uploads\/sites\/101\/2022\/07\/Kinsterna-land-1.jpg","width":1920,"height":1439,"caption":"Kinsterna Vineyards"},{"@type":"BreadcrumbList","@id":"https:\/\/www.kinsternahotel.gr\/fr\/estate\/our-land\/our-vineyards-and-olive-groves\/#breadcrumb","itemListElement":[{"@type":"ListItem","position":1,"name":"Home","item":"https:\/\/www.kinsternahotel.gr\/fr\/"},{"@type":"ListItem","position":2,"name":"Estate","item":"https:\/\/www.kinsternahotel.gr\/fr\/estate\/"},{"@type":"ListItem","position":3,"name":"Nos terres","item":"https:\/\/www.kinsternahotel.gr\/fr\/estate\/our-land\/"},{"@type":"ListItem","position":4,"name":"Nos vignobles et nos oliveraies"}]},{"@type":"WebSite","@id":"https:\/\/www.kinsternahotel.gr\/fr\/#website","url":"https:\/\/www.kinsternahotel.gr\/fr\/","name":"Kinsterna Hotel","description":"Kinsterna Hotel, a luxury 5 star hotel located in Monemvasia Greece, the legendary medieval castle city of Peloponnese.","potentialAction":[{"@type":"SearchAction","target":{"@type":"EntryPoint","urlTemplate":"https:\/\/www.kinsternahotel.gr\/fr\/?s={search_term_string}"},"query-input":{"@type":"PropertyValueSpecification","valueRequired":true,"valueName":"search_term_string"}}],"inLanguage":"fr-FR"}]}},"_links":{"self":[{"href":"https:\/\/www.kinsternahotel.gr\/fr\/wp-json\/wp\/v2\/pages\/7186","targetHints":{"allow":["GET"]}}],"collection":[{"href":"https:\/\/www.kinsternahotel.gr\/fr\/wp-json\/wp\/v2\/pages"}],"about":[{"href":"https:\/\/www.kinsternahotel.gr\/fr\/wp-json\/wp\/v2\/types\/page"}],"author":[{"embeddable":true,"href":"https:\/\/www.kinsternahotel.gr\/fr\/wp-json\/wp\/v2\/users\/326"}],"replies":[{"embeddable":true,"href":"https:\/\/www.kinsternahotel.gr\/fr\/wp-json\/wp\/v2\/comments?post=7186"}],"version-history":[{"count":4,"href":"https:\/\/www.kinsternahotel.gr\/fr\/wp-json\/wp\/v2\/pages\/7186\/revisions"}],"predecessor-version":[{"id":13164,"href":"https:\/\/www.kinsternahotel.gr\/fr\/wp-json\/wp\/v2\/pages\/7186\/revisions\/13164"}],"up":[{"embeddable":true,"href":"https:\/\/www.kinsternahotel.gr\/fr\/wp-json\/wp\/v2\/pages\/8088"}],"wp:featuredmedia":[{"embeddable":true,"href":"https:\/\/www.kinsternahotel.gr\/fr\/wp-json\/wp\/v2\/media\/7014"}],"wp:attachment":[{"href":"https:\/\/www.kinsternahotel.gr\/fr\/wp-json\/wp\/v2\/media?parent=7186"}],"curies":[{"name":"wp","href":"https:\/\/api.w.org\/{rel}","templated":true}]}}