{"id":12894,"date":"2024-12-16T11:02:16","date_gmt":"2024-12-16T09:02:16","guid":{"rendered":"https:\/\/www.kinsternahotel.gr\/?page_id=12894"},"modified":"2025-01-20T15:58:01","modified_gmt":"2025-01-20T13:58:01","slug":"environmental-responsibility","status":"publish","type":"page","link":"https:\/\/www.kinsternahotel.gr\/fr\/estate\/sustainability\/environmental-responsibility\/","title":{"rendered":"Responsabilit\u00e9 environnementale"},"content":{"rendered":"\n<h2 class=\"wp-block-heading has-text-align-center\">Responsabilit\u00e9 environnementale<\/h2>\n\n\n\n<p>Chez Kinsterna, le d\u00e9veloppement durable est pr\u00e9sent dans tous les aspects de nos activit\u00e9s. En adh\u00e9rant aux pratiques de l&rsquo;agriculture biologique, nous cultivons m\u00e9ticuleusement nos vergers et nos jardins, en veillant \u00e0 ce que la terre soit entretenue de mani\u00e8re responsable. Ce d\u00e9vouement nous a valu d&rsquo;\u00eatre reconnus par les Greek Tourism Awards pour avoir pris en compte au moins quatre des objectifs mondiaux de d\u00e9veloppement durable (ODD) des Nations unies, soulignant ainsi notre contribution \u00e0 un avenir plus durable.<\/p>\n\n\n\n<p>L&rsquo;une des pierres angulaires de nos efforts en faveur de l&rsquo;environnement est le profond respect que nous portons \u00e0 la faune et \u00e0 la flore qui \u00e9lisent domicile dans notre domaine. Chaque printemps, les hirondelles migrent vers Kinsterna, construisant des nids dans toute la propri\u00e9t\u00e9 et partageant leurs chants avec nos h\u00f4tes. Pour soutenir ces visiteurs saisonniers, nous avons mis en \u0153uvre plusieurs mesures :<\/p>\n\n\n\n<p>Installer des mangeoires et des points d&rsquo;eau pour leur fournir de la nourriture.<\/p>\n\n\n\n<p>Veiller \u00e0 ce que nos espaces ouverts restent propres et non perturb\u00e9s afin de prot\u00e9ger leurs aires de nidification.<\/p>\n\n\n\n<p>Permettre aux hirondelles de choisir librement leurs sites de nidification, m\u00eame dans les zones les plus en vue du domaine.<\/p>\n\n\n\n<p>Lors des visites guid\u00e9es, nous soulignons l&rsquo;importance de ces gracieux oiseaux, en mettant en \u00e9vidence leur r\u00f4le dans l&rsquo;\u00e9cosyst\u00e8me local et en r\u00e9affirmant notre engagement \u00e0 pr\u00e9server leur habitat.<\/p>\n\n\n\n<p>\u00c0 Kinsterna, nous pensons que le luxe et la durabilit\u00e9 peuvent coexister harmonieusement. En int\u00e9grant des pratiques respectueuses de l&rsquo;environnement dans nos activit\u00e9s quotidiennes, nous veillons \u00e0 ce que les g\u00e9n\u00e9rations futures continuent \u00e0 profiter de la beaut\u00e9 immacul\u00e9e de notre domaine. De la protection des hirondelles nicheuses au maintien des esp\u00e8ces v\u00e9g\u00e9tales indig\u00e8nes, chaque action est guid\u00e9e par notre respect de la terre et de ses habitants. Avec nos h\u00f4tes, nous construisons un avenir plus vert et plus durable.<\/p>\n","protected":false},"excerpt":{"rendered":"<p>Responsabilit\u00e9 environnementale Chez Kinsterna, le d\u00e9veloppement durable est pr\u00e9sent dans tous les aspects de nos activit\u00e9s. En adh\u00e9rant aux pratiques de l&rsquo;agriculture biologique, nous cultivons m\u00e9ticuleusement nos vergers et nos jardins, en veillant \u00e0 ce que la terre soit entretenue de mani\u00e8re responsable. Ce d\u00e9vouement nous a valu d&rsquo;\u00eatre reconnus par les Greek Tourism Awards<\/p>\n","protected":false},"author":326,"featured_media":12822,"parent":12862,"menu_order":0,"comment_status":"closed","ping_status":"closed","template":"","meta":{"_acf_changed":false,"footnotes":""},"class_list":["post-12894","page","type-page","status-publish","has-post-thumbnail","hentry"],"acf":[],"yoast_head":"<!-- This site is optimized with the Yoast SEO plugin v27.5 - https:\/\/yoast.com\/product\/yoast-seo-wordpress\/ -->\n<title>Responsabilit\u00e9 environnementale - Kinsterna Hotel<\/title>\n<meta name=\"robots\" content=\"index, follow, max-snippet:-1, max-image-preview:large, max-video-preview:-1\" \/>\n<link rel=\"canonical\" href=\"https:\/\/www.kinsternahotel.gr\/fr\/estate\/sustainability\/environmental-responsibility\/\" \/>\n<meta property=\"og:locale\" content=\"fr_FR\" \/>\n<meta property=\"og:type\" content=\"article\" \/>\n<meta property=\"og:title\" content=\"Responsabilit\u00e9 environnementale - Kinsterna Hotel\" \/>\n<meta property=\"og:description\" content=\"Responsabilit\u00e9 environnementale Chez Kinsterna, le d\u00e9veloppement durable est pr\u00e9sent dans tous les aspects de nos activit\u00e9s. En adh\u00e9rant aux pratiques de l&rsquo;agriculture biologique, nous cultivons m\u00e9ticuleusement nos vergers et nos jardins, en veillant \u00e0 ce que la terre soit entretenue de mani\u00e8re responsable. Ce d\u00e9vouement nous a valu d&rsquo;\u00eatre reconnus par les Greek Tourism Awards\" \/>\n<meta property=\"og:url\" content=\"https:\/\/www.kinsternahotel.gr\/fr\/estate\/sustainability\/environmental-responsibility\/\" \/>\n<meta property=\"og:site_name\" content=\"Kinsterna Hotel\" \/>\n<meta property=\"article:modified_time\" content=\"2025-01-20T13:58:01+00:00\" \/>\n<meta property=\"og:image\" content=\"https:\/\/www.kinsternahotel.gr\/app\/uploads\/sites\/101\/2024\/12\/Kinsterna-Residences-Exterior.jpg\" \/>\n\t<meta property=\"og:image:width\" content=\"1920\" \/>\n\t<meta property=\"og:image:height\" content=\"1280\" \/>\n\t<meta property=\"og:image:type\" content=\"image\/jpeg\" \/>\n<meta name=\"twitter:card\" content=\"summary_large_image\" \/>\n<meta name=\"twitter:label1\" content=\"Dur\u00e9e de lecture estim\u00e9e\" \/>\n\t<meta name=\"twitter:data1\" content=\"2 minutes\" \/>\n<script type=\"application\/ld+json\" class=\"yoast-schema-graph\">{\"@context\":\"https:\\\/\\\/schema.org\",\"@graph\":[{\"@type\":\"WebPage\",\"@id\":\"https:\\\/\\\/www.kinsternahotel.gr\\\/fr\\\/estate\\\/sustainability\\\/environmental-responsibility\\\/\",\"url\":\"https:\\\/\\\/www.kinsternahotel.gr\\\/fr\\\/estate\\\/sustainability\\\/environmental-responsibility\\\/\",\"name\":\"Responsabilit\u00e9 environnementale - Kinsterna Hotel\",\"isPartOf\":{\"@id\":\"https:\\\/\\\/www.kinsternahotel.gr\\\/fr\\\/#website\"},\"primaryImageOfPage\":{\"@id\":\"https:\\\/\\\/www.kinsternahotel.gr\\\/fr\\\/estate\\\/sustainability\\\/environmental-responsibility\\\/#primaryimage\"},\"image\":{\"@id\":\"https:\\\/\\\/www.kinsternahotel.gr\\\/fr\\\/estate\\\/sustainability\\\/environmental-responsibility\\\/#primaryimage\"},\"thumbnailUrl\":\"https:\\\/\\\/www.kinsternahotel.gr\\\/app\\\/uploads\\\/sites\\\/101\\\/2024\\\/12\\\/Kinsterna-Residences-Exterior.jpg\",\"datePublished\":\"2024-12-16T09:02:16+00:00\",\"dateModified\":\"2025-01-20T13:58:01+00:00\",\"breadcrumb\":{\"@id\":\"https:\\\/\\\/www.kinsternahotel.gr\\\/fr\\\/estate\\\/sustainability\\\/environmental-responsibility\\\/#breadcrumb\"},\"inLanguage\":\"fr-FR\",\"potentialAction\":[{\"@type\":\"ReadAction\",\"target\":[\"https:\\\/\\\/www.kinsternahotel.gr\\\/fr\\\/estate\\\/sustainability\\\/environmental-responsibility\\\/\"]}]},{\"@type\":\"ImageObject\",\"inLanguage\":\"fr-FR\",\"@id\":\"https:\\\/\\\/www.kinsternahotel.gr\\\/fr\\\/estate\\\/sustainability\\\/environmental-responsibility\\\/#primaryimage\",\"url\":\"https:\\\/\\\/www.kinsternahotel.gr\\\/app\\\/uploads\\\/sites\\\/101\\\/2024\\\/12\\\/Kinsterna-Residences-Exterior.jpg\",\"contentUrl\":\"https:\\\/\\\/www.kinsternahotel.gr\\\/app\\\/uploads\\\/sites\\\/101\\\/2024\\\/12\\\/Kinsterna-Residences-Exterior.jpg\",\"width\":1920,\"height\":1280},{\"@type\":\"BreadcrumbList\",\"@id\":\"https:\\\/\\\/www.kinsternahotel.gr\\\/fr\\\/estate\\\/sustainability\\\/environmental-responsibility\\\/#breadcrumb\",\"itemListElement\":[{\"@type\":\"ListItem\",\"position\":1,\"name\":\"Home\",\"item\":\"https:\\\/\\\/www.kinsternahotel.gr\\\/fr\\\/\"},{\"@type\":\"ListItem\",\"position\":2,\"name\":\"Estate\",\"item\":\"https:\\\/\\\/www.kinsternahotel.gr\\\/fr\\\/estate\\\/\"},{\"@type\":\"ListItem\",\"position\":3,\"name\":\"Durabilit\u00e9\",\"item\":\"https:\\\/\\\/www.kinsternahotel.gr\\\/fr\\\/estate\\\/sustainability\\\/\"},{\"@type\":\"ListItem\",\"position\":4,\"name\":\"Responsabilit\u00e9 environnementale\"}]},{\"@type\":\"WebSite\",\"@id\":\"https:\\\/\\\/www.kinsternahotel.gr\\\/fr\\\/#website\",\"url\":\"https:\\\/\\\/www.kinsternahotel.gr\\\/fr\\\/\",\"name\":\"Kinsterna Hotel\",\"description\":\"Kinsterna Hotel, a luxury 5 star hotel located in Monemvasia Greece, the legendary medieval castle city of Peloponnese.\",\"potentialAction\":[{\"@type\":\"SearchAction\",\"target\":{\"@type\":\"EntryPoint\",\"urlTemplate\":\"https:\\\/\\\/www.kinsternahotel.gr\\\/fr\\\/?s={search_term_string}\"},\"query-input\":{\"@type\":\"PropertyValueSpecification\",\"valueRequired\":true,\"valueName\":\"search_term_string\"}}],\"inLanguage\":\"fr-FR\"}]}<\/script>\n<!-- \/ Yoast SEO plugin. -->","yoast_head_json":{"title":"Responsabilit\u00e9 environnementale - Kinsterna Hotel","robots":{"index":"index","follow":"follow","max-snippet":"max-snippet:-1","max-image-preview":"max-image-preview:large","max-video-preview":"max-video-preview:-1"},"canonical":"https:\/\/www.kinsternahotel.gr\/fr\/estate\/sustainability\/environmental-responsibility\/","og_locale":"fr_FR","og_type":"article","og_title":"Responsabilit\u00e9 environnementale - Kinsterna Hotel","og_description":"Responsabilit\u00e9 environnementale Chez Kinsterna, le d\u00e9veloppement durable est pr\u00e9sent dans tous les aspects de nos activit\u00e9s. En adh\u00e9rant aux pratiques de l&rsquo;agriculture biologique, nous cultivons m\u00e9ticuleusement nos vergers et nos jardins, en veillant \u00e0 ce que la terre soit entretenue de mani\u00e8re responsable. Ce d\u00e9vouement nous a valu d&rsquo;\u00eatre reconnus par les Greek Tourism Awards","og_url":"https:\/\/www.kinsternahotel.gr\/fr\/estate\/sustainability\/environmental-responsibility\/","og_site_name":"Kinsterna Hotel","article_modified_time":"2025-01-20T13:58:01+00:00","og_image":[{"width":1920,"height":1280,"url":"https:\/\/www.kinsternahotel.gr\/app\/uploads\/sites\/101\/2024\/12\/Kinsterna-Residences-Exterior.jpg","type":"image\/jpeg"}],"twitter_card":"summary_large_image","twitter_misc":{"Dur\u00e9e de lecture estim\u00e9e":"2 minutes"},"schema":{"@context":"https:\/\/schema.org","@graph":[{"@type":"WebPage","@id":"https:\/\/www.kinsternahotel.gr\/fr\/estate\/sustainability\/environmental-responsibility\/","url":"https:\/\/www.kinsternahotel.gr\/fr\/estate\/sustainability\/environmental-responsibility\/","name":"Responsabilit\u00e9 environnementale - Kinsterna Hotel","isPartOf":{"@id":"https:\/\/www.kinsternahotel.gr\/fr\/#website"},"primaryImageOfPage":{"@id":"https:\/\/www.kinsternahotel.gr\/fr\/estate\/sustainability\/environmental-responsibility\/#primaryimage"},"image":{"@id":"https:\/\/www.kinsternahotel.gr\/fr\/estate\/sustainability\/environmental-responsibility\/#primaryimage"},"thumbnailUrl":"https:\/\/www.kinsternahotel.gr\/app\/uploads\/sites\/101\/2024\/12\/Kinsterna-Residences-Exterior.jpg","datePublished":"2024-12-16T09:02:16+00:00","dateModified":"2025-01-20T13:58:01+00:00","breadcrumb":{"@id":"https:\/\/www.kinsternahotel.gr\/fr\/estate\/sustainability\/environmental-responsibility\/#breadcrumb"},"inLanguage":"fr-FR","potentialAction":[{"@type":"ReadAction","target":["https:\/\/www.kinsternahotel.gr\/fr\/estate\/sustainability\/environmental-responsibility\/"]}]},{"@type":"ImageObject","inLanguage":"fr-FR","@id":"https:\/\/www.kinsternahotel.gr\/fr\/estate\/sustainability\/environmental-responsibility\/#primaryimage","url":"https:\/\/www.kinsternahotel.gr\/app\/uploads\/sites\/101\/2024\/12\/Kinsterna-Residences-Exterior.jpg","contentUrl":"https:\/\/www.kinsternahotel.gr\/app\/uploads\/sites\/101\/2024\/12\/Kinsterna-Residences-Exterior.jpg","width":1920,"height":1280},{"@type":"BreadcrumbList","@id":"https:\/\/www.kinsternahotel.gr\/fr\/estate\/sustainability\/environmental-responsibility\/#breadcrumb","itemListElement":[{"@type":"ListItem","position":1,"name":"Home","item":"https:\/\/www.kinsternahotel.gr\/fr\/"},{"@type":"ListItem","position":2,"name":"Estate","item":"https:\/\/www.kinsternahotel.gr\/fr\/estate\/"},{"@type":"ListItem","position":3,"name":"Durabilit\u00e9","item":"https:\/\/www.kinsternahotel.gr\/fr\/estate\/sustainability\/"},{"@type":"ListItem","position":4,"name":"Responsabilit\u00e9 environnementale"}]},{"@type":"WebSite","@id":"https:\/\/www.kinsternahotel.gr\/fr\/#website","url":"https:\/\/www.kinsternahotel.gr\/fr\/","name":"Kinsterna Hotel","description":"Kinsterna Hotel, a luxury 5 star hotel located in Monemvasia Greece, the legendary medieval castle city of Peloponnese.","potentialAction":[{"@type":"SearchAction","target":{"@type":"EntryPoint","urlTemplate":"https:\/\/www.kinsternahotel.gr\/fr\/?s={search_term_string}"},"query-input":{"@type":"PropertyValueSpecification","valueRequired":true,"valueName":"search_term_string"}}],"inLanguage":"fr-FR"}]}},"_links":{"self":[{"href":"https:\/\/www.kinsternahotel.gr\/fr\/wp-json\/wp\/v2\/pages\/12894","targetHints":{"allow":["GET"]}}],"collection":[{"href":"https:\/\/www.kinsternahotel.gr\/fr\/wp-json\/wp\/v2\/pages"}],"about":[{"href":"https:\/\/www.kinsternahotel.gr\/fr\/wp-json\/wp\/v2\/types\/page"}],"author":[{"embeddable":true,"href":"https:\/\/www.kinsternahotel.gr\/fr\/wp-json\/wp\/v2\/users\/326"}],"replies":[{"embeddable":true,"href":"https:\/\/www.kinsternahotel.gr\/fr\/wp-json\/wp\/v2\/comments?post=12894"}],"version-history":[{"count":2,"href":"https:\/\/www.kinsternahotel.gr\/fr\/wp-json\/wp\/v2\/pages\/12894\/revisions"}],"predecessor-version":[{"id":13087,"href":"https:\/\/www.kinsternahotel.gr\/fr\/wp-json\/wp\/v2\/pages\/12894\/revisions\/13087"}],"up":[{"embeddable":true,"href":"https:\/\/www.kinsternahotel.gr\/fr\/wp-json\/wp\/v2\/pages\/12862"}],"wp:featuredmedia":[{"embeddable":true,"href":"https:\/\/www.kinsternahotel.gr\/fr\/wp-json\/wp\/v2\/media\/12822"}],"wp:attachment":[{"href":"https:\/\/www.kinsternahotel.gr\/fr\/wp-json\/wp\/v2\/media?parent=12894"}],"curies":[{"name":"wp","href":"https:\/\/api.w.org\/{rel}","templated":true}]}}