{"id":12887,"date":"2024-12-16T11:02:26","date_gmt":"2024-12-16T09:02:26","guid":{"rendered":"https:\/\/www.kinsternahotel.gr\/?page_id=12887"},"modified":"2025-01-20T15:58:46","modified_gmt":"2025-01-20T13:58:46","slug":"community-engagement","status":"publish","type":"page","link":"https:\/\/www.kinsternahotel.gr\/fr\/estate\/sustainability\/community-engagement\/","title":{"rendered":"Engagement communautaire"},"content":{"rendered":"\n<h2 class=\"wp-block-heading has-text-align-center\">Engagement communautaire<\/h2>\n\n\n\n<p>\u00c0 Kinsterna, notre engagement en faveur du d\u00e9veloppement durable va au-del\u00e0 de l&rsquo;environnement et s&rsquo;\u00e9tend au c\u0153ur de notre communaut\u00e9 locale. En favorisant des partenariats significatifs et en adoptant des pratiques durables, nous veillons \u00e0 ce que notre succ\u00e8s soit partag\u00e9 avec les personnes et les lieux qui rendent notre domaine si sp\u00e9cial.<\/p>\n\n\n\n<p>Plus de 60 % des ingr\u00e9dients utilis\u00e9s dans nos cuisines proviennent d&rsquo;agriculteurs et d&rsquo;artisans locaux, notamment des viandes \u00e9lev\u00e9es en plein air, des fromages et de la truite fum\u00e9e. Cela permet non seulement d&rsquo;am\u00e9liorer l&rsquo;exp\u00e9rience gastronomique de nos h\u00f4tes, mais aussi de soutenir les moyens de subsistance de nos voisins, favorisant ainsi la croissance \u00e9conomique de la r\u00e9gion. En outre, nous encourageons nos fournisseurs \u00e0 adopter des pratiques respectueuses de l&rsquo;environnement, en alignant leurs activit\u00e9s sur notre \u00e9thique \u00e9cologique.<\/p>\n\n\n\n<p>Environ 70 % de nos employ\u00e9s sont des locaux, ce qui renforce notre engagement en faveur du d\u00e9veloppement \u00e9conomique r\u00e9gional et de la cr\u00e9ation d&#8217;emplois au sein de la communaut\u00e9. Au-del\u00e0 de l&#8217;emploi, nous offrons \u00e0 notre personnel une formation sur les pratiques durables, ce qui leur permet de devenir des ambassadeurs du d\u00e9veloppement durable.<br>durable, ce qui leur permet de devenir des ambassadeurs de la gestion de l&rsquo;environnement, tant au travail que dans leur vie quotidienne.<\/p>\n\n\n\n<p>Kinsterna joue un r\u00f4le actif dans l&rsquo;aide aux personnes dans le besoin. Nous donnons les produits exc\u00e9dentaires de nos vergers, ainsi que les \u00e9quipements de cuisine inutilis\u00e9s, aux banques alimentaires et aux associations caritatives locales. Ces contributions aident les m\u00e9nages vuln\u00e9rables et favorisent un sentiment de solidarit\u00e9 et d&rsquo;attention qui est au c\u0153ur de notre philosophie.<\/p>\n\n\n\n<p>Nous sommes fiers de mettre en valeur le riche patrimoine culturel et les attractions uniques de la r\u00e9gion. Les visiteurs sont encourag\u00e9s \u00e0 se rendre au moulin \u00e0 eau historique du village voisin de Talanta, l&rsquo;un des 11 moulins encore en activit\u00e9 dans la r\u00e9gion. Ce site remarquable offre un aper\u00e7u de l&rsquo;artisanat traditionnel, permettant aux visiteurs de se rapprocher de l&rsquo;histoire et de l&rsquo;esprit de la r\u00e9gion.<\/p>\n\n\n\n<p>De m\u00eame, l&rsquo;impressionnante grotte de Kastania offre une exp\u00e9rience inoubliable aux amoureux de la nature, mettant en lumi\u00e8re les merveilles g\u00e9ologiques de la r\u00e9gion. En promouvant ces destinations, nous contribuons \u00e0 soutenir le tourisme local et \u00e0 pr\u00e9server les tr\u00e9sors de Monemvasia pour les g\u00e9n\u00e9rations futures.<\/p>\n","protected":false},"excerpt":{"rendered":"<p>Engagement communautaire \u00c0 Kinsterna, notre engagement en faveur du d\u00e9veloppement durable va au-del\u00e0 de l&rsquo;environnement et s&rsquo;\u00e9tend au c\u0153ur de notre communaut\u00e9 locale. En favorisant des partenariats significatifs et en adoptant des pratiques durables, nous veillons \u00e0 ce que notre succ\u00e8s soit partag\u00e9 avec les personnes et les lieux qui rendent notre domaine si sp\u00e9cial.<\/p>\n","protected":false},"author":326,"featured_media":12806,"parent":12862,"menu_order":0,"comment_status":"closed","ping_status":"closed","template":"","meta":{"_acf_changed":false,"footnotes":""},"class_list":["post-12887","page","type-page","status-publish","has-post-thumbnail","hentry"],"acf":[],"yoast_head":"<!-- This site is optimized with the Yoast SEO plugin v27.3 - https:\/\/yoast.com\/product\/yoast-seo-wordpress\/ -->\n<title>Engagement communautaire - Kinsterna Hotel<\/title>\n<meta name=\"robots\" content=\"index, follow, max-snippet:-1, max-image-preview:large, max-video-preview:-1\" \/>\n<link rel=\"canonical\" href=\"https:\/\/www.kinsternahotel.gr\/fr\/estate\/sustainability\/community-engagement\/\" \/>\n<meta property=\"og:locale\" content=\"fr_FR\" \/>\n<meta property=\"og:type\" content=\"article\" \/>\n<meta property=\"og:title\" content=\"Engagement communautaire - Kinsterna Hotel\" \/>\n<meta property=\"og:description\" content=\"Engagement communautaire \u00c0 Kinsterna, notre engagement en faveur du d\u00e9veloppement durable va au-del\u00e0 de l&rsquo;environnement et s&rsquo;\u00e9tend au c\u0153ur de notre communaut\u00e9 locale. En favorisant des partenariats significatifs et en adoptant des pratiques durables, nous veillons \u00e0 ce que notre succ\u00e8s soit partag\u00e9 avec les personnes et les lieux qui rendent notre domaine si sp\u00e9cial.\" \/>\n<meta property=\"og:url\" content=\"https:\/\/www.kinsternahotel.gr\/fr\/estate\/sustainability\/community-engagement\/\" \/>\n<meta property=\"og:site_name\" content=\"Kinsterna Hotel\" \/>\n<meta property=\"article:modified_time\" content=\"2025-01-20T13:58:46+00:00\" \/>\n<meta property=\"og:image\" content=\"https:\/\/www.kinsternahotel.gr\/app\/uploads\/sites\/101\/2024\/12\/AK7B5688.jpg\" \/>\n\t<meta property=\"og:image:width\" content=\"1920\" \/>\n\t<meta property=\"og:image:height\" content=\"1280\" \/>\n\t<meta property=\"og:image:type\" content=\"image\/jpeg\" \/>\n<meta name=\"twitter:card\" content=\"summary_large_image\" \/>\n<meta name=\"twitter:label1\" content=\"Dur\u00e9e de lecture estim\u00e9e\" \/>\n\t<meta name=\"twitter:data1\" content=\"2 minutes\" \/>\n<script type=\"application\/ld+json\" class=\"yoast-schema-graph\">{\"@context\":\"https:\\\/\\\/schema.org\",\"@graph\":[{\"@type\":\"WebPage\",\"@id\":\"https:\\\/\\\/www.kinsternahotel.gr\\\/fr\\\/estate\\\/sustainability\\\/community-engagement\\\/\",\"url\":\"https:\\\/\\\/www.kinsternahotel.gr\\\/fr\\\/estate\\\/sustainability\\\/community-engagement\\\/\",\"name\":\"Engagement communautaire - Kinsterna Hotel\",\"isPartOf\":{\"@id\":\"https:\\\/\\\/www.kinsternahotel.gr\\\/fr\\\/#website\"},\"primaryImageOfPage\":{\"@id\":\"https:\\\/\\\/www.kinsternahotel.gr\\\/fr\\\/estate\\\/sustainability\\\/community-engagement\\\/#primaryimage\"},\"image\":{\"@id\":\"https:\\\/\\\/www.kinsternahotel.gr\\\/fr\\\/estate\\\/sustainability\\\/community-engagement\\\/#primaryimage\"},\"thumbnailUrl\":\"https:\\\/\\\/www.kinsternahotel.gr\\\/app\\\/uploads\\\/sites\\\/101\\\/2024\\\/12\\\/AK7B5688.jpg\",\"datePublished\":\"2024-12-16T09:02:26+00:00\",\"dateModified\":\"2025-01-20T13:58:46+00:00\",\"breadcrumb\":{\"@id\":\"https:\\\/\\\/www.kinsternahotel.gr\\\/fr\\\/estate\\\/sustainability\\\/community-engagement\\\/#breadcrumb\"},\"inLanguage\":\"fr-FR\",\"potentialAction\":[{\"@type\":\"ReadAction\",\"target\":[\"https:\\\/\\\/www.kinsternahotel.gr\\\/fr\\\/estate\\\/sustainability\\\/community-engagement\\\/\"]}]},{\"@type\":\"ImageObject\",\"inLanguage\":\"fr-FR\",\"@id\":\"https:\\\/\\\/www.kinsternahotel.gr\\\/fr\\\/estate\\\/sustainability\\\/community-engagement\\\/#primaryimage\",\"url\":\"https:\\\/\\\/www.kinsternahotel.gr\\\/app\\\/uploads\\\/sites\\\/101\\\/2024\\\/12\\\/AK7B5688.jpg\",\"contentUrl\":\"https:\\\/\\\/www.kinsternahotel.gr\\\/app\\\/uploads\\\/sites\\\/101\\\/2024\\\/12\\\/AK7B5688.jpg\",\"width\":1920,\"height\":1280},{\"@type\":\"BreadcrumbList\",\"@id\":\"https:\\\/\\\/www.kinsternahotel.gr\\\/fr\\\/estate\\\/sustainability\\\/community-engagement\\\/#breadcrumb\",\"itemListElement\":[{\"@type\":\"ListItem\",\"position\":1,\"name\":\"Home\",\"item\":\"https:\\\/\\\/www.kinsternahotel.gr\\\/fr\\\/\"},{\"@type\":\"ListItem\",\"position\":2,\"name\":\"Estate\",\"item\":\"https:\\\/\\\/www.kinsternahotel.gr\\\/fr\\\/estate\\\/\"},{\"@type\":\"ListItem\",\"position\":3,\"name\":\"Durabilit\u00e9\",\"item\":\"https:\\\/\\\/www.kinsternahotel.gr\\\/fr\\\/estate\\\/sustainability\\\/\"},{\"@type\":\"ListItem\",\"position\":4,\"name\":\"Engagement communautaire\"}]},{\"@type\":\"WebSite\",\"@id\":\"https:\\\/\\\/www.kinsternahotel.gr\\\/fr\\\/#website\",\"url\":\"https:\\\/\\\/www.kinsternahotel.gr\\\/fr\\\/\",\"name\":\"Kinsterna Hotel\",\"description\":\"Kinsterna Hotel, a luxury 5 star hotel located in Monemvasia Greece, the legendary medieval castle city of Peloponnese.\",\"potentialAction\":[{\"@type\":\"SearchAction\",\"target\":{\"@type\":\"EntryPoint\",\"urlTemplate\":\"https:\\\/\\\/www.kinsternahotel.gr\\\/fr\\\/?s={search_term_string}\"},\"query-input\":{\"@type\":\"PropertyValueSpecification\",\"valueRequired\":true,\"valueName\":\"search_term_string\"}}],\"inLanguage\":\"fr-FR\"}]}<\/script>\n<!-- \/ Yoast SEO plugin. -->","yoast_head_json":{"title":"Engagement communautaire - Kinsterna Hotel","robots":{"index":"index","follow":"follow","max-snippet":"max-snippet:-1","max-image-preview":"max-image-preview:large","max-video-preview":"max-video-preview:-1"},"canonical":"https:\/\/www.kinsternahotel.gr\/fr\/estate\/sustainability\/community-engagement\/","og_locale":"fr_FR","og_type":"article","og_title":"Engagement communautaire - Kinsterna Hotel","og_description":"Engagement communautaire \u00c0 Kinsterna, notre engagement en faveur du d\u00e9veloppement durable va au-del\u00e0 de l&rsquo;environnement et s&rsquo;\u00e9tend au c\u0153ur de notre communaut\u00e9 locale. En favorisant des partenariats significatifs et en adoptant des pratiques durables, nous veillons \u00e0 ce que notre succ\u00e8s soit partag\u00e9 avec les personnes et les lieux qui rendent notre domaine si sp\u00e9cial.","og_url":"https:\/\/www.kinsternahotel.gr\/fr\/estate\/sustainability\/community-engagement\/","og_site_name":"Kinsterna Hotel","article_modified_time":"2025-01-20T13:58:46+00:00","og_image":[{"width":1920,"height":1280,"url":"https:\/\/www.kinsternahotel.gr\/app\/uploads\/sites\/101\/2024\/12\/AK7B5688.jpg","type":"image\/jpeg"}],"twitter_card":"summary_large_image","twitter_misc":{"Dur\u00e9e de lecture estim\u00e9e":"2 minutes"},"schema":{"@context":"https:\/\/schema.org","@graph":[{"@type":"WebPage","@id":"https:\/\/www.kinsternahotel.gr\/fr\/estate\/sustainability\/community-engagement\/","url":"https:\/\/www.kinsternahotel.gr\/fr\/estate\/sustainability\/community-engagement\/","name":"Engagement communautaire - Kinsterna Hotel","isPartOf":{"@id":"https:\/\/www.kinsternahotel.gr\/fr\/#website"},"primaryImageOfPage":{"@id":"https:\/\/www.kinsternahotel.gr\/fr\/estate\/sustainability\/community-engagement\/#primaryimage"},"image":{"@id":"https:\/\/www.kinsternahotel.gr\/fr\/estate\/sustainability\/community-engagement\/#primaryimage"},"thumbnailUrl":"https:\/\/www.kinsternahotel.gr\/app\/uploads\/sites\/101\/2024\/12\/AK7B5688.jpg","datePublished":"2024-12-16T09:02:26+00:00","dateModified":"2025-01-20T13:58:46+00:00","breadcrumb":{"@id":"https:\/\/www.kinsternahotel.gr\/fr\/estate\/sustainability\/community-engagement\/#breadcrumb"},"inLanguage":"fr-FR","potentialAction":[{"@type":"ReadAction","target":["https:\/\/www.kinsternahotel.gr\/fr\/estate\/sustainability\/community-engagement\/"]}]},{"@type":"ImageObject","inLanguage":"fr-FR","@id":"https:\/\/www.kinsternahotel.gr\/fr\/estate\/sustainability\/community-engagement\/#primaryimage","url":"https:\/\/www.kinsternahotel.gr\/app\/uploads\/sites\/101\/2024\/12\/AK7B5688.jpg","contentUrl":"https:\/\/www.kinsternahotel.gr\/app\/uploads\/sites\/101\/2024\/12\/AK7B5688.jpg","width":1920,"height":1280},{"@type":"BreadcrumbList","@id":"https:\/\/www.kinsternahotel.gr\/fr\/estate\/sustainability\/community-engagement\/#breadcrumb","itemListElement":[{"@type":"ListItem","position":1,"name":"Home","item":"https:\/\/www.kinsternahotel.gr\/fr\/"},{"@type":"ListItem","position":2,"name":"Estate","item":"https:\/\/www.kinsternahotel.gr\/fr\/estate\/"},{"@type":"ListItem","position":3,"name":"Durabilit\u00e9","item":"https:\/\/www.kinsternahotel.gr\/fr\/estate\/sustainability\/"},{"@type":"ListItem","position":4,"name":"Engagement communautaire"}]},{"@type":"WebSite","@id":"https:\/\/www.kinsternahotel.gr\/fr\/#website","url":"https:\/\/www.kinsternahotel.gr\/fr\/","name":"Kinsterna Hotel","description":"Kinsterna Hotel, a luxury 5 star hotel located in Monemvasia Greece, the legendary medieval castle city of Peloponnese.","potentialAction":[{"@type":"SearchAction","target":{"@type":"EntryPoint","urlTemplate":"https:\/\/www.kinsternahotel.gr\/fr\/?s={search_term_string}"},"query-input":{"@type":"PropertyValueSpecification","valueRequired":true,"valueName":"search_term_string"}}],"inLanguage":"fr-FR"}]}},"_links":{"self":[{"href":"https:\/\/www.kinsternahotel.gr\/fr\/wp-json\/wp\/v2\/pages\/12887","targetHints":{"allow":["GET"]}}],"collection":[{"href":"https:\/\/www.kinsternahotel.gr\/fr\/wp-json\/wp\/v2\/pages"}],"about":[{"href":"https:\/\/www.kinsternahotel.gr\/fr\/wp-json\/wp\/v2\/types\/page"}],"author":[{"embeddable":true,"href":"https:\/\/www.kinsternahotel.gr\/fr\/wp-json\/wp\/v2\/users\/326"}],"replies":[{"embeddable":true,"href":"https:\/\/www.kinsternahotel.gr\/fr\/wp-json\/wp\/v2\/comments?post=12887"}],"version-history":[{"count":2,"href":"https:\/\/www.kinsternahotel.gr\/fr\/wp-json\/wp\/v2\/pages\/12887\/revisions"}],"predecessor-version":[{"id":12891,"href":"https:\/\/www.kinsternahotel.gr\/fr\/wp-json\/wp\/v2\/pages\/12887\/revisions\/12891"}],"up":[{"embeddable":true,"href":"https:\/\/www.kinsternahotel.gr\/fr\/wp-json\/wp\/v2\/pages\/12862"}],"wp:featuredmedia":[{"embeddable":true,"href":"https:\/\/www.kinsternahotel.gr\/fr\/wp-json\/wp\/v2\/media\/12806"}],"wp:attachment":[{"href":"https:\/\/www.kinsternahotel.gr\/fr\/wp-json\/wp\/v2\/media?parent=12887"}],"curies":[{"name":"wp","href":"https:\/\/api.w.org\/{rel}","templated":true}]}}