{"id":12871,"date":"2024-12-16T11:02:33","date_gmt":"2024-12-16T09:02:33","guid":{"rendered":"https:\/\/www.kinsternahotel.gr\/?page_id=12871"},"modified":"2025-01-20T16:03:05","modified_gmt":"2025-01-20T14:03:06","slug":"biodiversity","status":"publish","type":"page","link":"https:\/\/www.kinsternahotel.gr\/fr\/estate\/sustainability\/biodiversity\/","title":{"rendered":"Biodiversit\u00e9"},"content":{"rendered":"\n<h2 class=\"wp-block-heading has-text-align-center\">Biodiversit\u00e9<\/h2>\n\n\n\n<p><br>Le domaine verdoyant de 25 acres de Kinsterna, nich\u00e9 au c\u0153ur de Monemvasia, sert de sanctuaire dynamique \u00e0 plus de 250 esp\u00e8ces v\u00e9g\u00e9tales indig\u00e8nes, y compris des vari\u00e9t\u00e9s rares et end\u00e9miques. Cette \u00e9tendue luxuriante d&rsquo;oliveraies, de vignobles et d&rsquo;orangeraies t\u00e9moigne de la biodiversit\u00e9 in\u00e9gal\u00e9e de la r\u00e9gion, qualifi\u00e9e d&rsquo;\u00ab Eldorado de la nature \u00bb par la journaliste Lina Giannakou dans le journal Kathimerini.<\/p>\n\n\n\n<p>Notre engagement en faveur de la biodiversit\u00e9 se manifeste dans toutes les facettes de notre domaine. Kinsterna abrite des ruches prosp\u00e8res qui produisent du miel frais et une ferme o\u00f9 les h\u00f4tes peuvent rencontrer des chevaux, des \u00e2nes, des moutons, des ch\u00e8vres et des poules qui fournissent des \u0153ufs frais tous les jours. Cette approche \u00ab de la ferme \u00e0 la table \u00bb s&rsquo;\u00e9tend \u00e0 nos vergers luxuriants, o\u00f9 les h\u00f4tes qui se d\u00e9tendent au bord de la piscine peuvent savourer des fruits fra\u00eechement cueillis, notamment des kumquats exotiques, des goyaves ou m\u00eame des bananes &#8211; un d\u00e9licieux t\u00e9moignage de notre engagement en faveur d&rsquo;une culture durable.<\/p>\n\n\n\n<p>Kinsterna collabore \u00e9troitement avec la municipalit\u00e9 de Monemvasia pour pr\u00e9server la beaut\u00e9 naturelle de la r\u00e9gion gr\u00e2ce \u00e0 des initiatives telles que l&rsquo;\u00e9tude et la signalisation des anciens sentiers. La restauration et le marquage de ces anciens sentiers permettent aux visiteurs d&rsquo;explorer les paysages luxuriants de Monemvasia tout en sauvegardant son patrimoine culturel et \u00e9cologique. L&rsquo;une des exp\u00e9riences propos\u00e9es est une randonn\u00e9e pittoresque guid\u00e9e le long de ces sentiers, qui se termine par un arr\u00eat au village de Koulentia. Ici, les visiteurs peuvent prendre un caf\u00e9 dans le vieux manoir des propri\u00e9taires de Kinsterna, ce qui ajoute un charme historique et local au voyage.<\/p>\n\n\n\n<p>Les m\u00e9thodes d&rsquo;agriculture biologique et une approche m\u00e9ticuleuse de la gestion des terres d\u00e9finissent les activit\u00e9s de Kinsterna. Des produits frais servis dans nos cuisines \u00e0 nos vins et huiles d&rsquo;olive prim\u00e9s, chaque produit refl\u00e8te l&rsquo;harmonie entre luxe et responsabilit\u00e9. Au-del\u00e0 de notre domaine, nous promouvons activement la biodiversit\u00e9 r\u00e9gionale en encourageant l&rsquo;exploration des sites voisins tels que la grotte de Kastania et les zones humides de Laconia, qui sont riches d&rsquo;une flore et d&rsquo;une faune uniques.<\/p>\n\n\n\n<p>Kinsterna est un phare de la biodiversit\u00e9 et du tourisme durable, garantissant que l&rsquo;\u00ab Eldorado de la nature \u00bb prosp\u00e8re pour les g\u00e9n\u00e9rations \u00e0 venir. Nous invitons nos h\u00f4tes \u00e0 s&rsquo;approprier cette connexion avec le monde naturel, en laissant non seulement des empreintes mais aussi des contributions durables \u00e0 la pr\u00e9servation de cet \u00e9cosyst\u00e8me exceptionnel.<\/p>\n","protected":false},"excerpt":{"rendered":"<p>Biodiversit\u00e9 Le domaine verdoyant de 25 acres de Kinsterna, nich\u00e9 au c\u0153ur de Monemvasia, sert de sanctuaire dynamique \u00e0 plus de 250 esp\u00e8ces v\u00e9g\u00e9tales indig\u00e8nes, y compris des vari\u00e9t\u00e9s rares et end\u00e9miques. Cette \u00e9tendue luxuriante d&rsquo;oliveraies, de vignobles et d&rsquo;orangeraies t\u00e9moigne de la biodiversit\u00e9 in\u00e9gal\u00e9e de la r\u00e9gion, qualifi\u00e9e d&rsquo;\u00ab Eldorado de la nature \u00bb<\/p>\n","protected":false},"author":326,"featured_media":12814,"parent":12862,"menu_order":0,"comment_status":"closed","ping_status":"closed","template":"","meta":{"_acf_changed":false,"footnotes":""},"class_list":["post-12871","page","type-page","status-publish","has-post-thumbnail","hentry"],"acf":[],"yoast_head":"<!-- This site is optimized with the Yoast SEO plugin v27.3 - https:\/\/yoast.com\/product\/yoast-seo-wordpress\/ -->\n<title>Biodiversit\u00e9 - Kinsterna Hotel<\/title>\n<meta name=\"robots\" content=\"index, follow, max-snippet:-1, max-image-preview:large, max-video-preview:-1\" \/>\n<link rel=\"canonical\" href=\"https:\/\/www.kinsternahotel.gr\/fr\/estate\/sustainability\/biodiversity\/\" \/>\n<meta property=\"og:locale\" content=\"fr_FR\" \/>\n<meta property=\"og:type\" content=\"article\" \/>\n<meta property=\"og:title\" content=\"Biodiversit\u00e9 - Kinsterna Hotel\" \/>\n<meta property=\"og:description\" content=\"Biodiversit\u00e9 Le domaine verdoyant de 25 acres de Kinsterna, nich\u00e9 au c\u0153ur de Monemvasia, sert de sanctuaire dynamique \u00e0 plus de 250 esp\u00e8ces v\u00e9g\u00e9tales indig\u00e8nes, y compris des vari\u00e9t\u00e9s rares et end\u00e9miques. Cette \u00e9tendue luxuriante d&rsquo;oliveraies, de vignobles et d&rsquo;orangeraies t\u00e9moigne de la biodiversit\u00e9 in\u00e9gal\u00e9e de la r\u00e9gion, qualifi\u00e9e d&rsquo;\u00ab Eldorado de la nature \u00bb\" \/>\n<meta property=\"og:url\" content=\"https:\/\/www.kinsternahotel.gr\/fr\/estate\/sustainability\/biodiversity\/\" \/>\n<meta property=\"og:site_name\" content=\"Kinsterna Hotel\" \/>\n<meta property=\"article:modified_time\" content=\"2025-01-20T14:03:06+00:00\" \/>\n<meta property=\"og:image\" content=\"https:\/\/www.kinsternahotel.gr\/app\/uploads\/sites\/101\/2024\/12\/Hiking-to-the-vineyards.jpg\" \/>\n\t<meta property=\"og:image:width\" content=\"1920\" \/>\n\t<meta property=\"og:image:height\" content=\"1280\" \/>\n\t<meta property=\"og:image:type\" content=\"image\/jpeg\" \/>\n<meta name=\"twitter:card\" content=\"summary_large_image\" \/>\n<meta name=\"twitter:label1\" content=\"Dur\u00e9e de lecture estim\u00e9e\" \/>\n\t<meta name=\"twitter:data1\" content=\"2 minutes\" \/>\n<script type=\"application\/ld+json\" class=\"yoast-schema-graph\">{\"@context\":\"https:\\\/\\\/schema.org\",\"@graph\":[{\"@type\":\"WebPage\",\"@id\":\"https:\\\/\\\/www.kinsternahotel.gr\\\/fr\\\/estate\\\/sustainability\\\/biodiversity\\\/\",\"url\":\"https:\\\/\\\/www.kinsternahotel.gr\\\/fr\\\/estate\\\/sustainability\\\/biodiversity\\\/\",\"name\":\"Biodiversit\u00e9 - Kinsterna Hotel\",\"isPartOf\":{\"@id\":\"https:\\\/\\\/www.kinsternahotel.gr\\\/fr\\\/#website\"},\"primaryImageOfPage\":{\"@id\":\"https:\\\/\\\/www.kinsternahotel.gr\\\/fr\\\/estate\\\/sustainability\\\/biodiversity\\\/#primaryimage\"},\"image\":{\"@id\":\"https:\\\/\\\/www.kinsternahotel.gr\\\/fr\\\/estate\\\/sustainability\\\/biodiversity\\\/#primaryimage\"},\"thumbnailUrl\":\"https:\\\/\\\/www.kinsternahotel.gr\\\/app\\\/uploads\\\/sites\\\/101\\\/2024\\\/12\\\/Hiking-to-the-vineyards.jpg\",\"datePublished\":\"2024-12-16T09:02:33+00:00\",\"dateModified\":\"2025-01-20T14:03:06+00:00\",\"breadcrumb\":{\"@id\":\"https:\\\/\\\/www.kinsternahotel.gr\\\/fr\\\/estate\\\/sustainability\\\/biodiversity\\\/#breadcrumb\"},\"inLanguage\":\"fr-FR\",\"potentialAction\":[{\"@type\":\"ReadAction\",\"target\":[\"https:\\\/\\\/www.kinsternahotel.gr\\\/fr\\\/estate\\\/sustainability\\\/biodiversity\\\/\"]}]},{\"@type\":\"ImageObject\",\"inLanguage\":\"fr-FR\",\"@id\":\"https:\\\/\\\/www.kinsternahotel.gr\\\/fr\\\/estate\\\/sustainability\\\/biodiversity\\\/#primaryimage\",\"url\":\"https:\\\/\\\/www.kinsternahotel.gr\\\/app\\\/uploads\\\/sites\\\/101\\\/2024\\\/12\\\/Hiking-to-the-vineyards.jpg\",\"contentUrl\":\"https:\\\/\\\/www.kinsternahotel.gr\\\/app\\\/uploads\\\/sites\\\/101\\\/2024\\\/12\\\/Hiking-to-the-vineyards.jpg\",\"width\":1920,\"height\":1280},{\"@type\":\"BreadcrumbList\",\"@id\":\"https:\\\/\\\/www.kinsternahotel.gr\\\/fr\\\/estate\\\/sustainability\\\/biodiversity\\\/#breadcrumb\",\"itemListElement\":[{\"@type\":\"ListItem\",\"position\":1,\"name\":\"Home\",\"item\":\"https:\\\/\\\/www.kinsternahotel.gr\\\/fr\\\/\"},{\"@type\":\"ListItem\",\"position\":2,\"name\":\"Estate\",\"item\":\"https:\\\/\\\/www.kinsternahotel.gr\\\/fr\\\/estate\\\/\"},{\"@type\":\"ListItem\",\"position\":3,\"name\":\"Durabilit\u00e9\",\"item\":\"https:\\\/\\\/www.kinsternahotel.gr\\\/fr\\\/estate\\\/sustainability\\\/\"},{\"@type\":\"ListItem\",\"position\":4,\"name\":\"Biodiversit\u00e9\"}]},{\"@type\":\"WebSite\",\"@id\":\"https:\\\/\\\/www.kinsternahotel.gr\\\/fr\\\/#website\",\"url\":\"https:\\\/\\\/www.kinsternahotel.gr\\\/fr\\\/\",\"name\":\"Kinsterna Hotel\",\"description\":\"Kinsterna Hotel, a luxury 5 star hotel located in Monemvasia Greece, the legendary medieval castle city of Peloponnese.\",\"potentialAction\":[{\"@type\":\"SearchAction\",\"target\":{\"@type\":\"EntryPoint\",\"urlTemplate\":\"https:\\\/\\\/www.kinsternahotel.gr\\\/fr\\\/?s={search_term_string}\"},\"query-input\":{\"@type\":\"PropertyValueSpecification\",\"valueRequired\":true,\"valueName\":\"search_term_string\"}}],\"inLanguage\":\"fr-FR\"}]}<\/script>\n<!-- \/ Yoast SEO plugin. -->","yoast_head_json":{"title":"Biodiversit\u00e9 - Kinsterna Hotel","robots":{"index":"index","follow":"follow","max-snippet":"max-snippet:-1","max-image-preview":"max-image-preview:large","max-video-preview":"max-video-preview:-1"},"canonical":"https:\/\/www.kinsternahotel.gr\/fr\/estate\/sustainability\/biodiversity\/","og_locale":"fr_FR","og_type":"article","og_title":"Biodiversit\u00e9 - Kinsterna Hotel","og_description":"Biodiversit\u00e9 Le domaine verdoyant de 25 acres de Kinsterna, nich\u00e9 au c\u0153ur de Monemvasia, sert de sanctuaire dynamique \u00e0 plus de 250 esp\u00e8ces v\u00e9g\u00e9tales indig\u00e8nes, y compris des vari\u00e9t\u00e9s rares et end\u00e9miques. Cette \u00e9tendue luxuriante d&rsquo;oliveraies, de vignobles et d&rsquo;orangeraies t\u00e9moigne de la biodiversit\u00e9 in\u00e9gal\u00e9e de la r\u00e9gion, qualifi\u00e9e d&rsquo;\u00ab Eldorado de la nature \u00bb","og_url":"https:\/\/www.kinsternahotel.gr\/fr\/estate\/sustainability\/biodiversity\/","og_site_name":"Kinsterna Hotel","article_modified_time":"2025-01-20T14:03:06+00:00","og_image":[{"width":1920,"height":1280,"url":"https:\/\/www.kinsternahotel.gr\/app\/uploads\/sites\/101\/2024\/12\/Hiking-to-the-vineyards.jpg","type":"image\/jpeg"}],"twitter_card":"summary_large_image","twitter_misc":{"Dur\u00e9e de lecture estim\u00e9e":"2 minutes"},"schema":{"@context":"https:\/\/schema.org","@graph":[{"@type":"WebPage","@id":"https:\/\/www.kinsternahotel.gr\/fr\/estate\/sustainability\/biodiversity\/","url":"https:\/\/www.kinsternahotel.gr\/fr\/estate\/sustainability\/biodiversity\/","name":"Biodiversit\u00e9 - Kinsterna Hotel","isPartOf":{"@id":"https:\/\/www.kinsternahotel.gr\/fr\/#website"},"primaryImageOfPage":{"@id":"https:\/\/www.kinsternahotel.gr\/fr\/estate\/sustainability\/biodiversity\/#primaryimage"},"image":{"@id":"https:\/\/www.kinsternahotel.gr\/fr\/estate\/sustainability\/biodiversity\/#primaryimage"},"thumbnailUrl":"https:\/\/www.kinsternahotel.gr\/app\/uploads\/sites\/101\/2024\/12\/Hiking-to-the-vineyards.jpg","datePublished":"2024-12-16T09:02:33+00:00","dateModified":"2025-01-20T14:03:06+00:00","breadcrumb":{"@id":"https:\/\/www.kinsternahotel.gr\/fr\/estate\/sustainability\/biodiversity\/#breadcrumb"},"inLanguage":"fr-FR","potentialAction":[{"@type":"ReadAction","target":["https:\/\/www.kinsternahotel.gr\/fr\/estate\/sustainability\/biodiversity\/"]}]},{"@type":"ImageObject","inLanguage":"fr-FR","@id":"https:\/\/www.kinsternahotel.gr\/fr\/estate\/sustainability\/biodiversity\/#primaryimage","url":"https:\/\/www.kinsternahotel.gr\/app\/uploads\/sites\/101\/2024\/12\/Hiking-to-the-vineyards.jpg","contentUrl":"https:\/\/www.kinsternahotel.gr\/app\/uploads\/sites\/101\/2024\/12\/Hiking-to-the-vineyards.jpg","width":1920,"height":1280},{"@type":"BreadcrumbList","@id":"https:\/\/www.kinsternahotel.gr\/fr\/estate\/sustainability\/biodiversity\/#breadcrumb","itemListElement":[{"@type":"ListItem","position":1,"name":"Home","item":"https:\/\/www.kinsternahotel.gr\/fr\/"},{"@type":"ListItem","position":2,"name":"Estate","item":"https:\/\/www.kinsternahotel.gr\/fr\/estate\/"},{"@type":"ListItem","position":3,"name":"Durabilit\u00e9","item":"https:\/\/www.kinsternahotel.gr\/fr\/estate\/sustainability\/"},{"@type":"ListItem","position":4,"name":"Biodiversit\u00e9"}]},{"@type":"WebSite","@id":"https:\/\/www.kinsternahotel.gr\/fr\/#website","url":"https:\/\/www.kinsternahotel.gr\/fr\/","name":"Kinsterna Hotel","description":"Kinsterna Hotel, a luxury 5 star hotel located in Monemvasia Greece, the legendary medieval castle city of Peloponnese.","potentialAction":[{"@type":"SearchAction","target":{"@type":"EntryPoint","urlTemplate":"https:\/\/www.kinsternahotel.gr\/fr\/?s={search_term_string}"},"query-input":{"@type":"PropertyValueSpecification","valueRequired":true,"valueName":"search_term_string"}}],"inLanguage":"fr-FR"}]}},"_links":{"self":[{"href":"https:\/\/www.kinsternahotel.gr\/fr\/wp-json\/wp\/v2\/pages\/12871","targetHints":{"allow":["GET"]}}],"collection":[{"href":"https:\/\/www.kinsternahotel.gr\/fr\/wp-json\/wp\/v2\/pages"}],"about":[{"href":"https:\/\/www.kinsternahotel.gr\/fr\/wp-json\/wp\/v2\/types\/page"}],"author":[{"embeddable":true,"href":"https:\/\/www.kinsternahotel.gr\/fr\/wp-json\/wp\/v2\/users\/326"}],"replies":[{"embeddable":true,"href":"https:\/\/www.kinsternahotel.gr\/fr\/wp-json\/wp\/v2\/comments?post=12871"}],"version-history":[{"count":5,"href":"https:\/\/www.kinsternahotel.gr\/fr\/wp-json\/wp\/v2\/pages\/12871\/revisions"}],"predecessor-version":[{"id":13097,"href":"https:\/\/www.kinsternahotel.gr\/fr\/wp-json\/wp\/v2\/pages\/12871\/revisions\/13097"}],"up":[{"embeddable":true,"href":"https:\/\/www.kinsternahotel.gr\/fr\/wp-json\/wp\/v2\/pages\/12862"}],"wp:featuredmedia":[{"embeddable":true,"href":"https:\/\/www.kinsternahotel.gr\/fr\/wp-json\/wp\/v2\/media\/12814"}],"wp:attachment":[{"href":"https:\/\/www.kinsternahotel.gr\/fr\/wp-json\/wp\/v2\/media?parent=12871"}],"curies":[{"name":"wp","href":"https:\/\/api.w.org\/{rel}","templated":true}]}}