{"id":5985,"date":"2022-06-29T17:24:00","date_gmt":"2022-06-29T14:24:00","guid":{"rendered":"https:\/\/www.kinsternahotel.gr\/location\/attractions\/"},"modified":"2022-11-16T09:25:56","modified_gmt":"2022-11-16T07:25:56","slug":"attractions","status":"publish","type":"page","link":"https:\/\/www.kinsternahotel.gr\/de\/location\/attractions\/","title":{"rendered":"Sightseeing"},"content":{"rendered":"\n<p>Die Region des s\u00fcdlichen Peloponnes bietet wunderbare Sehensw\u00fcrdigkeiten, herrliche Natur und malerische Orte, die mit dem Auto besucht werden k\u00f6nnen. Wir empfehlen die folgenden Sehensw\u00fcrdigkeiten, um Ihre Erkundung zu beginnen:<\/p>\n\n<p class=\"has-text-align-center\"><strong>Mittelalterliche Burg von Monemvasia<\/strong><\/p>\n\n<p>Die sch\u00f6ne Burgstadt Monemvasia ist von gro\u00dfer historischer, architektonischer, kultureller und geografischer Bedeutung. Bei einem Spaziergang durch die Burgstadt lernen wir die historischen Kirchen, Mauern, niedrigen und gro\u00dfen B\u00f6gen und malerischen Kopfsteinpflasterstra\u00dfen kennen, die von der mittelalterlichen Vergangenheit der Stadt zeugen. Die byzantinische Festung, um die uns die Venezianer, die Slawen, die Franken, die Araber und die Osmanen in vielen verschiedenen Epochen beneidet haben, steht stolz am Eingang zu einem der sch\u00f6nsten Winkel des Peloponnes. Die mittelalterliche Burgstadt ist nur zehn Autominuten vom Kinsterna Hotel entfernt. Von dort aus k\u00f6nnen Sie auch die Oberstadt mit der byzantinischen Kirche Aghia Sophia aus dem 13. Jahrhundert besichtigen. Sie haben auch die M\u00f6glichkeit, die Burgstadt mit einer einzigartigen Bootsfahrt zu besichtigen, die Sie \u00fcber das Herrenhaus Kinsterna buchen k\u00f6nnen, um die hervorragende Aussicht auf die mittelalterliche Burg vom Meer aus zu bewundern.<\/p>\n\n<p class=\"has-text-align-center\"><strong>Die H\u00f6hle von Kastania<\/strong><\/p>\n\n<p>Die Besichtigung der H\u00f6hle von Kastania wird Sie verzaubern. Sie gilt als die zweite ihrer Art in Europa und stammt aus der Jurazeit. Die beeindruckenden Stalagmiten und fantasievollen Felsformationen sind eine einzigartige Attraktion. Die Fahrt mit dem Auto dauert eineinhalb Stunden, und f\u00fcr dieses Ziel haben Sie auch die M\u00f6glichkeit, die H\u00f6hle mit dem Boot des Herrenhauses zu besuchen.<\/p>\n\n<p class=\"has-text-align-center\"><strong>Pavlopetri, die \u00e4lteste versunkene Stadt der Welt<\/strong><\/p>\n\n<p>F\u00fcr diejenigen, die von Geschichten \u00fcber mythische St\u00e4dte fasziniert sind, die in tiefblauen Gew\u00e4ssern versunken sind, sollte ein Besuch der Ruinen der antiken Stadt Pavlopetri, die sich gegen\u00fcber von Elafonisos und eine 20-min\u00fctige Autofahrt von der Villa entfernt befindet, auf jeden Fall in die Liste der Erlebnisse aufgenommen werden, die Sie w\u00e4hrend Ihres Aufenthalts im Kinsterna Hotel machen k\u00f6nnen. Eine weitere sehenswerte Attraktion ist die antike versunkene Stadt Asopos am Strand von Plytra.<\/p>\n\n<p class=\"has-text-align-center\"><strong>Gerakas<\/strong><\/p>\n\n<p>Besuchen Sie diesen sch\u00f6nen traditionellen Hafen mit dem einzigen nat\u00fcrlichen Fjord in S\u00fcdeuropa, der eine Verbindung zum Festland herstellt. Es handelt sich um ein Feuchtgebiet, das sich ideal f\u00fcr die Vogelbeobachtung eignet, da es aufgrund der geringen Wassertiefe und des reichhaltigen Nahrungsangebots als Durchzugs- und \u00dcberwinterungsstation f\u00fcr Zugv\u00f6gel und manchmal auch f\u00fcr Schw\u00e4ne und Gr\u00fcnenten dient. Fischrestaurants und Caf\u00e9s am Wasser versprechen einen angenehmen Ausklang mit Blick auf das Meer und die Berge. In einer Entfernung von 200 m befinden sich die Ruinen der antiken Stadt Zaraka (200-150 v. Chr.).<\/p>\n\n<p class=\"has-text-align-center\"><strong>Versteinerter Wald<\/strong><\/p>\n\n<p>\u00d6stlich von Neapolis befindet sich ein beeindruckender versteinerter Wald direkt am Meer. Teile von Palmen und anderen B\u00e4umen, die zu Stein geworden sind, sind mit blo\u00dfem Auge zu erkennen, sowohl in der felsigen Landschaft rund um die Sandstr\u00e4nde als auch unter der Wasseroberfl\u00e4che. Dieses Naturwunder ist ein seltenes Ph\u00e4nomen und wurde in den Atlas der geologischen Denkm\u00e4ler der \u00c4g\u00e4is aufgenommen.<\/p>\n\n<p class=\"has-text-align-center\"><strong>Wasserm\u00fchle Talanta<\/strong><\/p>\n\n<p>Sie ist die einzige der 11 Wasserm\u00fchlen in der Gegend, die restauriert wurde und heute die Energie des Wassers zum Mahlen nutzt. Die Wasserm\u00fchle ist ein hervorragendes Beispiel f\u00fcr alte Technik und liegt in einer wundersch\u00f6nen Naturlandschaft mit Walnussb\u00e4umen, Platanen und Myrten. Auch die 20 Minuten entfernte Wasserm\u00fchle von Vrysika ist ein interessanter Ort, den man besuchen kann.<\/p>\n\n<p class=\"has-text-align-center\"><strong>Mani<\/strong><\/p>\n\n<p>Nach 98 km auf der Stra\u00dfe erreichen wir Areopolis in der \u00f6stlichen Mani. Es handelt sich um eine historische Siedlung, die ihre Unabh\u00e4ngigkeit w\u00e4hrend der osmanischen Herrschaft bewahrt hat und zum gesch\u00fctzten Ort erkl\u00e4rt wurde, da sie noch die traditionelle Farbe der Mani bewahrt hat.<\/p>\n\n<p class=\"has-text-align-center\"><strong>Kyparissi<\/strong><\/p>\n\n<p>Kyparissi ist eines der gut versteckten &#8222;Geheimnisse&#8220; Lakoniens, einer der Orte, die vom Massentourismus verschont geblieben sind. Der Zugang ist nicht der einfachste, aber er entsch\u00e4digt die wirklich Abenteuerlustigen: Kyparissi bietet ein hervorragendes Klettergebiet mit mindestens 15 Kletterrouten durch senkrechte Kalksteinfelsen mit Stalagmiten und H\u00f6hlen.<\/p>\n\n<p class=\"has-text-align-center\"><strong>Geraki<\/strong><\/p>\n\n<p>Neben dem traditionellen Dorf Geraki mit seinen zahlreichen byzantinischen Kirchen aus dem 12. Jahrhundert befindet sich eine einzigartige byzantinische Burg. Der Aufstieg zur Burg ist ein wahres Vergn\u00fcgen.<\/p>\n\n<p class=\"has-text-align-center\"><strong>Osmanisches Haus in Megalo Perivoli<\/strong><\/p>\n\n<p>In relativ geringer Entfernung (35&#8242;) von Kinsterna und in der Gegend von Megalo Perivoli, in der N\u00e4he des Dorfes Koulendia, befindet sich ein altes osmanisches Haus aus dem Jahr 1760 n. Chr. Das Haus ist auch \u00fcber einen Wanderweg erreichbar, der auf den Spuren des byzantinischen Pfades aus dem Jahr 1300 n. Chr. verl\u00e4uft (2 Stunden Wanderung von Kinsterna).<\/p>\n\n<p class=\"has-text-align-center\"><strong>Teria<\/strong><\/p>\n\n<p>In der unbewohnten Siedlung befinden sich zwei byzantinische &#8222;Zwillingskirchen&#8220; aus dem 13. Die \u00dcberlieferung besagt, dass sie von der Tochter des Kaisers Manuel Palaiologos erbaut wurden. Aus ihrem Heiligtum sprudelt eine gro\u00dfe Quelle. Die Entfernung der Siedlung von Kinsterna betr\u00e4gt 8,5 km, wovon 2 km eine unbefestigte Stra\u00dfe sind.<\/p>\n","protected":false},"excerpt":{"rendered":"<p>Die Region des s\u00fcdlichen Peloponnes bietet wunderbare Sehensw\u00fcrdigkeiten, herrliche Natur und malerische Orte, die mit dem Auto besucht werden k\u00f6nnen. Wir empfehlen die folgenden Sehensw\u00fcrdigkeiten, um Ihre Erkundung zu beginnen: Mittelalterliche Burg von Monemvasia Die sch\u00f6ne Burgstadt Monemvasia ist von gro\u00dfer historischer, architektonischer, kultureller und geografischer Bedeutung. Bei einem Spaziergang durch die Burgstadt lernen wir<\/p>\n","protected":false},"author":200,"featured_media":5273,"parent":5967,"menu_order":0,"comment_status":"closed","ping_status":"closed","template":"","meta":{"_acf_changed":false,"footnotes":""},"class_list":["post-5985","page","type-page","status-publish","has-post-thumbnail","hentry"],"acf":[],"yoast_head":"<!-- This site is optimized with the Yoast SEO plugin v27.4 - https:\/\/yoast.com\/product\/yoast-seo-wordpress\/ -->\n<title>Sightseeing - Kinsterna Hotel<\/title>\n<meta name=\"robots\" content=\"index, follow, max-snippet:-1, max-image-preview:large, max-video-preview:-1\" \/>\n<link rel=\"canonical\" href=\"https:\/\/www.kinsternahotel.gr\/de\/location\/attractions\/\" \/>\n<meta property=\"og:locale\" content=\"de_DE\" \/>\n<meta property=\"og:type\" content=\"article\" \/>\n<meta property=\"og:title\" content=\"Sightseeing - Kinsterna Hotel\" \/>\n<meta property=\"og:description\" content=\"Die Region des s\u00fcdlichen Peloponnes bietet wunderbare Sehensw\u00fcrdigkeiten, herrliche Natur und malerische Orte, die mit dem Auto besucht werden k\u00f6nnen. Wir empfehlen die folgenden Sehensw\u00fcrdigkeiten, um Ihre Erkundung zu beginnen: Mittelalterliche Burg von Monemvasia Die sch\u00f6ne Burgstadt Monemvasia ist von gro\u00dfer historischer, architektonischer, kultureller und geografischer Bedeutung. Bei einem Spaziergang durch die Burgstadt lernen wir\" \/>\n<meta property=\"og:url\" content=\"https:\/\/www.kinsternahotel.gr\/de\/location\/attractions\/\" \/>\n<meta property=\"og:site_name\" content=\"Kinsterna Hotel\" \/>\n<meta property=\"article:modified_time\" content=\"2022-11-16T07:25:56+00:00\" \/>\n<meta property=\"og:image\" content=\"https:\/\/www.kinsternahotel.gr\/app\/uploads\/sites\/101\/2022\/06\/attraction1-1441x1080.jpg\" \/>\n\t<meta property=\"og:image:width\" content=\"1441\" \/>\n\t<meta property=\"og:image:height\" content=\"1080\" \/>\n\t<meta property=\"og:image:type\" content=\"image\/jpeg\" \/>\n<meta name=\"twitter:card\" content=\"summary_large_image\" \/>\n<meta name=\"twitter:label1\" content=\"Gesch\u00e4tzte Lesezeit\" \/>\n\t<meta name=\"twitter:data1\" content=\"4\u00a0Minuten\" \/>\n<script type=\"application\/ld+json\" class=\"yoast-schema-graph\">{\"@context\":\"https:\\\/\\\/schema.org\",\"@graph\":[{\"@type\":\"WebPage\",\"@id\":\"https:\\\/\\\/www.kinsternahotel.gr\\\/de\\\/location\\\/attractions\\\/\",\"url\":\"https:\\\/\\\/www.kinsternahotel.gr\\\/de\\\/location\\\/attractions\\\/\",\"name\":\"Sightseeing - Kinsterna Hotel\",\"isPartOf\":{\"@id\":\"https:\\\/\\\/www.kinsternahotel.gr\\\/de\\\/#website\"},\"primaryImageOfPage\":{\"@id\":\"https:\\\/\\\/www.kinsternahotel.gr\\\/de\\\/location\\\/attractions\\\/#primaryimage\"},\"image\":{\"@id\":\"https:\\\/\\\/www.kinsternahotel.gr\\\/de\\\/location\\\/attractions\\\/#primaryimage\"},\"thumbnailUrl\":\"https:\\\/\\\/www.kinsternahotel.gr\\\/app\\\/uploads\\\/sites\\\/101\\\/2022\\\/06\\\/attraction1.jpg\",\"datePublished\":\"2022-06-29T14:24:00+00:00\",\"dateModified\":\"2022-11-16T07:25:56+00:00\",\"breadcrumb\":{\"@id\":\"https:\\\/\\\/www.kinsternahotel.gr\\\/de\\\/location\\\/attractions\\\/#breadcrumb\"},\"inLanguage\":\"de\",\"potentialAction\":[{\"@type\":\"ReadAction\",\"target\":[\"https:\\\/\\\/www.kinsternahotel.gr\\\/de\\\/location\\\/attractions\\\/\"]}]},{\"@type\":\"ImageObject\",\"inLanguage\":\"de\",\"@id\":\"https:\\\/\\\/www.kinsternahotel.gr\\\/de\\\/location\\\/attractions\\\/#primaryimage\",\"url\":\"https:\\\/\\\/www.kinsternahotel.gr\\\/app\\\/uploads\\\/sites\\\/101\\\/2022\\\/06\\\/attraction1.jpg\",\"contentUrl\":\"https:\\\/\\\/www.kinsternahotel.gr\\\/app\\\/uploads\\\/sites\\\/101\\\/2022\\\/06\\\/attraction1.jpg\",\"width\":1500,\"height\":1124},{\"@type\":\"BreadcrumbList\",\"@id\":\"https:\\\/\\\/www.kinsternahotel.gr\\\/de\\\/location\\\/attractions\\\/#breadcrumb\",\"itemListElement\":[{\"@type\":\"ListItem\",\"position\":1,\"name\":\"Home\",\"item\":\"https:\\\/\\\/www.kinsternahotel.gr\\\/de\\\/\"},{\"@type\":\"ListItem\",\"position\":2,\"name\":\"Der Standort\",\"item\":\"https:\\\/\\\/www.kinsternahotel.gr\\\/de\\\/location\\\/\"},{\"@type\":\"ListItem\",\"position\":3,\"name\":\"Sightseeing\"}]},{\"@type\":\"WebSite\",\"@id\":\"https:\\\/\\\/www.kinsternahotel.gr\\\/de\\\/#website\",\"url\":\"https:\\\/\\\/www.kinsternahotel.gr\\\/de\\\/\",\"name\":\"Kinsterna Hotel\",\"description\":\"Kinsterna Hotel, a luxury 5 star hotel located in Monemvasia Greece, the legendary medieval castle city of Peloponnese.\",\"potentialAction\":[{\"@type\":\"SearchAction\",\"target\":{\"@type\":\"EntryPoint\",\"urlTemplate\":\"https:\\\/\\\/www.kinsternahotel.gr\\\/de\\\/?s={search_term_string}\"},\"query-input\":{\"@type\":\"PropertyValueSpecification\",\"valueRequired\":true,\"valueName\":\"search_term_string\"}}],\"inLanguage\":\"de\"}]}<\/script>\n<!-- \/ Yoast SEO plugin. -->","yoast_head_json":{"title":"Sightseeing - Kinsterna Hotel","robots":{"index":"index","follow":"follow","max-snippet":"max-snippet:-1","max-image-preview":"max-image-preview:large","max-video-preview":"max-video-preview:-1"},"canonical":"https:\/\/www.kinsternahotel.gr\/de\/location\/attractions\/","og_locale":"de_DE","og_type":"article","og_title":"Sightseeing - Kinsterna Hotel","og_description":"Die Region des s\u00fcdlichen Peloponnes bietet wunderbare Sehensw\u00fcrdigkeiten, herrliche Natur und malerische Orte, die mit dem Auto besucht werden k\u00f6nnen. Wir empfehlen die folgenden Sehensw\u00fcrdigkeiten, um Ihre Erkundung zu beginnen: Mittelalterliche Burg von Monemvasia Die sch\u00f6ne Burgstadt Monemvasia ist von gro\u00dfer historischer, architektonischer, kultureller und geografischer Bedeutung. Bei einem Spaziergang durch die Burgstadt lernen wir","og_url":"https:\/\/www.kinsternahotel.gr\/de\/location\/attractions\/","og_site_name":"Kinsterna Hotel","article_modified_time":"2022-11-16T07:25:56+00:00","og_image":[{"width":1441,"height":1080,"url":"https:\/\/www.kinsternahotel.gr\/app\/uploads\/sites\/101\/2022\/06\/attraction1-1441x1080.jpg","type":"image\/jpeg"}],"twitter_card":"summary_large_image","twitter_misc":{"Gesch\u00e4tzte Lesezeit":"4\u00a0Minuten"},"schema":{"@context":"https:\/\/schema.org","@graph":[{"@type":"WebPage","@id":"https:\/\/www.kinsternahotel.gr\/de\/location\/attractions\/","url":"https:\/\/www.kinsternahotel.gr\/de\/location\/attractions\/","name":"Sightseeing - Kinsterna Hotel","isPartOf":{"@id":"https:\/\/www.kinsternahotel.gr\/de\/#website"},"primaryImageOfPage":{"@id":"https:\/\/www.kinsternahotel.gr\/de\/location\/attractions\/#primaryimage"},"image":{"@id":"https:\/\/www.kinsternahotel.gr\/de\/location\/attractions\/#primaryimage"},"thumbnailUrl":"https:\/\/www.kinsternahotel.gr\/app\/uploads\/sites\/101\/2022\/06\/attraction1.jpg","datePublished":"2022-06-29T14:24:00+00:00","dateModified":"2022-11-16T07:25:56+00:00","breadcrumb":{"@id":"https:\/\/www.kinsternahotel.gr\/de\/location\/attractions\/#breadcrumb"},"inLanguage":"de","potentialAction":[{"@type":"ReadAction","target":["https:\/\/www.kinsternahotel.gr\/de\/location\/attractions\/"]}]},{"@type":"ImageObject","inLanguage":"de","@id":"https:\/\/www.kinsternahotel.gr\/de\/location\/attractions\/#primaryimage","url":"https:\/\/www.kinsternahotel.gr\/app\/uploads\/sites\/101\/2022\/06\/attraction1.jpg","contentUrl":"https:\/\/www.kinsternahotel.gr\/app\/uploads\/sites\/101\/2022\/06\/attraction1.jpg","width":1500,"height":1124},{"@type":"BreadcrumbList","@id":"https:\/\/www.kinsternahotel.gr\/de\/location\/attractions\/#breadcrumb","itemListElement":[{"@type":"ListItem","position":1,"name":"Home","item":"https:\/\/www.kinsternahotel.gr\/de\/"},{"@type":"ListItem","position":2,"name":"Der Standort","item":"https:\/\/www.kinsternahotel.gr\/de\/location\/"},{"@type":"ListItem","position":3,"name":"Sightseeing"}]},{"@type":"WebSite","@id":"https:\/\/www.kinsternahotel.gr\/de\/#website","url":"https:\/\/www.kinsternahotel.gr\/de\/","name":"Kinsterna Hotel","description":"Kinsterna Hotel, a luxury 5 star hotel located in Monemvasia Greece, the legendary medieval castle city of Peloponnese.","potentialAction":[{"@type":"SearchAction","target":{"@type":"EntryPoint","urlTemplate":"https:\/\/www.kinsternahotel.gr\/de\/?s={search_term_string}"},"query-input":{"@type":"PropertyValueSpecification","valueRequired":true,"valueName":"search_term_string"}}],"inLanguage":"de"}]}},"_links":{"self":[{"href":"https:\/\/www.kinsternahotel.gr\/de\/wp-json\/wp\/v2\/pages\/5985","targetHints":{"allow":["GET"]}}],"collection":[{"href":"https:\/\/www.kinsternahotel.gr\/de\/wp-json\/wp\/v2\/pages"}],"about":[{"href":"https:\/\/www.kinsternahotel.gr\/de\/wp-json\/wp\/v2\/types\/page"}],"author":[{"embeddable":true,"href":"https:\/\/www.kinsternahotel.gr\/de\/wp-json\/wp\/v2\/users\/200"}],"replies":[{"embeddable":true,"href":"https:\/\/www.kinsternahotel.gr\/de\/wp-json\/wp\/v2\/comments?post=5985"}],"version-history":[{"count":1,"href":"https:\/\/www.kinsternahotel.gr\/de\/wp-json\/wp\/v2\/pages\/5985\/revisions"}],"predecessor-version":[{"id":5986,"href":"https:\/\/www.kinsternahotel.gr\/de\/wp-json\/wp\/v2\/pages\/5985\/revisions\/5986"}],"up":[{"embeddable":true,"href":"https:\/\/www.kinsternahotel.gr\/de\/wp-json\/wp\/v2\/pages\/5967"}],"wp:featuredmedia":[{"embeddable":true,"href":"https:\/\/www.kinsternahotel.gr\/de\/wp-json\/wp\/v2\/media\/5273"}],"wp:attachment":[{"href":"https:\/\/www.kinsternahotel.gr\/de\/wp-json\/wp\/v2\/media?parent=5985"}],"curies":[{"name":"wp","href":"https:\/\/api.w.org\/{rel}","templated":true}]}}