{"id":5979,"date":"2022-06-29T17:25:54","date_gmt":"2022-06-29T14:25:54","guid":{"rendered":"https:\/\/www.kinsternahotel.gr\/location\/beaches\/"},"modified":"2022-11-16T09:25:49","modified_gmt":"2022-11-16T07:25:49","slug":"beaches","status":"publish","type":"page","link":"https:\/\/www.kinsternahotel.gr\/de\/location\/beaches\/","title":{"rendered":"Str\u00e4nde"},"content":{"rendered":"\n<p class=\"has-text-align-center\"><strong>Elafonisos<\/strong> <\/p>\n\n<p class=\"has-text-align-center\">Elafonisos ist eine Insel von einzigartiger nat\u00fcrlicher Sch\u00f6nheit mit exotischen Str\u00e4nden, die zu den besten im Mittelmeer geh\u00f6ren, wie der ber\u00fchmte Strand von Simos, der zum 11. besten Strand in Europa gew\u00e4hlt wurde (TripAdvisor, Traveller&#8217;s Choice Awards, 2018). Der wei\u00dfe Sand und das t\u00fcrkisfarbene Wasser verzaubern die Besucher. Die Fahrt von Kinsterna dauert etwa 20 Minuten \u00fcber die neue Stra\u00dfe, die von Monemvasia zum Hafen von Pounta f\u00fchrt, wo der Kahn nach Elafonisos abf\u00e4hrt. <\/p>\n\n<p class=\"has-text-align-center\"><strong>Pounta<\/strong> <\/p>\n\n<p class=\"has-text-align-center\">Der Strand von Pounta ist ein Sandstrand, der am Hafen von Pounta endet. Von dort fahren die F\u00e4hren nach Elafonisos. Es ist ein sch\u00f6ner Strand mit goldenem Sand weniger als 20 Minuten Fahrt von der Villa und liegt direkt neben der antiken versunkenen Stadt, Pavlopetri. <\/p>\n\n<p class=\"has-text-align-center\"><strong>Manganos<\/strong> <\/p>\n\n<p class=\"has-text-align-center\">Der Strand von Manganos mit seinem t\u00fcrkisfarbenen, flachen Wasser und goldenem Sand liegt zwischen den Str\u00e4nden von Neratziona und Pounta-Pavlopetriou. Entlang des Strandes stehen Zedern, in deren Schatten man sich entspannen kann, w\u00e4hrend der Strand mit Sonnenschirmen und Liegen ausgestattet ist.<\/p>\n\n<p class=\"has-text-align-center\"> <strong>Ampelakia<\/strong><\/p>\n\n<p class=\"has-text-align-center\"> Einer der sch\u00f6nsten organisierten Str\u00e4nde um Monemvasia. Er bietet einen direkten Blick auf die Klippen und ist nur 5&#8242; vom Herrenhaus entfernt.<\/p>\n\n<p class=\"has-text-align-center\"> <strong>Kastella<\/strong><\/p>\n\n<p class=\"has-text-align-center\"> In 5 km Entfernung von Kinsterna, in der Siedlung Kastella, gibt es drei einsame und nicht organisierte Str\u00e4nde, ideal f\u00fcr diejenigen, die auch in den Sommermonaten fast alleine baden m\u00f6chten. <\/p>\n\n<p class=\"has-text-align-center\"><strong>Pori<\/strong> <\/p>\n\n<p class=\"has-text-align-center\">Dieser Sandstrand ist zwei Kilometer lang und wurde mit der &#8222;Blauen Flagge&#8220; ausgezeichnet. Pori bietet die einmalige Gelegenheit, zu schwimmen und dabei den entwaffnenden Blick auf den Felsen von Monemvasia zu genie\u00dfen. <\/p>\n\n<p class=\"has-text-align-center\"><strong>Plytra<\/strong> <\/p>\n\n<p class=\"has-text-align-center\">Dieser Strand wurde mit der &#8222;Blauen Flagge&#8220; ausgezeichnet und ist besonders bei Familien beliebt, da er gut organisiert ist, \u00fcber Sonnenschirme und Liegen verf\u00fcgt und kristallklares, flaches Wasser hat. Von seinem Restaurant und Caf\u00e9 aus haben Sie einen einzigartigen Blick auf das Meer.<\/p>\n\n<p class=\"has-text-align-center\"> <strong>Damos<\/strong><\/p>\n\n<p class=\"has-text-align-center\"> Dieser abgelegene Strand ist nicht mit dem Auto erreichbar, sondern kann mit dem Kinsterna-Boot angefahren werden. Die Fahrt dauert 40 Minuten und ist wirklich wundersch\u00f6n. Es ist ideal f\u00fcr Paare, die das Meer ohne Menschenmassen genie\u00dfen wollen. <\/p>\n\n<p class=\"has-text-align-center\">Dar\u00fcber hinaus verf\u00fcgt Lakonien \u00fcber einen sehr langen K\u00fcstenstreifen mit Str\u00e4nden, von denen mehrere mit der &#8222;Blauen Flagge&#8220; ausgezeichnet wurden, wie Monemvasia, Neapolis, Archangelos, Tigania und Megali Ammos.<\/p>\n","protected":false},"excerpt":{"rendered":"<p>Elafonisos Elafonisos ist eine Insel von einzigartiger nat\u00fcrlicher Sch\u00f6nheit mit exotischen Str\u00e4nden, die zu den besten im Mittelmeer geh\u00f6ren, wie der ber\u00fchmte Strand von Simos, der zum 11. besten Strand in Europa gew\u00e4hlt wurde (TripAdvisor, Traveller&#8217;s Choice Awards, 2018). Der wei\u00dfe Sand und das t\u00fcrkisfarbene Wasser verzaubern die Besucher. Die Fahrt von Kinsterna dauert etwa<\/p>\n","protected":false},"author":200,"featured_media":5267,"parent":5967,"menu_order":0,"comment_status":"closed","ping_status":"closed","template":"","meta":{"_acf_changed":false,"footnotes":""},"class_list":["post-5979","page","type-page","status-publish","has-post-thumbnail","hentry"],"acf":[],"yoast_head":"<!-- This site is optimized with the Yoast SEO plugin v27.5 - https:\/\/yoast.com\/product\/yoast-seo-wordpress\/ -->\n<title>Str\u00e4nde - Kinsterna Hotel<\/title>\n<meta name=\"robots\" content=\"index, follow, max-snippet:-1, max-image-preview:large, max-video-preview:-1\" \/>\n<link rel=\"canonical\" href=\"https:\/\/www.kinsternahotel.gr\/de\/location\/beaches\/\" \/>\n<meta property=\"og:locale\" content=\"de_DE\" \/>\n<meta property=\"og:type\" content=\"article\" \/>\n<meta property=\"og:title\" content=\"Str\u00e4nde - Kinsterna Hotel\" \/>\n<meta property=\"og:description\" content=\"Elafonisos Elafonisos ist eine Insel von einzigartiger nat\u00fcrlicher Sch\u00f6nheit mit exotischen Str\u00e4nden, die zu den besten im Mittelmeer geh\u00f6ren, wie der ber\u00fchmte Strand von Simos, der zum 11. besten Strand in Europa gew\u00e4hlt wurde (TripAdvisor, Traveller&#8217;s Choice Awards, 2018). Der wei\u00dfe Sand und das t\u00fcrkisfarbene Wasser verzaubern die Besucher. Die Fahrt von Kinsterna dauert etwa\" \/>\n<meta property=\"og:url\" content=\"https:\/\/www.kinsternahotel.gr\/de\/location\/beaches\/\" \/>\n<meta property=\"og:site_name\" content=\"Kinsterna Hotel\" \/>\n<meta property=\"article:modified_time\" content=\"2022-11-16T07:25:49+00:00\" \/>\n<meta property=\"og:image\" content=\"https:\/\/www.kinsternahotel.gr\/app\/uploads\/sites\/101\/2022\/06\/beach2-1441x1080.jpg\" \/>\n\t<meta property=\"og:image:width\" content=\"1441\" \/>\n\t<meta property=\"og:image:height\" content=\"1080\" \/>\n\t<meta property=\"og:image:type\" content=\"image\/jpeg\" \/>\n<meta name=\"twitter:card\" content=\"summary_large_image\" \/>\n<meta name=\"twitter:label1\" content=\"Gesch\u00e4tzte Lesezeit\" \/>\n\t<meta name=\"twitter:data1\" content=\"2\u00a0Minuten\" \/>\n<script type=\"application\/ld+json\" class=\"yoast-schema-graph\">{\"@context\":\"https:\\\/\\\/schema.org\",\"@graph\":[{\"@type\":\"WebPage\",\"@id\":\"https:\\\/\\\/www.kinsternahotel.gr\\\/de\\\/location\\\/beaches\\\/\",\"url\":\"https:\\\/\\\/www.kinsternahotel.gr\\\/de\\\/location\\\/beaches\\\/\",\"name\":\"Str\u00e4nde - Kinsterna Hotel\",\"isPartOf\":{\"@id\":\"https:\\\/\\\/www.kinsternahotel.gr\\\/de\\\/#website\"},\"primaryImageOfPage\":{\"@id\":\"https:\\\/\\\/www.kinsternahotel.gr\\\/de\\\/location\\\/beaches\\\/#primaryimage\"},\"image\":{\"@id\":\"https:\\\/\\\/www.kinsternahotel.gr\\\/de\\\/location\\\/beaches\\\/#primaryimage\"},\"thumbnailUrl\":\"https:\\\/\\\/www.kinsternahotel.gr\\\/app\\\/uploads\\\/sites\\\/101\\\/2022\\\/06\\\/beach2.jpg\",\"datePublished\":\"2022-06-29T14:25:54+00:00\",\"dateModified\":\"2022-11-16T07:25:49+00:00\",\"breadcrumb\":{\"@id\":\"https:\\\/\\\/www.kinsternahotel.gr\\\/de\\\/location\\\/beaches\\\/#breadcrumb\"},\"inLanguage\":\"de\",\"potentialAction\":[{\"@type\":\"ReadAction\",\"target\":[\"https:\\\/\\\/www.kinsternahotel.gr\\\/de\\\/location\\\/beaches\\\/\"]}]},{\"@type\":\"ImageObject\",\"inLanguage\":\"de\",\"@id\":\"https:\\\/\\\/www.kinsternahotel.gr\\\/de\\\/location\\\/beaches\\\/#primaryimage\",\"url\":\"https:\\\/\\\/www.kinsternahotel.gr\\\/app\\\/uploads\\\/sites\\\/101\\\/2022\\\/06\\\/beach2.jpg\",\"contentUrl\":\"https:\\\/\\\/www.kinsternahotel.gr\\\/app\\\/uploads\\\/sites\\\/101\\\/2022\\\/06\\\/beach2.jpg\",\"width\":1500,\"height\":1124},{\"@type\":\"BreadcrumbList\",\"@id\":\"https:\\\/\\\/www.kinsternahotel.gr\\\/de\\\/location\\\/beaches\\\/#breadcrumb\",\"itemListElement\":[{\"@type\":\"ListItem\",\"position\":1,\"name\":\"Home\",\"item\":\"https:\\\/\\\/www.kinsternahotel.gr\\\/de\\\/\"},{\"@type\":\"ListItem\",\"position\":2,\"name\":\"Der Standort\",\"item\":\"https:\\\/\\\/www.kinsternahotel.gr\\\/de\\\/location\\\/\"},{\"@type\":\"ListItem\",\"position\":3,\"name\":\"Str\u00e4nde\"}]},{\"@type\":\"WebSite\",\"@id\":\"https:\\\/\\\/www.kinsternahotel.gr\\\/de\\\/#website\",\"url\":\"https:\\\/\\\/www.kinsternahotel.gr\\\/de\\\/\",\"name\":\"Kinsterna Hotel\",\"description\":\"Kinsterna Hotel, a luxury 5 star hotel located in Monemvasia Greece, the legendary medieval castle city of Peloponnese.\",\"potentialAction\":[{\"@type\":\"SearchAction\",\"target\":{\"@type\":\"EntryPoint\",\"urlTemplate\":\"https:\\\/\\\/www.kinsternahotel.gr\\\/de\\\/?s={search_term_string}\"},\"query-input\":{\"@type\":\"PropertyValueSpecification\",\"valueRequired\":true,\"valueName\":\"search_term_string\"}}],\"inLanguage\":\"de\"}]}<\/script>\n<!-- \/ Yoast SEO plugin. -->","yoast_head_json":{"title":"Str\u00e4nde - Kinsterna Hotel","robots":{"index":"index","follow":"follow","max-snippet":"max-snippet:-1","max-image-preview":"max-image-preview:large","max-video-preview":"max-video-preview:-1"},"canonical":"https:\/\/www.kinsternahotel.gr\/de\/location\/beaches\/","og_locale":"de_DE","og_type":"article","og_title":"Str\u00e4nde - Kinsterna Hotel","og_description":"Elafonisos Elafonisos ist eine Insel von einzigartiger nat\u00fcrlicher Sch\u00f6nheit mit exotischen Str\u00e4nden, die zu den besten im Mittelmeer geh\u00f6ren, wie der ber\u00fchmte Strand von Simos, der zum 11. besten Strand in Europa gew\u00e4hlt wurde (TripAdvisor, Traveller&#8217;s Choice Awards, 2018). Der wei\u00dfe Sand und das t\u00fcrkisfarbene Wasser verzaubern die Besucher. Die Fahrt von Kinsterna dauert etwa","og_url":"https:\/\/www.kinsternahotel.gr\/de\/location\/beaches\/","og_site_name":"Kinsterna Hotel","article_modified_time":"2022-11-16T07:25:49+00:00","og_image":[{"width":1441,"height":1080,"url":"https:\/\/www.kinsternahotel.gr\/app\/uploads\/sites\/101\/2022\/06\/beach2-1441x1080.jpg","type":"image\/jpeg"}],"twitter_card":"summary_large_image","twitter_misc":{"Gesch\u00e4tzte Lesezeit":"2\u00a0Minuten"},"schema":{"@context":"https:\/\/schema.org","@graph":[{"@type":"WebPage","@id":"https:\/\/www.kinsternahotel.gr\/de\/location\/beaches\/","url":"https:\/\/www.kinsternahotel.gr\/de\/location\/beaches\/","name":"Str\u00e4nde - Kinsterna Hotel","isPartOf":{"@id":"https:\/\/www.kinsternahotel.gr\/de\/#website"},"primaryImageOfPage":{"@id":"https:\/\/www.kinsternahotel.gr\/de\/location\/beaches\/#primaryimage"},"image":{"@id":"https:\/\/www.kinsternahotel.gr\/de\/location\/beaches\/#primaryimage"},"thumbnailUrl":"https:\/\/www.kinsternahotel.gr\/app\/uploads\/sites\/101\/2022\/06\/beach2.jpg","datePublished":"2022-06-29T14:25:54+00:00","dateModified":"2022-11-16T07:25:49+00:00","breadcrumb":{"@id":"https:\/\/www.kinsternahotel.gr\/de\/location\/beaches\/#breadcrumb"},"inLanguage":"de","potentialAction":[{"@type":"ReadAction","target":["https:\/\/www.kinsternahotel.gr\/de\/location\/beaches\/"]}]},{"@type":"ImageObject","inLanguage":"de","@id":"https:\/\/www.kinsternahotel.gr\/de\/location\/beaches\/#primaryimage","url":"https:\/\/www.kinsternahotel.gr\/app\/uploads\/sites\/101\/2022\/06\/beach2.jpg","contentUrl":"https:\/\/www.kinsternahotel.gr\/app\/uploads\/sites\/101\/2022\/06\/beach2.jpg","width":1500,"height":1124},{"@type":"BreadcrumbList","@id":"https:\/\/www.kinsternahotel.gr\/de\/location\/beaches\/#breadcrumb","itemListElement":[{"@type":"ListItem","position":1,"name":"Home","item":"https:\/\/www.kinsternahotel.gr\/de\/"},{"@type":"ListItem","position":2,"name":"Der Standort","item":"https:\/\/www.kinsternahotel.gr\/de\/location\/"},{"@type":"ListItem","position":3,"name":"Str\u00e4nde"}]},{"@type":"WebSite","@id":"https:\/\/www.kinsternahotel.gr\/de\/#website","url":"https:\/\/www.kinsternahotel.gr\/de\/","name":"Kinsterna Hotel","description":"Kinsterna Hotel, a luxury 5 star hotel located in Monemvasia Greece, the legendary medieval castle city of Peloponnese.","potentialAction":[{"@type":"SearchAction","target":{"@type":"EntryPoint","urlTemplate":"https:\/\/www.kinsternahotel.gr\/de\/?s={search_term_string}"},"query-input":{"@type":"PropertyValueSpecification","valueRequired":true,"valueName":"search_term_string"}}],"inLanguage":"de"}]}},"_links":{"self":[{"href":"https:\/\/www.kinsternahotel.gr\/de\/wp-json\/wp\/v2\/pages\/5979","targetHints":{"allow":["GET"]}}],"collection":[{"href":"https:\/\/www.kinsternahotel.gr\/de\/wp-json\/wp\/v2\/pages"}],"about":[{"href":"https:\/\/www.kinsternahotel.gr\/de\/wp-json\/wp\/v2\/types\/page"}],"author":[{"embeddable":true,"href":"https:\/\/www.kinsternahotel.gr\/de\/wp-json\/wp\/v2\/users\/200"}],"replies":[{"embeddable":true,"href":"https:\/\/www.kinsternahotel.gr\/de\/wp-json\/wp\/v2\/comments?post=5979"}],"version-history":[{"count":1,"href":"https:\/\/www.kinsternahotel.gr\/de\/wp-json\/wp\/v2\/pages\/5979\/revisions"}],"predecessor-version":[{"id":5980,"href":"https:\/\/www.kinsternahotel.gr\/de\/wp-json\/wp\/v2\/pages\/5979\/revisions\/5980"}],"up":[{"embeddable":true,"href":"https:\/\/www.kinsternahotel.gr\/de\/wp-json\/wp\/v2\/pages\/5967"}],"wp:featuredmedia":[{"embeddable":true,"href":"https:\/\/www.kinsternahotel.gr\/de\/wp-json\/wp\/v2\/media\/5267"}],"wp:attachment":[{"href":"https:\/\/www.kinsternahotel.gr\/de\/wp-json\/wp\/v2\/media?parent=5979"}],"curies":[{"name":"wp","href":"https:\/\/api.w.org\/{rel}","templated":true}]}}