{"id":5959,"date":"2022-06-30T09:03:25","date_gmt":"2022-06-30T06:03:25","guid":{"rendered":"https:\/\/www.kinsternahotel.gr\/energy-plan\/"},"modified":"2022-11-16T10:00:00","modified_gmt":"2022-11-16T08:00:00","slug":"energy-plan","status":"publish","type":"page","link":"https:\/\/www.kinsternahotel.gr\/de\/safety-plan\/energy-plan\/","title":{"rendered":"Energieplan"},"content":{"rendered":"\n<p>In der Erkenntnis, dass wir uns inmitten einer globalen Energie- und Umweltkrise befinden, zielen wir auf energiesparende Prozesse ab, indem wir den Betrieb des Herrenhauses unter der Leitung der EU mit den folgenden Ma\u00dfnahmen unterst\u00fctzen:<\/p>\n\n<ul class=\"wp-block-list\"><li>Im Falle eines Stromausfalls haben wir die M\u00f6glichkeit, den notwendigen Strom zu liefern<\/li><li>Einsatz von Energiesparlampen im gesamten Geb\u00e4udekomplex<\/li><li>Beleuchtungseinrichtung mit Zeitschaltuhren<\/li><li>Einsatz modernster Elektroger\u00e4te mit geringem Verbrauch<\/li><li>Wir haben die Installation von Fotovoltaikanlagen (Sonnenkollektoren) geplant, um den gesamten Energiebedarf mit erneuerbaren Quellen zu decken<\/li><li>Nutzung der Klimaanlagen in \u00f6ffentlichen Bereichen nur bei Bedarf<\/li><li>Standardeinstellung der Klimatisierungstemperatur auf 24 Grad Celsius in allen R\u00e4umen, die auf Wunsch ge\u00e4ndert werden kann<\/li><li>Automatischer Stromausfall mit einer Zimmerschl\u00fcsselkarte<\/li><li>Die Klimaanlage im Zimmer wird eingeschaltet, wenn die G\u00e4ste im Zimmer ankommen. Das Housekeeping beh\u00e4lt sich das Recht vor, die Klimaanlage abzuschalten, wenn der Gast nicht im Zimmer ist.<\/li><\/ul>\n\n<p>Das Herrenhaus, das mit absolutem Respekt vor seinem langen historischen Weg restauriert wurde, um in eine einzigartige Unterkunft umgewandelt zu werden, wurde mit traditionellen Methoden und unter Verwendung von lokalen und nat\u00fcrlichen Baumaterialien wie schwarzem Stein, Zypresse, Kieselmarmor, handgefertigten alten Fliesen und Schilfrohr gebaut. Dar\u00fcber hinaus unterst\u00fctzen wir st\u00e4ndig die Wiederbelebung der alten Praktiken des Anwesens wie die Weinlese, das Kneten von Brot usw., und wir profitieren von diesem beeindruckenden Modell der Nachhaltigkeit und Selbstversorgung, indem wir traditionelle Produkte herstellen, die die K\u00fcche versorgen (Gem\u00fcse, Brot, Honig, Kr\u00e4uter, Wein, Oliven\u00f6l usw.) und zur Erhaltung nachhaltiger Betriebsmethoden des Anwesens beitragen, um die nat\u00fcrlichen Ressourcen zu schonen:<\/p>\n\n<ul class=\"wp-block-list\"><li>Kompostierung und Trennung von K\u00fcchenabf\u00e4llen zur F\u00fctterung der Stalltiere<\/li><li>Bewirtschaftung und Schutz der Wasserressourcen mit nat\u00fcrlichem, gefiltertem Wasser aus den beiden auf dem Gel\u00e4nde befindlichen Quellen<\/li><li>Die Schwimmbecken werden mit flie\u00dfendem Wasser aus der nat\u00fcrlichen Quelle gespeist<\/li><li>Wir verbessern st\u00e4ndig die biologische Reinigung und verwenden das Wasser f\u00fcr die Bew\u00e4sserung der Obst- und Olivenb\u00e4ume, wenn das Wasser aus der nat\u00fcrlichen Quelle nicht ausreicht.<\/li><\/ul>\n\n<p>Wir laden Sie ein, zu den Bem\u00fchungen um \u00f6kologische und soziale Nachhaltigkeit beizutragen, indem Sie sich auf folgende Weise beteiligen:<\/p>\n\n<ul class=\"wp-block-list\"><li>Bitte halten Sie die Klimaanlage auf 24 Grad Celsius und stellen Sie sicher, dass alle Fenster geschlossen sind.<\/li><li>Achten Sie beim Verlassen Ihres Zimmers darauf, dass Sie Klimaanlagen, Licht und Ger\u00e4te ausschalten.<\/li><li>Beteiligen Sie sich am Recyclingprogramm f\u00fcr Handt\u00fccher und Bettw\u00e4sche<\/li><li>Begrenzung der Nutzung von nutzlosen Wasserressourcen<\/li><\/ul>\n\n<p>Es ist eine gro\u00dfe Ehre f\u00fcr uns, dass die Villa in den letzten Jahren wiederholt mit dem &#8222;Green Key&#8220; ausgezeichnet wurde, dem weltweiten Standard f\u00fcr herausragende Leistungen im Bereich der Umweltverantwortung und des nachhaltigen Betriebs in der Tourismusbranche.<\/p>\n\n<p>Vielen Dank, dass Sie uns unterst\u00fctzen und mit Ihrem Handeln zur Verringerung des Energieverbrauchs und unseres \u00f6kologischen Fu\u00dfabdrucks zum Schutz unseres Planeten beitragen, damit auch k\u00fcnftige Generationen die &#8222;Geschenke&#8220; genie\u00dfen k\u00f6nnen, die uns die Natur hinterlassen hat.<\/p>\n","protected":false},"excerpt":{"rendered":"<p>In der Erkenntnis, dass wir uns inmitten einer globalen Energie- und Umweltkrise befinden, zielen wir auf energiesparende Prozesse ab, indem wir den Betrieb des Herrenhauses unter der Leitung der EU mit den folgenden Ma\u00dfnahmen unterst\u00fctzen: Im Falle eines Stromausfalls haben wir die M\u00f6glichkeit, den notwendigen Strom zu liefern Einsatz von Energiesparlampen im gesamten Geb\u00e4udekomplex Beleuchtungseinrichtung<\/p>\n","protected":false},"author":326,"featured_media":0,"parent":5975,"menu_order":0,"comment_status":"closed","ping_status":"closed","template":"","meta":{"_acf_changed":false,"footnotes":""},"class_list":["post-5959","page","type-page","status-publish","hentry"],"acf":[],"yoast_head":"<!-- This site is optimized with the Yoast SEO plugin v27.3 - https:\/\/yoast.com\/product\/yoast-seo-wordpress\/ -->\n<title>Energieplan - Kinsterna Hotel<\/title>\n<meta name=\"robots\" content=\"index, follow, max-snippet:-1, max-image-preview:large, max-video-preview:-1\" \/>\n<link rel=\"canonical\" href=\"https:\/\/www.kinsternahotel.gr\/de\/safety-plan\/energy-plan\/\" \/>\n<meta property=\"og:locale\" content=\"de_DE\" \/>\n<meta property=\"og:type\" content=\"article\" \/>\n<meta property=\"og:title\" content=\"Energieplan - Kinsterna Hotel\" \/>\n<meta property=\"og:description\" content=\"In der Erkenntnis, dass wir uns inmitten einer globalen Energie- und Umweltkrise befinden, zielen wir auf energiesparende Prozesse ab, indem wir den Betrieb des Herrenhauses unter der Leitung der EU mit den folgenden Ma\u00dfnahmen unterst\u00fctzen: Im Falle eines Stromausfalls haben wir die M\u00f6glichkeit, den notwendigen Strom zu liefern Einsatz von Energiesparlampen im gesamten Geb\u00e4udekomplex Beleuchtungseinrichtung\" \/>\n<meta property=\"og:url\" content=\"https:\/\/www.kinsternahotel.gr\/de\/safety-plan\/energy-plan\/\" \/>\n<meta property=\"og:site_name\" content=\"Kinsterna Hotel\" \/>\n<meta property=\"article:modified_time\" content=\"2022-11-16T08:00:00+00:00\" \/>\n<meta name=\"twitter:card\" content=\"summary_large_image\" \/>\n<meta name=\"twitter:label1\" content=\"Gesch\u00e4tzte Lesezeit\" \/>\n\t<meta name=\"twitter:data1\" content=\"2\u00a0Minuten\" \/>\n<script type=\"application\/ld+json\" class=\"yoast-schema-graph\">{\"@context\":\"https:\\\/\\\/schema.org\",\"@graph\":[{\"@type\":\"WebPage\",\"@id\":\"https:\\\/\\\/www.kinsternahotel.gr\\\/de\\\/safety-plan\\\/energy-plan\\\/\",\"url\":\"https:\\\/\\\/www.kinsternahotel.gr\\\/de\\\/safety-plan\\\/energy-plan\\\/\",\"name\":\"Energieplan - Kinsterna Hotel\",\"isPartOf\":{\"@id\":\"https:\\\/\\\/www.kinsternahotel.gr\\\/de\\\/#website\"},\"datePublished\":\"2022-06-30T06:03:25+00:00\",\"dateModified\":\"2022-11-16T08:00:00+00:00\",\"breadcrumb\":{\"@id\":\"https:\\\/\\\/www.kinsternahotel.gr\\\/de\\\/safety-plan\\\/energy-plan\\\/#breadcrumb\"},\"inLanguage\":\"de\",\"potentialAction\":[{\"@type\":\"ReadAction\",\"target\":[\"https:\\\/\\\/www.kinsternahotel.gr\\\/de\\\/safety-plan\\\/energy-plan\\\/\"]}]},{\"@type\":\"BreadcrumbList\",\"@id\":\"https:\\\/\\\/www.kinsternahotel.gr\\\/de\\\/safety-plan\\\/energy-plan\\\/#breadcrumb\",\"itemListElement\":[{\"@type\":\"ListItem\",\"position\":1,\"name\":\"Home\",\"item\":\"https:\\\/\\\/www.kinsternahotel.gr\\\/de\\\/\"},{\"@type\":\"ListItem\",\"position\":2,\"name\":\"Energieplan\"}]},{\"@type\":\"WebSite\",\"@id\":\"https:\\\/\\\/www.kinsternahotel.gr\\\/de\\\/#website\",\"url\":\"https:\\\/\\\/www.kinsternahotel.gr\\\/de\\\/\",\"name\":\"Kinsterna Hotel\",\"description\":\"Kinsterna Hotel, a luxury 5 star hotel located in Monemvasia Greece, the legendary medieval castle city of Peloponnese.\",\"potentialAction\":[{\"@type\":\"SearchAction\",\"target\":{\"@type\":\"EntryPoint\",\"urlTemplate\":\"https:\\\/\\\/www.kinsternahotel.gr\\\/de\\\/?s={search_term_string}\"},\"query-input\":{\"@type\":\"PropertyValueSpecification\",\"valueRequired\":true,\"valueName\":\"search_term_string\"}}],\"inLanguage\":\"de\"}]}<\/script>\n<!-- \/ Yoast SEO plugin. -->","yoast_head_json":{"title":"Energieplan - Kinsterna Hotel","robots":{"index":"index","follow":"follow","max-snippet":"max-snippet:-1","max-image-preview":"max-image-preview:large","max-video-preview":"max-video-preview:-1"},"canonical":"https:\/\/www.kinsternahotel.gr\/de\/safety-plan\/energy-plan\/","og_locale":"de_DE","og_type":"article","og_title":"Energieplan - Kinsterna Hotel","og_description":"In der Erkenntnis, dass wir uns inmitten einer globalen Energie- und Umweltkrise befinden, zielen wir auf energiesparende Prozesse ab, indem wir den Betrieb des Herrenhauses unter der Leitung der EU mit den folgenden Ma\u00dfnahmen unterst\u00fctzen: Im Falle eines Stromausfalls haben wir die M\u00f6glichkeit, den notwendigen Strom zu liefern Einsatz von Energiesparlampen im gesamten Geb\u00e4udekomplex Beleuchtungseinrichtung","og_url":"https:\/\/www.kinsternahotel.gr\/de\/safety-plan\/energy-plan\/","og_site_name":"Kinsterna Hotel","article_modified_time":"2022-11-16T08:00:00+00:00","twitter_card":"summary_large_image","twitter_misc":{"Gesch\u00e4tzte Lesezeit":"2\u00a0Minuten"},"schema":{"@context":"https:\/\/schema.org","@graph":[{"@type":"WebPage","@id":"https:\/\/www.kinsternahotel.gr\/de\/safety-plan\/energy-plan\/","url":"https:\/\/www.kinsternahotel.gr\/de\/safety-plan\/energy-plan\/","name":"Energieplan - Kinsterna Hotel","isPartOf":{"@id":"https:\/\/www.kinsternahotel.gr\/de\/#website"},"datePublished":"2022-06-30T06:03:25+00:00","dateModified":"2022-11-16T08:00:00+00:00","breadcrumb":{"@id":"https:\/\/www.kinsternahotel.gr\/de\/safety-plan\/energy-plan\/#breadcrumb"},"inLanguage":"de","potentialAction":[{"@type":"ReadAction","target":["https:\/\/www.kinsternahotel.gr\/de\/safety-plan\/energy-plan\/"]}]},{"@type":"BreadcrumbList","@id":"https:\/\/www.kinsternahotel.gr\/de\/safety-plan\/energy-plan\/#breadcrumb","itemListElement":[{"@type":"ListItem","position":1,"name":"Home","item":"https:\/\/www.kinsternahotel.gr\/de\/"},{"@type":"ListItem","position":2,"name":"Energieplan"}]},{"@type":"WebSite","@id":"https:\/\/www.kinsternahotel.gr\/de\/#website","url":"https:\/\/www.kinsternahotel.gr\/de\/","name":"Kinsterna Hotel","description":"Kinsterna Hotel, a luxury 5 star hotel located in Monemvasia Greece, the legendary medieval castle city of Peloponnese.","potentialAction":[{"@type":"SearchAction","target":{"@type":"EntryPoint","urlTemplate":"https:\/\/www.kinsternahotel.gr\/de\/?s={search_term_string}"},"query-input":{"@type":"PropertyValueSpecification","valueRequired":true,"valueName":"search_term_string"}}],"inLanguage":"de"}]}},"_links":{"self":[{"href":"https:\/\/www.kinsternahotel.gr\/de\/wp-json\/wp\/v2\/pages\/5959","targetHints":{"allow":["GET"]}}],"collection":[{"href":"https:\/\/www.kinsternahotel.gr\/de\/wp-json\/wp\/v2\/pages"}],"about":[{"href":"https:\/\/www.kinsternahotel.gr\/de\/wp-json\/wp\/v2\/types\/page"}],"author":[{"embeddable":true,"href":"https:\/\/www.kinsternahotel.gr\/de\/wp-json\/wp\/v2\/users\/326"}],"replies":[{"embeddable":true,"href":"https:\/\/www.kinsternahotel.gr\/de\/wp-json\/wp\/v2\/comments?post=5959"}],"version-history":[{"count":1,"href":"https:\/\/www.kinsternahotel.gr\/de\/wp-json\/wp\/v2\/pages\/5959\/revisions"}],"predecessor-version":[{"id":5960,"href":"https:\/\/www.kinsternahotel.gr\/de\/wp-json\/wp\/v2\/pages\/5959\/revisions\/5960"}],"up":[{"embeddable":true,"href":"https:\/\/www.kinsternahotel.gr\/de\/wp-json\/wp\/v2\/pages\/5975"}],"wp:attachment":[{"href":"https:\/\/www.kinsternahotel.gr\/de\/wp-json\/wp\/v2\/media?parent=5959"}],"curies":[{"name":"wp","href":"https:\/\/api.w.org\/{rel}","templated":true}]}}