{"id":5940,"date":"2022-07-14T14:44:55","date_gmt":"2022-07-14T11:44:55","guid":{"rendered":"https:\/\/www.kinsternahotel.gr\/our-gardens\/"},"modified":"2022-11-15T13:32:54","modified_gmt":"2022-11-15T11:32:54","slug":"our-gardens","status":"publish","type":"page","link":"https:\/\/www.kinsternahotel.gr\/de\/estate\/our-land\/our-gardens\/","title":{"rendered":"Unsere G\u00e4rten"},"content":{"rendered":"\n<p><\/p>\n\n<p>Auf dem Gel\u00e4nde des Kinsterna Hotels wachsen jahrhundertealte Oliven-, Zitrus- und andere Obstb\u00e4ume, imposante Zypressen, Eukalyptusb\u00e4ume, Zier- und Gew\u00fcrzpflanzen und Kr\u00e4uter &#8211; und nat\u00fcrlich Gem\u00fcse, das Sie direkt in unseren Obstg\u00e4rten ernten und probieren k\u00f6nnen.<br\/><br\/>Das Landgut, das uns heute beherbergt, war jahrhundertelang ein Ort der Selbstversorgung und der Nachhaltigkeit in einer lebendigen, reichen nat\u00fcrlichen Umgebung. Dazu beigetragen haben sowohl die biologische Vielfalt und das Mikroklima des Gebiets als auch die Quelle mit flie\u00dfendem Wasser, die eine lebensspendende Kraft f\u00fcr das Land des Gutshofs darstellt. Hier kann man sich ausruhen und \u00fcber 250 endemische Pflanzenarten, unsere geliebte Athinelia und den alten Orangenhain des Kinsterna-Hotels kennen lernen, in dem die Orangen von Monemvasia angebaut werden.<br\/><br\/>Viele der B\u00e4ume, die Sie auf dem Landgut finden, stehen seit Anfang des 19. Jahrhunderts an der gleichen Stelle. In unseren G\u00e4rten gedeihen typische mediterrane Obstb\u00e4ume wie Granat\u00e4pfel, Quitten und Feigenb\u00e4ume. Aufgrund des milden Klimas werden Sie jedoch feststellen, dass es auch seltenere B\u00e4ume wie Bananenstauden und Lotusblumen gibt.<\/p>\n\n<p>Wenn wir um das Herrenhaus herumgehen und unseren Blick auf die \u00fcberdimensionalen Eukalyptusb\u00e4ume richten, werden wir Teil eines echten Kunstwerks: Die Pflanzen unbekannten Alters sind die Protagonisten des Gem\u00e4ldes &#8222;Monemvasia&#8220; von Konstantinos Maleas (1927). Ein Exemplar des Werks wird in der Bibliothek des Herrenhauses aufbewahrt.<br\/><br\/>Die nat\u00fcrliche Quelle, die auf dem Anwesen entspringt, reicht aus, um das gesamte Gem\u00fcse, das auf den Terrassen des Anwesens angebaut wird, durch ein Netz von Gr\u00e4ben und Zisternen zu bew\u00e4ssern. Unser Hauptanliegen ist es, dass unsere G\u00e4ste, wo immer es m\u00f6glich ist, Produkte aus unserer eigenen Produktion verzehren.<\/p>\n\n<p>Alles hat seinen Grund und seine Aufgabe: Zierpflanzen werden f\u00fcr die Herstellung unserer eigenen Biokosmetiklinie verwendet, die exklusiv im Kinsterna Hotel erh\u00e4ltlich ist. Nach der gleichen Logik wurde unsere Liste von Gerichten und Cocktails auf der Grundlage der aromatischen Pflanzen, die uns umgeben, erstellt.<\/p>\n\n<p>Inspiriert von den Gaben der lakonischen Erde haben wir die Wiederbelebung von T\u00e4tigkeiten wie Oliven\u00f6lherstellung, Weinlese, Kneten und Brotbacken zu einem funktionalen Teil des Lebens von Kinsterna gemacht. Wir laden Sie ein, an all den einzigartigen Erlebnissen teilzunehmen, die Ihnen die grundlegenden landwirtschaftlichen Funktionen des Gutes n\u00e4her bringen, wie z. B. die Destillation von Tsipouro oder die Seifenherstellung. Unsere Vision und unser Wunsch ist es, ein perfektes Modell der Nachhaltigkeit zu schaffen, das die Vergangenheit ehrt und gleichzeitig die Zukunft des Gutes sichert. Aus diesem Grund befinden sich hinter dem &#8222;Rad&#8220; des Kinsterna-Mikrokosmos Praktiken, die traditionell Autonomie und Selbstversorgung f\u00f6rdern.<\/p>\n","protected":false},"excerpt":{"rendered":"<p>Auf dem Gel\u00e4nde des Kinsterna Hotels wachsen jahrhundertealte Oliven-, Zitrus- und andere Obstb\u00e4ume, imposante Zypressen, Eukalyptusb\u00e4ume, Zier- und Gew\u00fcrzpflanzen und Kr\u00e4uter &#8211; und nat\u00fcrlich Gem\u00fcse, das Sie direkt in unseren Obstg\u00e4rten ernten und probieren k\u00f6nnen. Das Landgut, das uns heute beherbergt, war jahrhundertelang ein Ort der Selbstversorgung und der Nachhaltigkeit in einer lebendigen, reichen nat\u00fcrlichen<\/p>\n","protected":false},"author":326,"featured_media":5756,"parent":5947,"menu_order":0,"comment_status":"closed","ping_status":"closed","template":"","meta":{"_acf_changed":false,"footnotes":""},"class_list":["post-5940","page","type-page","status-publish","has-post-thumbnail","hentry"],"acf":[],"yoast_head":"<!-- This site is optimized with the Yoast SEO plugin v27.5 - https:\/\/yoast.com\/product\/yoast-seo-wordpress\/ -->\n<title>Unsere G\u00e4rten - Kinsterna Hotel<\/title>\n<meta name=\"robots\" content=\"index, follow, max-snippet:-1, max-image-preview:large, max-video-preview:-1\" \/>\n<link rel=\"canonical\" href=\"https:\/\/www.kinsternahotel.gr\/de\/estate\/our-land\/our-gardens\/\" \/>\n<meta property=\"og:locale\" content=\"de_DE\" \/>\n<meta property=\"og:type\" content=\"article\" \/>\n<meta property=\"og:title\" content=\"Unsere G\u00e4rten - Kinsterna Hotel\" \/>\n<meta property=\"og:description\" content=\"Auf dem Gel\u00e4nde des Kinsterna Hotels wachsen jahrhundertealte Oliven-, Zitrus- und andere Obstb\u00e4ume, imposante Zypressen, Eukalyptusb\u00e4ume, Zier- und Gew\u00fcrzpflanzen und Kr\u00e4uter &#8211; und nat\u00fcrlich Gem\u00fcse, das Sie direkt in unseren Obstg\u00e4rten ernten und probieren k\u00f6nnen. Das Landgut, das uns heute beherbergt, war jahrhundertelang ein Ort der Selbstversorgung und der Nachhaltigkeit in einer lebendigen, reichen nat\u00fcrlichen\" \/>\n<meta property=\"og:url\" content=\"https:\/\/www.kinsternahotel.gr\/de\/estate\/our-land\/our-gardens\/\" \/>\n<meta property=\"og:site_name\" content=\"Kinsterna Hotel\" \/>\n<meta property=\"article:modified_time\" content=\"2022-11-15T11:32:54+00:00\" \/>\n<meta property=\"og:image\" content=\"https:\/\/www.kinsternahotel.gr\/app\/uploads\/sites\/101\/2022\/07\/Kinsterna-Gardens.jpg\" \/>\n\t<meta property=\"og:image:width\" content=\"1920\" \/>\n\t<meta property=\"og:image:height\" content=\"1280\" \/>\n\t<meta property=\"og:image:type\" content=\"image\/jpeg\" \/>\n<meta name=\"twitter:card\" content=\"summary_large_image\" \/>\n<meta name=\"twitter:label1\" content=\"Gesch\u00e4tzte Lesezeit\" \/>\n\t<meta name=\"twitter:data1\" content=\"2\u00a0Minuten\" \/>\n<script type=\"application\/ld+json\" class=\"yoast-schema-graph\">{\"@context\":\"https:\\\/\\\/schema.org\",\"@graph\":[{\"@type\":\"WebPage\",\"@id\":\"https:\\\/\\\/www.kinsternahotel.gr\\\/de\\\/estate\\\/our-land\\\/our-gardens\\\/\",\"url\":\"https:\\\/\\\/www.kinsternahotel.gr\\\/de\\\/estate\\\/our-land\\\/our-gardens\\\/\",\"name\":\"Unsere G\u00e4rten - Kinsterna Hotel\",\"isPartOf\":{\"@id\":\"https:\\\/\\\/www.kinsternahotel.gr\\\/de\\\/#website\"},\"primaryImageOfPage\":{\"@id\":\"https:\\\/\\\/www.kinsternahotel.gr\\\/de\\\/estate\\\/our-land\\\/our-gardens\\\/#primaryimage\"},\"image\":{\"@id\":\"https:\\\/\\\/www.kinsternahotel.gr\\\/de\\\/estate\\\/our-land\\\/our-gardens\\\/#primaryimage\"},\"thumbnailUrl\":\"https:\\\/\\\/www.kinsternahotel.gr\\\/app\\\/uploads\\\/sites\\\/101\\\/2022\\\/07\\\/Kinsterna-Gardens.jpg\",\"datePublished\":\"2022-07-14T11:44:55+00:00\",\"dateModified\":\"2022-11-15T11:32:54+00:00\",\"breadcrumb\":{\"@id\":\"https:\\\/\\\/www.kinsternahotel.gr\\\/de\\\/estate\\\/our-land\\\/our-gardens\\\/#breadcrumb\"},\"inLanguage\":\"de\",\"potentialAction\":[{\"@type\":\"ReadAction\",\"target\":[\"https:\\\/\\\/www.kinsternahotel.gr\\\/de\\\/estate\\\/our-land\\\/our-gardens\\\/\"]}]},{\"@type\":\"ImageObject\",\"inLanguage\":\"de\",\"@id\":\"https:\\\/\\\/www.kinsternahotel.gr\\\/de\\\/estate\\\/our-land\\\/our-gardens\\\/#primaryimage\",\"url\":\"https:\\\/\\\/www.kinsternahotel.gr\\\/app\\\/uploads\\\/sites\\\/101\\\/2022\\\/07\\\/Kinsterna-Gardens.jpg\",\"contentUrl\":\"https:\\\/\\\/www.kinsternahotel.gr\\\/app\\\/uploads\\\/sites\\\/101\\\/2022\\\/07\\\/Kinsterna-Gardens.jpg\",\"width\":1920,\"height\":1280,\"caption\":\"Kinsterna Gardens\"},{\"@type\":\"BreadcrumbList\",\"@id\":\"https:\\\/\\\/www.kinsternahotel.gr\\\/de\\\/estate\\\/our-land\\\/our-gardens\\\/#breadcrumb\",\"itemListElement\":[{\"@type\":\"ListItem\",\"position\":1,\"name\":\"Home\",\"item\":\"https:\\\/\\\/www.kinsternahotel.gr\\\/de\\\/\"},{\"@type\":\"ListItem\",\"position\":2,\"name\":\"Unsere G\u00e4rten\"}]},{\"@type\":\"WebSite\",\"@id\":\"https:\\\/\\\/www.kinsternahotel.gr\\\/de\\\/#website\",\"url\":\"https:\\\/\\\/www.kinsternahotel.gr\\\/de\\\/\",\"name\":\"Kinsterna Hotel\",\"description\":\"Kinsterna Hotel, a luxury 5 star hotel located in Monemvasia Greece, the legendary medieval castle city of Peloponnese.\",\"potentialAction\":[{\"@type\":\"SearchAction\",\"target\":{\"@type\":\"EntryPoint\",\"urlTemplate\":\"https:\\\/\\\/www.kinsternahotel.gr\\\/de\\\/?s={search_term_string}\"},\"query-input\":{\"@type\":\"PropertyValueSpecification\",\"valueRequired\":true,\"valueName\":\"search_term_string\"}}],\"inLanguage\":\"de\"}]}<\/script>\n<!-- \/ Yoast SEO plugin. -->","yoast_head_json":{"title":"Unsere G\u00e4rten - Kinsterna Hotel","robots":{"index":"index","follow":"follow","max-snippet":"max-snippet:-1","max-image-preview":"max-image-preview:large","max-video-preview":"max-video-preview:-1"},"canonical":"https:\/\/www.kinsternahotel.gr\/de\/estate\/our-land\/our-gardens\/","og_locale":"de_DE","og_type":"article","og_title":"Unsere G\u00e4rten - Kinsterna Hotel","og_description":"Auf dem Gel\u00e4nde des Kinsterna Hotels wachsen jahrhundertealte Oliven-, Zitrus- und andere Obstb\u00e4ume, imposante Zypressen, Eukalyptusb\u00e4ume, Zier- und Gew\u00fcrzpflanzen und Kr\u00e4uter &#8211; und nat\u00fcrlich Gem\u00fcse, das Sie direkt in unseren Obstg\u00e4rten ernten und probieren k\u00f6nnen. Das Landgut, das uns heute beherbergt, war jahrhundertelang ein Ort der Selbstversorgung und der Nachhaltigkeit in einer lebendigen, reichen nat\u00fcrlichen","og_url":"https:\/\/www.kinsternahotel.gr\/de\/estate\/our-land\/our-gardens\/","og_site_name":"Kinsterna Hotel","article_modified_time":"2022-11-15T11:32:54+00:00","og_image":[{"width":1920,"height":1280,"url":"https:\/\/www.kinsternahotel.gr\/app\/uploads\/sites\/101\/2022\/07\/Kinsterna-Gardens.jpg","type":"image\/jpeg"}],"twitter_card":"summary_large_image","twitter_misc":{"Gesch\u00e4tzte Lesezeit":"2\u00a0Minuten"},"schema":{"@context":"https:\/\/schema.org","@graph":[{"@type":"WebPage","@id":"https:\/\/www.kinsternahotel.gr\/de\/estate\/our-land\/our-gardens\/","url":"https:\/\/www.kinsternahotel.gr\/de\/estate\/our-land\/our-gardens\/","name":"Unsere G\u00e4rten - Kinsterna Hotel","isPartOf":{"@id":"https:\/\/www.kinsternahotel.gr\/de\/#website"},"primaryImageOfPage":{"@id":"https:\/\/www.kinsternahotel.gr\/de\/estate\/our-land\/our-gardens\/#primaryimage"},"image":{"@id":"https:\/\/www.kinsternahotel.gr\/de\/estate\/our-land\/our-gardens\/#primaryimage"},"thumbnailUrl":"https:\/\/www.kinsternahotel.gr\/app\/uploads\/sites\/101\/2022\/07\/Kinsterna-Gardens.jpg","datePublished":"2022-07-14T11:44:55+00:00","dateModified":"2022-11-15T11:32:54+00:00","breadcrumb":{"@id":"https:\/\/www.kinsternahotel.gr\/de\/estate\/our-land\/our-gardens\/#breadcrumb"},"inLanguage":"de","potentialAction":[{"@type":"ReadAction","target":["https:\/\/www.kinsternahotel.gr\/de\/estate\/our-land\/our-gardens\/"]}]},{"@type":"ImageObject","inLanguage":"de","@id":"https:\/\/www.kinsternahotel.gr\/de\/estate\/our-land\/our-gardens\/#primaryimage","url":"https:\/\/www.kinsternahotel.gr\/app\/uploads\/sites\/101\/2022\/07\/Kinsterna-Gardens.jpg","contentUrl":"https:\/\/www.kinsternahotel.gr\/app\/uploads\/sites\/101\/2022\/07\/Kinsterna-Gardens.jpg","width":1920,"height":1280,"caption":"Kinsterna Gardens"},{"@type":"BreadcrumbList","@id":"https:\/\/www.kinsternahotel.gr\/de\/estate\/our-land\/our-gardens\/#breadcrumb","itemListElement":[{"@type":"ListItem","position":1,"name":"Home","item":"https:\/\/www.kinsternahotel.gr\/de\/"},{"@type":"ListItem","position":2,"name":"Unsere G\u00e4rten"}]},{"@type":"WebSite","@id":"https:\/\/www.kinsternahotel.gr\/de\/#website","url":"https:\/\/www.kinsternahotel.gr\/de\/","name":"Kinsterna Hotel","description":"Kinsterna Hotel, a luxury 5 star hotel located in Monemvasia Greece, the legendary medieval castle city of Peloponnese.","potentialAction":[{"@type":"SearchAction","target":{"@type":"EntryPoint","urlTemplate":"https:\/\/www.kinsternahotel.gr\/de\/?s={search_term_string}"},"query-input":{"@type":"PropertyValueSpecification","valueRequired":true,"valueName":"search_term_string"}}],"inLanguage":"de"}]}},"_links":{"self":[{"href":"https:\/\/www.kinsternahotel.gr\/de\/wp-json\/wp\/v2\/pages\/5940","targetHints":{"allow":["GET"]}}],"collection":[{"href":"https:\/\/www.kinsternahotel.gr\/de\/wp-json\/wp\/v2\/pages"}],"about":[{"href":"https:\/\/www.kinsternahotel.gr\/de\/wp-json\/wp\/v2\/types\/page"}],"author":[{"embeddable":true,"href":"https:\/\/www.kinsternahotel.gr\/de\/wp-json\/wp\/v2\/users\/326"}],"replies":[{"embeddable":true,"href":"https:\/\/www.kinsternahotel.gr\/de\/wp-json\/wp\/v2\/comments?post=5940"}],"version-history":[{"count":3,"href":"https:\/\/www.kinsternahotel.gr\/de\/wp-json\/wp\/v2\/pages\/5940\/revisions"}],"predecessor-version":[{"id":5943,"href":"https:\/\/www.kinsternahotel.gr\/de\/wp-json\/wp\/v2\/pages\/5940\/revisions\/5943"}],"up":[{"embeddable":true,"href":"https:\/\/www.kinsternahotel.gr\/de\/wp-json\/wp\/v2\/pages\/5947"}],"wp:featuredmedia":[{"embeddable":true,"href":"https:\/\/www.kinsternahotel.gr\/de\/wp-json\/wp\/v2\/media\/5756"}],"wp:attachment":[{"href":"https:\/\/www.kinsternahotel.gr\/de\/wp-json\/wp\/v2\/media?parent=5940"}],"curies":[{"name":"wp","href":"https:\/\/api.w.org\/{rel}","templated":true}]}}