{"id":12888,"date":"2024-12-16T11:02:26","date_gmt":"2024-12-16T09:02:26","guid":{"rendered":"https:\/\/www.kinsternahotel.gr\/?page_id=12888"},"modified":"2025-01-20T15:59:21","modified_gmt":"2025-01-20T13:59:21","slug":"community-engagement","status":"publish","type":"page","link":"https:\/\/www.kinsternahotel.gr\/de\/estate\/sustainability\/community-engagement\/","title":{"rendered":"Gemeinsam st\u00e4rkere Gemeinschaften aufbauen"},"content":{"rendered":"\n<h2 class=\"wp-block-heading has-text-align-center\">Gemeinsam st\u00e4rkere Gemeinschaften aufbauen<\/h2>\n\n\n\n<p>Bei Kinsterna erstreckt sich unser Engagement f\u00fcr Nachhaltigkeit nicht nur auf die Umwelt, sondern auch auf das Herz unserer lokalen Gemeinschaft. Durch die F\u00f6rderung sinnvoller Partnerschaften und die Einf\u00fchrung nachhaltiger Praktiken stellen wir sicher, dass unser Erfolg mit den Menschen und Orten geteilt wird, die unser Weingut so besonders machen.<\/p>\n\n\n\n<p>\u00dcber 60 % der in unserer K\u00fcche verwendeten Zutaten stammen von \u00f6rtlichen Landwirten und Handwerkern, darunter Fleisch aus Freilandhaltung, K\u00e4se und ger\u00e4ucherte Forellen. Dadurch wird nicht nur das kulinarische Erlebnis f\u00fcr unsere G\u00e4ste verbessert, sondern auch der Lebensunterhalt unserer Nachbarn gesichert und das Wirtschaftswachstum in der Region gef\u00f6rdert. Dar\u00fcber hinaus ermutigen wir unsere Lieferanten, umweltfreundliche Praktiken einzuf\u00fchren und ihre Betriebe mit unserem umweltbewussten Ethos in Einklang zu bringen.<\/p>\n\n\n\n<p>Etwa 70 % unserer Mitarbeiter sind Einheimische, was unser Engagement f\u00fcr die regionale Wirtschaftsentwicklung und die Schaffung von Arbeitspl\u00e4tzen in der Gemeinde unterstreicht. \u00dcber die Besch\u00e4ftigung hinaus bieten wir unseren Mitarbeitern Schulungen zu nachhaltigen<br>Sie werden so zu Botschaftern des Umweltschutzes, sowohl bei der Arbeit als auch in ihrem t\u00e4glichen Leben.<\/p>\n\n\n\n<p>Kinsterna spielt eine aktive Rolle bei der Unterst\u00fctzung von Bed\u00fcrftigen. Wir spenden \u00fcbersch\u00fcssige Produkte aus unseren Obstplantagen sowie ungenutzte K\u00fcchenger\u00e4te an \u00f6rtliche Lebensmittelbanken und Wohlt\u00e4tigkeitsorganisationen. Diese Spenden helfen bed\u00fcrftigen Haushalten und f\u00f6rdern ein Gef\u00fchl der Solidarit\u00e4t und F\u00fcrsorge, das im Mittelpunkt unserer Philosophie steht.<\/p>\n\n\n\n<p>Wir sind stolz darauf, das reiche kulturelle Erbe und die einzigartigen Attraktionen der Region zu pr\u00e4sentieren. Wir empfehlen unseren G\u00e4sten, die historische Wasserm\u00fchle im nahe gelegenen Dorf Talanta zu besuchen, eine von nur noch 11 in der Region. Dieser bemerkenswerte Ort bietet einen Einblick in die traditionelle Handwerkskunst und erm\u00f6glicht es den Besuchern, sich mit der Geschichte und dem Geist der Region zu verbinden.<\/p>\n\n\n\n<p>Auch die beeindruckende Kastania-H\u00f6hle ist ein unvergessliches Erlebnis f\u00fcr Naturliebhaber und zeigt die geologischen Wunder der Region. Durch die F\u00f6rderung dieser Ziele tragen wir dazu bei, den lokalen Tourismus zu unterst\u00fctzen und die Sch\u00e4tze von Monemvasia f\u00fcr k\u00fcnftige Generationen zu bewahren.<\/p>\n","protected":false},"excerpt":{"rendered":"<p>Gemeinsam st\u00e4rkere Gemeinschaften aufbauen Bei Kinsterna erstreckt sich unser Engagement f\u00fcr Nachhaltigkeit nicht nur auf die Umwelt, sondern auch auf das Herz unserer lokalen Gemeinschaft. Durch die F\u00f6rderung sinnvoller Partnerschaften und die Einf\u00fchrung nachhaltiger Praktiken stellen wir sicher, dass unser Erfolg mit den Menschen und Orten geteilt wird, die unser Weingut so besonders machen. \u00dcber<\/p>\n","protected":false},"author":326,"featured_media":12807,"parent":12863,"menu_order":0,"comment_status":"closed","ping_status":"closed","template":"","meta":{"_acf_changed":false,"footnotes":""},"class_list":["post-12888","page","type-page","status-publish","has-post-thumbnail","hentry"],"acf":[],"yoast_head":"<!-- This site is optimized with the Yoast SEO plugin v27.3 - https:\/\/yoast.com\/product\/yoast-seo-wordpress\/ -->\n<title>Gemeinsam st\u00e4rkere Gemeinschaften aufbauen - Kinsterna Hotel<\/title>\n<meta name=\"robots\" content=\"index, follow, max-snippet:-1, max-image-preview:large, max-video-preview:-1\" \/>\n<link rel=\"canonical\" href=\"https:\/\/www.kinsternahotel.gr\/de\/estate\/sustainability\/community-engagement\/\" \/>\n<meta property=\"og:locale\" content=\"de_DE\" \/>\n<meta property=\"og:type\" content=\"article\" \/>\n<meta property=\"og:title\" content=\"Gemeinsam st\u00e4rkere Gemeinschaften aufbauen - Kinsterna Hotel\" \/>\n<meta property=\"og:description\" content=\"Gemeinsam st\u00e4rkere Gemeinschaften aufbauen Bei Kinsterna erstreckt sich unser Engagement f\u00fcr Nachhaltigkeit nicht nur auf die Umwelt, sondern auch auf das Herz unserer lokalen Gemeinschaft. Durch die F\u00f6rderung sinnvoller Partnerschaften und die Einf\u00fchrung nachhaltiger Praktiken stellen wir sicher, dass unser Erfolg mit den Menschen und Orten geteilt wird, die unser Weingut so besonders machen. \u00dcber\" \/>\n<meta property=\"og:url\" content=\"https:\/\/www.kinsternahotel.gr\/de\/estate\/sustainability\/community-engagement\/\" \/>\n<meta property=\"og:site_name\" content=\"Kinsterna Hotel\" \/>\n<meta property=\"article:modified_time\" content=\"2025-01-20T13:59:21+00:00\" \/>\n<meta property=\"og:image\" content=\"https:\/\/www.kinsternahotel.gr\/app\/uploads\/sites\/101\/2024\/12\/AK7B5688.jpg\" \/>\n\t<meta property=\"og:image:width\" content=\"1920\" \/>\n\t<meta property=\"og:image:height\" content=\"1280\" \/>\n\t<meta property=\"og:image:type\" content=\"image\/jpeg\" \/>\n<meta name=\"twitter:card\" content=\"summary_large_image\" \/>\n<meta name=\"twitter:label1\" content=\"Gesch\u00e4tzte Lesezeit\" \/>\n\t<meta name=\"twitter:data1\" content=\"1\u00a0Minute\" \/>\n<script type=\"application\/ld+json\" class=\"yoast-schema-graph\">{\"@context\":\"https:\\\/\\\/schema.org\",\"@graph\":[{\"@type\":\"WebPage\",\"@id\":\"https:\\\/\\\/www.kinsternahotel.gr\\\/de\\\/estate\\\/sustainability\\\/community-engagement\\\/\",\"url\":\"https:\\\/\\\/www.kinsternahotel.gr\\\/de\\\/estate\\\/sustainability\\\/community-engagement\\\/\",\"name\":\"Gemeinsam st\u00e4rkere Gemeinschaften aufbauen - Kinsterna Hotel\",\"isPartOf\":{\"@id\":\"https:\\\/\\\/www.kinsternahotel.gr\\\/de\\\/#website\"},\"primaryImageOfPage\":{\"@id\":\"https:\\\/\\\/www.kinsternahotel.gr\\\/de\\\/estate\\\/sustainability\\\/community-engagement\\\/#primaryimage\"},\"image\":{\"@id\":\"https:\\\/\\\/www.kinsternahotel.gr\\\/de\\\/estate\\\/sustainability\\\/community-engagement\\\/#primaryimage\"},\"thumbnailUrl\":\"https:\\\/\\\/www.kinsternahotel.gr\\\/app\\\/uploads\\\/sites\\\/101\\\/2024\\\/12\\\/AK7B5688.jpg\",\"datePublished\":\"2024-12-16T09:02:26+00:00\",\"dateModified\":\"2025-01-20T13:59:21+00:00\",\"breadcrumb\":{\"@id\":\"https:\\\/\\\/www.kinsternahotel.gr\\\/de\\\/estate\\\/sustainability\\\/community-engagement\\\/#breadcrumb\"},\"inLanguage\":\"de\",\"potentialAction\":[{\"@type\":\"ReadAction\",\"target\":[\"https:\\\/\\\/www.kinsternahotel.gr\\\/de\\\/estate\\\/sustainability\\\/community-engagement\\\/\"]}]},{\"@type\":\"ImageObject\",\"inLanguage\":\"de\",\"@id\":\"https:\\\/\\\/www.kinsternahotel.gr\\\/de\\\/estate\\\/sustainability\\\/community-engagement\\\/#primaryimage\",\"url\":\"https:\\\/\\\/www.kinsternahotel.gr\\\/app\\\/uploads\\\/sites\\\/101\\\/2024\\\/12\\\/AK7B5688.jpg\",\"contentUrl\":\"https:\\\/\\\/www.kinsternahotel.gr\\\/app\\\/uploads\\\/sites\\\/101\\\/2024\\\/12\\\/AK7B5688.jpg\",\"width\":1920,\"height\":1280},{\"@type\":\"BreadcrumbList\",\"@id\":\"https:\\\/\\\/www.kinsternahotel.gr\\\/de\\\/estate\\\/sustainability\\\/community-engagement\\\/#breadcrumb\",\"itemListElement\":[{\"@type\":\"ListItem\",\"position\":1,\"name\":\"Home\",\"item\":\"https:\\\/\\\/www.kinsternahotel.gr\\\/de\\\/\"},{\"@type\":\"ListItem\",\"position\":2,\"name\":\"Nachlass\",\"item\":\"https:\\\/\\\/www.kinsternahotel.gr\\\/de\\\/estate\\\/\"},{\"@type\":\"ListItem\",\"position\":3,\"name\":\"Nachhaltigkeit\",\"item\":\"https:\\\/\\\/www.kinsternahotel.gr\\\/de\\\/estate\\\/sustainability\\\/\"},{\"@type\":\"ListItem\",\"position\":4,\"name\":\"Gemeinsam st\u00e4rkere Gemeinschaften aufbauen\"}]},{\"@type\":\"WebSite\",\"@id\":\"https:\\\/\\\/www.kinsternahotel.gr\\\/de\\\/#website\",\"url\":\"https:\\\/\\\/www.kinsternahotel.gr\\\/de\\\/\",\"name\":\"Kinsterna Hotel\",\"description\":\"Kinsterna Hotel, a luxury 5 star hotel located in Monemvasia Greece, the legendary medieval castle city of Peloponnese.\",\"potentialAction\":[{\"@type\":\"SearchAction\",\"target\":{\"@type\":\"EntryPoint\",\"urlTemplate\":\"https:\\\/\\\/www.kinsternahotel.gr\\\/de\\\/?s={search_term_string}\"},\"query-input\":{\"@type\":\"PropertyValueSpecification\",\"valueRequired\":true,\"valueName\":\"search_term_string\"}}],\"inLanguage\":\"de\"}]}<\/script>\n<!-- \/ Yoast SEO plugin. -->","yoast_head_json":{"title":"Gemeinsam st\u00e4rkere Gemeinschaften aufbauen - Kinsterna Hotel","robots":{"index":"index","follow":"follow","max-snippet":"max-snippet:-1","max-image-preview":"max-image-preview:large","max-video-preview":"max-video-preview:-1"},"canonical":"https:\/\/www.kinsternahotel.gr\/de\/estate\/sustainability\/community-engagement\/","og_locale":"de_DE","og_type":"article","og_title":"Gemeinsam st\u00e4rkere Gemeinschaften aufbauen - Kinsterna Hotel","og_description":"Gemeinsam st\u00e4rkere Gemeinschaften aufbauen Bei Kinsterna erstreckt sich unser Engagement f\u00fcr Nachhaltigkeit nicht nur auf die Umwelt, sondern auch auf das Herz unserer lokalen Gemeinschaft. Durch die F\u00f6rderung sinnvoller Partnerschaften und die Einf\u00fchrung nachhaltiger Praktiken stellen wir sicher, dass unser Erfolg mit den Menschen und Orten geteilt wird, die unser Weingut so besonders machen. \u00dcber","og_url":"https:\/\/www.kinsternahotel.gr\/de\/estate\/sustainability\/community-engagement\/","og_site_name":"Kinsterna Hotel","article_modified_time":"2025-01-20T13:59:21+00:00","og_image":[{"width":1920,"height":1280,"url":"https:\/\/www.kinsternahotel.gr\/app\/uploads\/sites\/101\/2024\/12\/AK7B5688.jpg","type":"image\/jpeg"}],"twitter_card":"summary_large_image","twitter_misc":{"Gesch\u00e4tzte Lesezeit":"1\u00a0Minute"},"schema":{"@context":"https:\/\/schema.org","@graph":[{"@type":"WebPage","@id":"https:\/\/www.kinsternahotel.gr\/de\/estate\/sustainability\/community-engagement\/","url":"https:\/\/www.kinsternahotel.gr\/de\/estate\/sustainability\/community-engagement\/","name":"Gemeinsam st\u00e4rkere Gemeinschaften aufbauen - Kinsterna Hotel","isPartOf":{"@id":"https:\/\/www.kinsternahotel.gr\/de\/#website"},"primaryImageOfPage":{"@id":"https:\/\/www.kinsternahotel.gr\/de\/estate\/sustainability\/community-engagement\/#primaryimage"},"image":{"@id":"https:\/\/www.kinsternahotel.gr\/de\/estate\/sustainability\/community-engagement\/#primaryimage"},"thumbnailUrl":"https:\/\/www.kinsternahotel.gr\/app\/uploads\/sites\/101\/2024\/12\/AK7B5688.jpg","datePublished":"2024-12-16T09:02:26+00:00","dateModified":"2025-01-20T13:59:21+00:00","breadcrumb":{"@id":"https:\/\/www.kinsternahotel.gr\/de\/estate\/sustainability\/community-engagement\/#breadcrumb"},"inLanguage":"de","potentialAction":[{"@type":"ReadAction","target":["https:\/\/www.kinsternahotel.gr\/de\/estate\/sustainability\/community-engagement\/"]}]},{"@type":"ImageObject","inLanguage":"de","@id":"https:\/\/www.kinsternahotel.gr\/de\/estate\/sustainability\/community-engagement\/#primaryimage","url":"https:\/\/www.kinsternahotel.gr\/app\/uploads\/sites\/101\/2024\/12\/AK7B5688.jpg","contentUrl":"https:\/\/www.kinsternahotel.gr\/app\/uploads\/sites\/101\/2024\/12\/AK7B5688.jpg","width":1920,"height":1280},{"@type":"BreadcrumbList","@id":"https:\/\/www.kinsternahotel.gr\/de\/estate\/sustainability\/community-engagement\/#breadcrumb","itemListElement":[{"@type":"ListItem","position":1,"name":"Home","item":"https:\/\/www.kinsternahotel.gr\/de\/"},{"@type":"ListItem","position":2,"name":"Nachlass","item":"https:\/\/www.kinsternahotel.gr\/de\/estate\/"},{"@type":"ListItem","position":3,"name":"Nachhaltigkeit","item":"https:\/\/www.kinsternahotel.gr\/de\/estate\/sustainability\/"},{"@type":"ListItem","position":4,"name":"Gemeinsam st\u00e4rkere Gemeinschaften aufbauen"}]},{"@type":"WebSite","@id":"https:\/\/www.kinsternahotel.gr\/de\/#website","url":"https:\/\/www.kinsternahotel.gr\/de\/","name":"Kinsterna Hotel","description":"Kinsterna Hotel, a luxury 5 star hotel located in Monemvasia Greece, the legendary medieval castle city of Peloponnese.","potentialAction":[{"@type":"SearchAction","target":{"@type":"EntryPoint","urlTemplate":"https:\/\/www.kinsternahotel.gr\/de\/?s={search_term_string}"},"query-input":{"@type":"PropertyValueSpecification","valueRequired":true,"valueName":"search_term_string"}}],"inLanguage":"de"}]}},"_links":{"self":[{"href":"https:\/\/www.kinsternahotel.gr\/de\/wp-json\/wp\/v2\/pages\/12888","targetHints":{"allow":["GET"]}}],"collection":[{"href":"https:\/\/www.kinsternahotel.gr\/de\/wp-json\/wp\/v2\/pages"}],"about":[{"href":"https:\/\/www.kinsternahotel.gr\/de\/wp-json\/wp\/v2\/types\/page"}],"author":[{"embeddable":true,"href":"https:\/\/www.kinsternahotel.gr\/de\/wp-json\/wp\/v2\/users\/326"}],"replies":[{"embeddable":true,"href":"https:\/\/www.kinsternahotel.gr\/de\/wp-json\/wp\/v2\/comments?post=12888"}],"version-history":[{"count":2,"href":"https:\/\/www.kinsternahotel.gr\/de\/wp-json\/wp\/v2\/pages\/12888\/revisions"}],"predecessor-version":[{"id":12893,"href":"https:\/\/www.kinsternahotel.gr\/de\/wp-json\/wp\/v2\/pages\/12888\/revisions\/12893"}],"up":[{"embeddable":true,"href":"https:\/\/www.kinsternahotel.gr\/de\/wp-json\/wp\/v2\/pages\/12863"}],"wp:featuredmedia":[{"embeddable":true,"href":"https:\/\/www.kinsternahotel.gr\/de\/wp-json\/wp\/v2\/media\/12807"}],"wp:attachment":[{"href":"https:\/\/www.kinsternahotel.gr\/de\/wp-json\/wp\/v2\/media?parent=12888"}],"curies":[{"name":"wp","href":"https:\/\/api.w.org\/{rel}","templated":true}]}}