{"id":12872,"date":"2024-12-16T11:02:33","date_gmt":"2024-12-16T09:02:33","guid":{"rendered":"https:\/\/www.kinsternahotel.gr\/?page_id=12872"},"modified":"2025-01-20T15:54:42","modified_gmt":"2025-01-20T13:54:42","slug":"biodiversity","status":"publish","type":"page","link":"https:\/\/www.kinsternahotel.gr\/de\/estate\/sustainability\/biodiversity\/","title":{"rendered":"Biologische Vielfalt"},"content":{"rendered":"\n<h2 class=\"wp-block-heading has-text-align-center\">Biologische Vielfalt<\/h2>\n\n\n\n<p><br>Das gr\u00fcne, 25 Hektar gro\u00dfe Anwesen von Kinsterna liegt im Herzen von Monemvasia und ist ein lebendiges Refugium f\u00fcr \u00fcber 250 einheimische Pflanzenarten, darunter auch seltene und endemische Arten. Dieses \u00fcppige Gebiet mit Olivenhainen, Weinbergen und Orangenplantagen steht f\u00fcr die unvergleichliche Artenvielfalt der Region, die von der Journalistin Lina Giannakou in Kathimerini als \u201eEldorado der Natur\u201c bezeichnet wurde.<\/p>\n\n\n\n<p>Unser Engagement f\u00fcr die Artenvielfalt zeigt sich in jeder Facette unseres Weinguts. Kinsterna beherbergt bl\u00fchende Bienenst\u00f6cke, die frischen Honig produzieren, und einen Bauernhof, auf dem die G\u00e4ste Pferde, Esel, Schafe, Ziegen und H\u00fchner treffen k\u00f6nnen, die t\u00e4glich frische Eier liefern. Dieser \u201eFarm-to-Table\u201c-Ansatz erstreckt sich auch auf unsere \u00fcppigen Obstg\u00e4rten, wo G\u00e4ste, die sich am Pool entspannen, frisch gepfl\u00fcckte Fr\u00fcchte wie exotische Kumquats, Guaven oder sogar Bananen genie\u00dfen k\u00f6nnen &#8211; ein wunderbares Zeugnis unseres Engagements f\u00fcr nachhaltigen Anbau.<\/p>\n\n\n\n<p>Kinsterna arbeitet eng mit der Gemeinde Monemvasia zusammen, um die nat\u00fcrliche Sch\u00f6nheit der Region durch Initiativen wie das Studium und die Beschilderung alter Pfade zu bewahren. Die Restaurierung und Markierung dieser alten Pfade erm\u00f6glicht es den G\u00e4sten, die \u00fcppigen Landschaften von Monemvasia zu erkunden und gleichzeitig das kulturelle und \u00f6kologische Erbe zu sch\u00fctzen. Eines der angebotenen Erlebnisse ist eine gef\u00fchrte Wanderung entlang dieser Pfade, die mit einem Halt im Dorf Koulentia endet. Hier k\u00f6nnen die Besucher einen Kaffee im alten Herrenhaus der Besitzer von Kinsterna genie\u00dfen, was der Reise einen historischen und lokalen Charme verleiht.<\/p>\n\n\n\n<p>Biologische Anbaumethoden und ein sorgf\u00e4ltiger Umgang mit dem Land bestimmen die Arbeit von Kinsterna. Von den frischen Produkten, die in unserer K\u00fcche serviert werden, bis hin zu unseren preisgekr\u00f6nten Weinen und Oliven\u00f6len, spiegelt jedes Produkt die Harmonie zwischen Luxus und Verantwortung wider. \u00dcber unser Anwesen hinaus f\u00f6rdern wir aktiv die regionale Artenvielfalt, indem wir zur Erkundung nahe gelegener Sehensw\u00fcrdigkeiten wie der Kastania-H\u00f6hle und den Feuchtgebieten von Laconia anregen, die reich an einzigartiger Flora und Fauna sind.<\/p>\n\n\n\n<p>Kinsterna ist ein Leuchtturm f\u00fcr biologische Vielfalt und nachhaltigen Tourismus, der sicherstellt, dass das \u201eEldorado der Natur\u201c auch f\u00fcr kommende Generationen gedeiht. Wir laden unsere G\u00e4ste ein, diese Verbindung mit der Natur aufzunehmen und nicht nur Fu\u00dfabdr\u00fccke zu hinterlassen, sondern einen dauerhaften Beitrag zum Erhalt dieses au\u00dfergew\u00f6hnlichen \u00d6kosystems zu leisten.<\/p>\n","protected":false},"excerpt":{"rendered":"<p>Biologische Vielfalt Das gr\u00fcne, 25 Hektar gro\u00dfe Anwesen von Kinsterna liegt im Herzen von Monemvasia und ist ein lebendiges Refugium f\u00fcr \u00fcber 250 einheimische Pflanzenarten, darunter auch seltene und endemische Arten. Dieses \u00fcppige Gebiet mit Olivenhainen, Weinbergen und Orangenplantagen steht f\u00fcr die unvergleichliche Artenvielfalt der Region, die von der Journalistin Lina Giannakou in Kathimerini als<\/p>\n","protected":false},"author":326,"featured_media":12815,"parent":12863,"menu_order":0,"comment_status":"closed","ping_status":"closed","template":"","meta":{"_acf_changed":false,"footnotes":""},"class_list":["post-12872","page","type-page","status-publish","has-post-thumbnail","hentry"],"acf":[],"yoast_head":"<!-- This site is optimized with the Yoast SEO plugin v27.3 - https:\/\/yoast.com\/product\/yoast-seo-wordpress\/ -->\n<title>Biologische Vielfalt - Kinsterna Hotel<\/title>\n<meta name=\"robots\" content=\"index, follow, max-snippet:-1, max-image-preview:large, max-video-preview:-1\" \/>\n<link rel=\"canonical\" href=\"https:\/\/www.kinsternahotel.gr\/de\/estate\/sustainability\/biodiversity\/\" \/>\n<meta property=\"og:locale\" content=\"de_DE\" \/>\n<meta property=\"og:type\" content=\"article\" \/>\n<meta property=\"og:title\" content=\"Biologische Vielfalt - Kinsterna Hotel\" \/>\n<meta property=\"og:description\" content=\"Biologische Vielfalt Das gr\u00fcne, 25 Hektar gro\u00dfe Anwesen von Kinsterna liegt im Herzen von Monemvasia und ist ein lebendiges Refugium f\u00fcr \u00fcber 250 einheimische Pflanzenarten, darunter auch seltene und endemische Arten. Dieses \u00fcppige Gebiet mit Olivenhainen, Weinbergen und Orangenplantagen steht f\u00fcr die unvergleichliche Artenvielfalt der Region, die von der Journalistin Lina Giannakou in Kathimerini als\" \/>\n<meta property=\"og:url\" content=\"https:\/\/www.kinsternahotel.gr\/de\/estate\/sustainability\/biodiversity\/\" \/>\n<meta property=\"og:site_name\" content=\"Kinsterna Hotel\" \/>\n<meta property=\"article:modified_time\" content=\"2025-01-20T13:54:42+00:00\" \/>\n<meta property=\"og:image\" content=\"https:\/\/www.kinsternahotel.gr\/app\/uploads\/sites\/101\/2024\/12\/Hiking-to-the-vineyards.jpg\" \/>\n\t<meta property=\"og:image:width\" content=\"1920\" \/>\n\t<meta property=\"og:image:height\" content=\"1280\" \/>\n\t<meta property=\"og:image:type\" content=\"image\/jpeg\" \/>\n<meta name=\"twitter:card\" content=\"summary_large_image\" \/>\n<meta name=\"twitter:label1\" content=\"Gesch\u00e4tzte Lesezeit\" \/>\n\t<meta name=\"twitter:data1\" content=\"2\u00a0Minuten\" \/>\n<script type=\"application\/ld+json\" class=\"yoast-schema-graph\">{\"@context\":\"https:\\\/\\\/schema.org\",\"@graph\":[{\"@type\":\"WebPage\",\"@id\":\"https:\\\/\\\/www.kinsternahotel.gr\\\/de\\\/estate\\\/sustainability\\\/biodiversity\\\/\",\"url\":\"https:\\\/\\\/www.kinsternahotel.gr\\\/de\\\/estate\\\/sustainability\\\/biodiversity\\\/\",\"name\":\"Biologische Vielfalt - Kinsterna Hotel\",\"isPartOf\":{\"@id\":\"https:\\\/\\\/www.kinsternahotel.gr\\\/de\\\/#website\"},\"primaryImageOfPage\":{\"@id\":\"https:\\\/\\\/www.kinsternahotel.gr\\\/de\\\/estate\\\/sustainability\\\/biodiversity\\\/#primaryimage\"},\"image\":{\"@id\":\"https:\\\/\\\/www.kinsternahotel.gr\\\/de\\\/estate\\\/sustainability\\\/biodiversity\\\/#primaryimage\"},\"thumbnailUrl\":\"https:\\\/\\\/www.kinsternahotel.gr\\\/app\\\/uploads\\\/sites\\\/101\\\/2024\\\/12\\\/Hiking-to-the-vineyards.jpg\",\"datePublished\":\"2024-12-16T09:02:33+00:00\",\"dateModified\":\"2025-01-20T13:54:42+00:00\",\"breadcrumb\":{\"@id\":\"https:\\\/\\\/www.kinsternahotel.gr\\\/de\\\/estate\\\/sustainability\\\/biodiversity\\\/#breadcrumb\"},\"inLanguage\":\"de\",\"potentialAction\":[{\"@type\":\"ReadAction\",\"target\":[\"https:\\\/\\\/www.kinsternahotel.gr\\\/de\\\/estate\\\/sustainability\\\/biodiversity\\\/\"]}]},{\"@type\":\"ImageObject\",\"inLanguage\":\"de\",\"@id\":\"https:\\\/\\\/www.kinsternahotel.gr\\\/de\\\/estate\\\/sustainability\\\/biodiversity\\\/#primaryimage\",\"url\":\"https:\\\/\\\/www.kinsternahotel.gr\\\/app\\\/uploads\\\/sites\\\/101\\\/2024\\\/12\\\/Hiking-to-the-vineyards.jpg\",\"contentUrl\":\"https:\\\/\\\/www.kinsternahotel.gr\\\/app\\\/uploads\\\/sites\\\/101\\\/2024\\\/12\\\/Hiking-to-the-vineyards.jpg\",\"width\":1920,\"height\":1280},{\"@type\":\"BreadcrumbList\",\"@id\":\"https:\\\/\\\/www.kinsternahotel.gr\\\/de\\\/estate\\\/sustainability\\\/biodiversity\\\/#breadcrumb\",\"itemListElement\":[{\"@type\":\"ListItem\",\"position\":1,\"name\":\"Home\",\"item\":\"https:\\\/\\\/www.kinsternahotel.gr\\\/de\\\/\"},{\"@type\":\"ListItem\",\"position\":2,\"name\":\"Nachlass\",\"item\":\"https:\\\/\\\/www.kinsternahotel.gr\\\/de\\\/estate\\\/\"},{\"@type\":\"ListItem\",\"position\":3,\"name\":\"Nachhaltigkeit\",\"item\":\"https:\\\/\\\/www.kinsternahotel.gr\\\/de\\\/estate\\\/sustainability\\\/\"},{\"@type\":\"ListItem\",\"position\":4,\"name\":\"Biologische Vielfalt\"}]},{\"@type\":\"WebSite\",\"@id\":\"https:\\\/\\\/www.kinsternahotel.gr\\\/de\\\/#website\",\"url\":\"https:\\\/\\\/www.kinsternahotel.gr\\\/de\\\/\",\"name\":\"Kinsterna Hotel\",\"description\":\"Kinsterna Hotel, a luxury 5 star hotel located in Monemvasia Greece, the legendary medieval castle city of Peloponnese.\",\"potentialAction\":[{\"@type\":\"SearchAction\",\"target\":{\"@type\":\"EntryPoint\",\"urlTemplate\":\"https:\\\/\\\/www.kinsternahotel.gr\\\/de\\\/?s={search_term_string}\"},\"query-input\":{\"@type\":\"PropertyValueSpecification\",\"valueRequired\":true,\"valueName\":\"search_term_string\"}}],\"inLanguage\":\"de\"}]}<\/script>\n<!-- \/ Yoast SEO plugin. -->","yoast_head_json":{"title":"Biologische Vielfalt - Kinsterna Hotel","robots":{"index":"index","follow":"follow","max-snippet":"max-snippet:-1","max-image-preview":"max-image-preview:large","max-video-preview":"max-video-preview:-1"},"canonical":"https:\/\/www.kinsternahotel.gr\/de\/estate\/sustainability\/biodiversity\/","og_locale":"de_DE","og_type":"article","og_title":"Biologische Vielfalt - Kinsterna Hotel","og_description":"Biologische Vielfalt Das gr\u00fcne, 25 Hektar gro\u00dfe Anwesen von Kinsterna liegt im Herzen von Monemvasia und ist ein lebendiges Refugium f\u00fcr \u00fcber 250 einheimische Pflanzenarten, darunter auch seltene und endemische Arten. Dieses \u00fcppige Gebiet mit Olivenhainen, Weinbergen und Orangenplantagen steht f\u00fcr die unvergleichliche Artenvielfalt der Region, die von der Journalistin Lina Giannakou in Kathimerini als","og_url":"https:\/\/www.kinsternahotel.gr\/de\/estate\/sustainability\/biodiversity\/","og_site_name":"Kinsterna Hotel","article_modified_time":"2025-01-20T13:54:42+00:00","og_image":[{"width":1920,"height":1280,"url":"https:\/\/www.kinsternahotel.gr\/app\/uploads\/sites\/101\/2024\/12\/Hiking-to-the-vineyards.jpg","type":"image\/jpeg"}],"twitter_card":"summary_large_image","twitter_misc":{"Gesch\u00e4tzte Lesezeit":"2\u00a0Minuten"},"schema":{"@context":"https:\/\/schema.org","@graph":[{"@type":"WebPage","@id":"https:\/\/www.kinsternahotel.gr\/de\/estate\/sustainability\/biodiversity\/","url":"https:\/\/www.kinsternahotel.gr\/de\/estate\/sustainability\/biodiversity\/","name":"Biologische Vielfalt - Kinsterna Hotel","isPartOf":{"@id":"https:\/\/www.kinsternahotel.gr\/de\/#website"},"primaryImageOfPage":{"@id":"https:\/\/www.kinsternahotel.gr\/de\/estate\/sustainability\/biodiversity\/#primaryimage"},"image":{"@id":"https:\/\/www.kinsternahotel.gr\/de\/estate\/sustainability\/biodiversity\/#primaryimage"},"thumbnailUrl":"https:\/\/www.kinsternahotel.gr\/app\/uploads\/sites\/101\/2024\/12\/Hiking-to-the-vineyards.jpg","datePublished":"2024-12-16T09:02:33+00:00","dateModified":"2025-01-20T13:54:42+00:00","breadcrumb":{"@id":"https:\/\/www.kinsternahotel.gr\/de\/estate\/sustainability\/biodiversity\/#breadcrumb"},"inLanguage":"de","potentialAction":[{"@type":"ReadAction","target":["https:\/\/www.kinsternahotel.gr\/de\/estate\/sustainability\/biodiversity\/"]}]},{"@type":"ImageObject","inLanguage":"de","@id":"https:\/\/www.kinsternahotel.gr\/de\/estate\/sustainability\/biodiversity\/#primaryimage","url":"https:\/\/www.kinsternahotel.gr\/app\/uploads\/sites\/101\/2024\/12\/Hiking-to-the-vineyards.jpg","contentUrl":"https:\/\/www.kinsternahotel.gr\/app\/uploads\/sites\/101\/2024\/12\/Hiking-to-the-vineyards.jpg","width":1920,"height":1280},{"@type":"BreadcrumbList","@id":"https:\/\/www.kinsternahotel.gr\/de\/estate\/sustainability\/biodiversity\/#breadcrumb","itemListElement":[{"@type":"ListItem","position":1,"name":"Home","item":"https:\/\/www.kinsternahotel.gr\/de\/"},{"@type":"ListItem","position":2,"name":"Nachlass","item":"https:\/\/www.kinsternahotel.gr\/de\/estate\/"},{"@type":"ListItem","position":3,"name":"Nachhaltigkeit","item":"https:\/\/www.kinsternahotel.gr\/de\/estate\/sustainability\/"},{"@type":"ListItem","position":4,"name":"Biologische Vielfalt"}]},{"@type":"WebSite","@id":"https:\/\/www.kinsternahotel.gr\/de\/#website","url":"https:\/\/www.kinsternahotel.gr\/de\/","name":"Kinsterna Hotel","description":"Kinsterna Hotel, a luxury 5 star hotel located in Monemvasia Greece, the legendary medieval castle city of Peloponnese.","potentialAction":[{"@type":"SearchAction","target":{"@type":"EntryPoint","urlTemplate":"https:\/\/www.kinsternahotel.gr\/de\/?s={search_term_string}"},"query-input":{"@type":"PropertyValueSpecification","valueRequired":true,"valueName":"search_term_string"}}],"inLanguage":"de"}]}},"_links":{"self":[{"href":"https:\/\/www.kinsternahotel.gr\/de\/wp-json\/wp\/v2\/pages\/12872","targetHints":{"allow":["GET"]}}],"collection":[{"href":"https:\/\/www.kinsternahotel.gr\/de\/wp-json\/wp\/v2\/pages"}],"about":[{"href":"https:\/\/www.kinsternahotel.gr\/de\/wp-json\/wp\/v2\/types\/page"}],"author":[{"embeddable":true,"href":"https:\/\/www.kinsternahotel.gr\/de\/wp-json\/wp\/v2\/users\/326"}],"replies":[{"embeddable":true,"href":"https:\/\/www.kinsternahotel.gr\/de\/wp-json\/wp\/v2\/comments?post=12872"}],"version-history":[{"count":5,"href":"https:\/\/www.kinsternahotel.gr\/de\/wp-json\/wp\/v2\/pages\/12872\/revisions"}],"predecessor-version":[{"id":12884,"href":"https:\/\/www.kinsternahotel.gr\/de\/wp-json\/wp\/v2\/pages\/12872\/revisions\/12884"}],"up":[{"embeddable":true,"href":"https:\/\/www.kinsternahotel.gr\/de\/wp-json\/wp\/v2\/pages\/12863"}],"wp:featuredmedia":[{"embeddable":true,"href":"https:\/\/www.kinsternahotel.gr\/de\/wp-json\/wp\/v2\/media\/12815"}],"wp:attachment":[{"href":"https:\/\/www.kinsternahotel.gr\/de\/wp-json\/wp\/v2\/media?parent=12872"}],"curies":[{"name":"wp","href":"https:\/\/api.w.org\/{rel}","templated":true}]}}